{"id":3719,"date":"2020-11-16T07:23:10","date_gmt":"2020-11-16T05:23:10","guid":{"rendered":"https:\/\/cierreshogar.com\/cerramientos\/u-profile\/"},"modified":"2021-09-02T15:31:33","modified_gmt":"2021-09-02T13:31:33","slug":"u-profile","status":"publish","type":"product","link":"https:\/\/cierreshogar.com\/en\/cerramientos\/u-profile\/","title":{"rendered":"&#8220;U&#8221; PROFILE"},"content":{"rendered":"<p><strong>U-shaped metal profile<\/strong>, with countless applications in all sectors: construction, agriculture, transport, furniture, car bodies, construction of metal structures in general.<\/p>\n<p>Cierres Hogar manufactures a wide range of U profile in <strong>galvanised, cold rolled and hot rolled steel<\/strong>, between 1.5 and 4 mm thick.<\/p>\n<p>Among its many uses, the U-20x40x20 mm is used as a frame, subframe or finish for Aluacero Panels and for this reason it is also manufactured in 2 mm aluminum.<\/p>\n","protected":false},"excerpt":{"rendered":"\n<table id=\"tablepress-132\" class=\"tablepress tablepress-id-132\">\n<thead>\n<tr class=\"row-1\">\n\t<th class=\"column-1\">AxBxC - e (mm)<\/th><th class=\"column-2\">H (mm)<\/th><th class=\"column-3\">Poids (Kg\/m)<\/th><th class=\"column-4\">Finitions<\/th>\n<\/tr>\n<\/thead>\n<tbody class=\"row-striping row-hover\">\n<tr class=\"row-2\">\n\t<td class=\"column-1\">3x11x45x11x3 - 1,5<\/td><td class=\"column-2\">64<\/td><td class=\"column-3\">0,895<\/td><td class=\"column-4\">Acier galvanis\u00e9 et brut (d\u00e9cap\u00e9)<\/td>\n<\/tr>\n<tr class=\"row-3\">\n\t<td class=\"column-1\">11x24x63x24x11 - 2<\/td><td class=\"column-2\">106<\/td><td class=\"column-3\">2,000<\/td><td class=\"column-4\">Acier galvanis\u00e9 et brut (d\u00e9cap\u00e9)<\/td>\n<\/tr>\n<tr class=\"row-4\">\n\t<td class=\"column-1\">11x24x77x24x11 - 2<\/td><td class=\"column-2\">120<\/td><td class=\"column-3\">2,245<\/td><td class=\"column-4\">Acier galvanis\u00e9 et brut (d\u00e9cap\u00e9)<\/td>\n<\/tr>\n<tr class=\"row-5\">\n\t<td class=\"column-1\">11x24x98x24x11 - 2<\/td><td class=\"column-2\">140<\/td><td class=\"column-3\">2,575<\/td><td class=\"column-4\">Acier galvanis\u00e9 et brut (d\u00e9cap\u00e9)<\/td>\n<\/tr>\n<\/tbody>\n<\/table>\n<!-- #tablepress-132 from cache -->\n","protected":false},"featured_media":3721,"template":"","meta":{"_et_pb_use_builder":"off","_et_pb_old_content":"Small cover plate for manufacturing doors, enclosures and exterior and interior cladding.","_et_gb_content_width":""},"product_brand":[],"product_cat":[77],"product_tag":[],"class_list":{"0":"post-3719","1":"product","2":"type-product","3":"status-publish","4":"has-post-thumbnail","6":"product_cat-steel-profiles","8":"first","9":"instock","10":"shipping-taxable","11":"product-type-simple"},"_links":{"self":[{"href":"https:\/\/cierreshogar.com\/en\/wp-json\/wp\/v2\/product\/3719","targetHints":{"allow":["GET"]}}],"collection":[{"href":"https:\/\/cierreshogar.com\/en\/wp-json\/wp\/v2\/product"}],"about":[{"href":"https:\/\/cierreshogar.com\/en\/wp-json\/wp\/v2\/types\/product"}],"wp:featuredmedia":[{"embeddable":true,"href":"https:\/\/cierreshogar.com\/en\/wp-json\/wp\/v2\/media\/3721"}],"wp:attachment":[{"href":"https:\/\/cierreshogar.com\/en\/wp-json\/wp\/v2\/media?parent=3719"}],"wp:term":[{"taxonomy":"product_brand","embeddable":true,"href":"https:\/\/cierreshogar.com\/en\/wp-json\/wp\/v2\/product_brand?post=3719"},{"taxonomy":"product_cat","embeddable":true,"href":"https:\/\/cierreshogar.com\/en\/wp-json\/wp\/v2\/product_cat?post=3719"},{"taxonomy":"product_tag","embeddable":true,"href":"https:\/\/cierreshogar.com\/en\/wp-json\/wp\/v2\/product_tag?post=3719"}],"curies":[{"name":"wp","href":"https:\/\/api.w.org\/{rel}","templated":true}]}}