{"id":3907,"date":"2021-06-06T18:02:26","date_gmt":"2021-06-06T16:02:26","guid":{"rendered":"https:\/\/cierreshogar.com\/politique-en-matiere-de-cookies\/"},"modified":"2021-06-06T18:03:06","modified_gmt":"2021-06-06T16:03:06","slug":"politique-en-matiere-de-cookies","status":"publish","type":"page","link":"https:\/\/cierreshogar.com\/fr\/politique-en-matiere-de-cookies\/","title":{"rendered":"Politique en mati\u00e8re de cookies"},"content":{"rendered":"<p>[et_pb_section fb_built=\u00a0\u00bb1&Prime; _builder_version=\u00a0\u00bb3.22&Prime;][et_pb_row _builder_version=\u00a0\u00bb3.25&Prime; background_size=\u00a0\u00bbinitial\u00a0\u00bb background_position=\u00a0\u00bbtop_left\u00a0\u00bb background_repeat=\u00a0\u00bbrepeat\u00a0\u00bb][et_pb_column type=\u00a0\u00bb4_4&Prime; _builder_version=\u00a0\u00bb3.25&Prime; custom_padding=\u00a0\u00bb|||\u00a0\u00bb custom_padding__hover=\u00a0\u00bb|||\u00a0\u00bb][et_pb_text _builder_version=\u00a0\u00bb4.9.4&Prime; background_size=\u00a0\u00bbinitial\u00a0\u00bb background_position=\u00a0\u00bbtop_left\u00a0\u00bb background_repeat=\u00a0\u00bbrepeat\u00a0\u00bb hover_enabled=\u00a0\u00bb0&Prime; sticky_enabled=\u00a0\u00bb0&Prime;]<\/p>\n<div class=\"bl_izq t100 mart05\">\n<div class=\" ff_pt_sans fs_08 colgen\">\n<h1>Politique en mati\u00e8re de cookies<\/h1>\n<p class=\"txa_l heditor_first\">Ce site web utilise les cookies de tiers et les analytiques strictement n\u00e9cessaires pour optimiser la navigation et am\u00e9liorer l&rsquo;exp\u00e9rience de l&rsquo;utilisateur.<\/p>\n<p>Par le simple fait de surfer (avec le navigateur habilit\u00e9 pour accepter des cookies), l&rsquo;utilisateur accepte l&rsquo;installation de cookies, sauf s&rsquo;il s&rsquo;y oppose, comme elle est d\u00e9taill\u00e9e dans cette politique en mati\u00e8re de cookies.<\/p>\n<p>Si vous souhaitez obtenir plus de renseignements sur les cookies que nous utilisons sur le site web, vous pourrez envoyer un e-mail \u00e0 l&rsquo;adresse suivante : <span class=\"antispam\"><a href=\"mailto:administracion@cierreshogar.com\">administracion@cierreshogar.com<\/a><\/span><\/p>\n<p><strong>Qu&rsquo;est-ce qu&rsquo;un cookie ?<\/strong><\/p>\n<p>Un \u00ab cookie \u00bb est un petit fichier de texte qu&rsquo;un site web stocke dans le navigateur de l&rsquo;utilisateur. Les cookies facilitent l&rsquo;utilisation du site web et la navigation sur celui-ci. Ils sont essentiels pour le fonctionnement d&rsquo;internet, car ils apportent de nombreux avantages \u00e0 la fourniture de services interactifs.<\/p>\n<p>Les cookies sont utilis\u00e9s, par exemple, pour g\u00e9rer la session de l&rsquo;utilisateur (en r\u00e9duisant le nombre de fois qu&rsquo;il doit introduire son mot de passe), am\u00e9liorer les services propos\u00e9s, ou adapter les contenus d&rsquo;une page web \u00e0 ses pr\u00e9f\u00e9rences.<\/p>\n<p>Il existe diff\u00e9rents types de cookies :<\/p>\n<p>\u2022\u00a0<strong>Cookies de s\u00e9ance <\/strong>: ils s&rsquo;effaceront une fois que l&rsquo;utilisateur sortira de la page web qui les a g\u00e9n\u00e9r\u00e9s.<\/p>\n<p>\u2022<strong> Cookies persistants <\/strong>: qui restent dans son ordinateur jusqu&rsquo;\u00e0 une date d\u00e9termin\u00e9e.<\/p>\n<\/div>\n<\/div>\n<div class=\"bl_izq t100 mart05\">\n<div class=\" ff_pt_sans fs_08 colgen\">\n<p class=\"heditor_first\"><span class=\"txa_u\"><strong>Liste de cookies utilis\u00e9s sur notre site<\/strong><\/span><span class=\"txa_u\"><strong> web<\/strong><\/span><\/p>\n<p>\u2022<strong> Cookies de tiers <\/strong>: comme par exemple ceux utilis\u00e9s pour l&rsquo;acceptation de notre politique en mati\u00e8re de cookies. En cliquant sur le bouton \u00ab\u00a0 Accepter \u00bb, ceux-ci feront que le tableau d&rsquo;avertissement ne s&rsquo;affiche pas \u00e0 l&rsquo;\u00e9cran chaque fois que vous entrez dans notre site web.<\/p>\n<p>\u2022\u00a0<strong>Cookies analytiques <\/strong>: ces cookies sont utilis\u00e9s pour collecter des donn\u00e9es statitstiques de l&rsquo;activit\u00e9 sur le site web par Google Analytics dans le but de garantir le meilleur service possible \u00e0 l&rsquo;utilisateur.<\/p>\n<p>Si vous souhaitez obtenir plus de renseignements sur le type de cookies utilis\u00e9s par Google et savoir comment il les utilise, vous pouvez visiter le lien suivant :<\/p>\n<p><a href=\"http:\/\/www.google.es\/intl\/es\/policies\/technologies\/cookies\/\" target=\"_blank\" rel=\"noopener\">http:\/\/www.google.es\/intl\/es\/policies\/technologies\/cookies\/<\/a><\/p>\n<p>&nbsp;<\/p>\n<\/div>\n<\/div>\n<div class=\"bl_izq t100 mart05\">\n<div class=\" ff_pt_sans fs_08 colgen\">\n<p class=\"heditor_first\"><span class=\"txa_u\"><strong>Garanties et options sur les cookies<\/strong><\/span><\/p>\n<p>\u00c0 tout moment, et au moins pendant l&rsquo;installation ou la mise \u00e0 jour du navigateur, l&rsquo;utilisateur a la possibilit\u00e9 d&rsquo;accepter ou de refuser l&rsquo;installation de cookies, ou bien de refuser l&rsquo;installation d&rsquo;un type de cookies d\u00e9termin\u00e9, comme les cookies de tiers. Par ailleurs, apr\u00e8s chaque session, il peut \u00e9liminer tous les cookies stock\u00e9s.<\/p>\n<p>De m\u00eame, l&rsquo;utilisateur peut activer :<\/p>\n<p>\u2022\u00a0<strong>La navigation priv\u00e9e <\/strong>: par laquelle son nativateur cesse de garder l&rsquo;historique de navigation, les mots-de-passe de sites web, les cookies et autres informations des pages qu&rsquo;il visite.<\/p>\n<p>\u2022<strong> La fonction de ne pas pister <\/strong>: par laquelle le navigateur demande aux sites web qu&rsquo;il visite que ses habitudes de navigation ne soient pas suivies pour, par exemple, lui servir de la publicit\u00e9 de son int\u00e9r\u00eat sur les sites qu&rsquo;il visite.<\/p>\n<p>Nous vous recommandons de consulter l&rsquo;assistant de votre navigateur pour vous informer des diff\u00e9rentes options sur la mani\u00e8re de g\u00e9rer les cookies.<\/p>\n<p>Vous trouverez ci-apr\u00e8s les liens pour g\u00e9rer des cookies dans les navigateurs les plus importants :<\/p>\n<ul>\n<li><strong>Internet Explorer :<\/strong>\u00a0<a href=\"http:\/\/windows.microsoft.com\/es-ES\/windows-vista\/Block-or-allow-cookies\" target=\"_blank\" rel=\"noopener\">http:\/<\/a><a href=\"https:\/\/support.microsoft.com\/fr-fr\/windows\/supprimer-et-g%C3%A9rer-les-cookies-168dab11-0753-043d-7c16-ede5947fc64d\" target=\"_blank\" rel=\"noopener\">Supprimer et g\u00e9rer les cookies (microsoft.com)<\/a><\/li>\n<li><strong>Firefox : <\/strong><span style=\"color: #35a1cc;\">https:\/\/support.mozilla.org\/fr\/kb\/empecher-sites-enregistrer-preferences<\/span><\/li>\n<li><strong>Safari:<\/strong>\u00a0<a href=\"http:\/\/support.apple.com\/kb\/HT1677?viewlocale=es_ES&amp;locale=es_ES\" target=\"_blank\" rel=\"noopener\">http:\/\/support.apple.com\/kb\/HT1677?viewlocale=fr_FR&amp;locale=fr_FR<\/a><\/li>\n<li><strong>Google Chrome:<\/strong>\u00a0<a href=\"http:\/\/support.google.com\/chrome\/answer\/95647?hl=es\" target=\"_blank\" rel=\"noopener\">http:\/\/support.google.com\/chrome\/answer\/95647?hl=fr<\/a><\/li>\n<\/ul>\n<p>Tenez compte du fait que le blocage de cookies peut modifier toutes ou quelques-unes des fonctionnalit\u00e9s de notre web.<\/p>\n<\/div>\n<p>&nbsp;<\/p>\n<\/div>\n<p><script id=\"CookieDeclaration\" src=\"https:\/\/consent.cookiebot.com\/e040861e-8fd6-41f2-8843-a317fb168b6c\/cd.js\" type=\"text\/javascript\" async><\/script>[\/et_pb_text][\/et_pb_column][\/et_pb_row][\/et_pb_section]<\/p>\n","protected":false},"excerpt":{"rendered":"<p>Politique en mati\u00e8re de cookies Ce site web utilise les cookies de tiers et les analytiques strictement n\u00e9cessaires pour optimiser la navigation et am\u00e9liorer l&rsquo;exp\u00e9rience de l&rsquo;utilisateur. Par le simple fait de surfer (avec le navigateur habilit\u00e9 pour accepter des cookies), l&rsquo;utilisateur accepte l&rsquo;installation de cookies, sauf s&rsquo;il s&rsquo;y oppose, comme elle est d\u00e9taill\u00e9e dans cette politique en mati\u00e8re de cookies. Si vous souhaitez obtenir plus de renseignements sur les cookies que nous utilisons sur le site web, vous pourrez envoyer un e-mail \u00e0 l&rsquo;adresse suivante : administracion@cierreshogar.com Qu&rsquo;est-ce qu&rsquo;un cookie ? Un \u00ab cookie \u00bb est un petit fichier de texte qu&rsquo;un site web stocke dans le navigateur de l&rsquo;utilisateur. Les cookies facilitent l&rsquo;utilisation du site web et la navigation sur celui-ci. Ils sont essentiels pour le fonctionnement d&rsquo;internet, car ils apportent de nombreux avantages \u00e0 la fourniture de services interactifs. Les cookies sont utilis\u00e9s, par exemple, pour g\u00e9rer la session de l&rsquo;utilisateur (en r\u00e9duisant le nombre de fois qu&rsquo;il doit introduire son mot de passe), am\u00e9liorer les services propos\u00e9s, ou adapter les contenus d&rsquo;une page web \u00e0 ses pr\u00e9f\u00e9rences. Il existe diff\u00e9rents types de cookies : \u2022\u00a0Cookies de s\u00e9ance : ils s&rsquo;effaceront une fois que l&rsquo;utilisateur sortira de [&hellip;]<\/p>\n","protected":false},"author":1,"featured_media":0,"parent":0,"menu_order":0,"comment_status":"closed","ping_status":"closed","template":"","meta":{"_et_pb_use_builder":"on","_et_pb_old_content":"","_et_gb_content_width":"","footnotes":""},"class_list":["post-3907","page","type-page","status-publish","hentry"],"_links":{"self":[{"href":"https:\/\/cierreshogar.com\/fr\/wp-json\/wp\/v2\/pages\/3907","targetHints":{"allow":["GET"]}}],"collection":[{"href":"https:\/\/cierreshogar.com\/fr\/wp-json\/wp\/v2\/pages"}],"about":[{"href":"https:\/\/cierreshogar.com\/fr\/wp-json\/wp\/v2\/types\/page"}],"author":[{"embeddable":true,"href":"https:\/\/cierreshogar.com\/fr\/wp-json\/wp\/v2\/users\/1"}],"replies":[{"embeddable":true,"href":"https:\/\/cierreshogar.com\/fr\/wp-json\/wp\/v2\/comments?post=3907"}],"version-history":[{"count":5,"href":"https:\/\/cierreshogar.com\/fr\/wp-json\/wp\/v2\/pages\/3907\/revisions"}],"predecessor-version":[{"id":3912,"href":"https:\/\/cierreshogar.com\/fr\/wp-json\/wp\/v2\/pages\/3907\/revisions\/3912"}],"wp:attachment":[{"href":"https:\/\/cierreshogar.com\/fr\/wp-json\/wp\/v2\/media?parent=3907"}],"curies":[{"name":"wp","href":"https:\/\/api.w.org\/{rel}","templated":true}]}}