{"id":3325,"date":"2020-12-01T17:05:13","date_gmt":"2020-12-01T17:05:13","guid":{"rendered":"https:\/\/cierreshogar.com\/cerramientos\/rail-antibruit\/"},"modified":"2021-07-01T11:17:05","modified_gmt":"2021-07-01T09:17:05","slug":"rail-antibruit","status":"publish","type":"product","link":"https:\/\/cierreshogar.com\/fr\/cerramientos\/rail-antibruit\/","title":{"rendered":"Rail Antibruit"},"content":{"rendered":"<p>Rails con\u00e7us pour <strong>\u00e9viter le bruit caus\u00e9 par les rideaux m\u00e9talliques<\/strong>. Le bourrelet en caoutchouc \u00e9vite le choc entre les lames et les rails, <strong>en r\u00e9duisant le bruit et en prot\u00e9geant contre l&rsquo;entr\u00e9e de poussi\u00e8re.<\/strong><\/p>\n<p>Il s&rsquo;agit, en plus, d&rsquo;un rail avec beaucoup de profondeur, <strong>id\u00e9al pour des rideaux de grande taille.<\/strong><\/p>\n","protected":false},"excerpt":{"rendered":"\n<table id=\"tablepress-47\" class=\"tablepress tablepress-id-47\">\n<thead>\n<tr class=\"row-1\">\n\t<th class=\"column-1\">\u00c9paisseur (mm)<\/th><th class=\"column-2\">Poids (Kg\/m)<\/th><th class=\"column-3\">Finitions<\/th>\n<\/tr>\n<\/thead>\n<tbody class=\"row-striping row-hover\">\n<tr class=\"row-2\">\n\t<td class=\"column-1\">2*<\/td><td class=\"column-2\">3,847<\/td><td class=\"column-3\">Acier galvanis\u00e9<\/td>\n<\/tr>\n<\/tbody>\n<\/table>\n<!-- #tablepress-47 from cache -->\n","protected":false},"featured_media":4186,"template":"","meta":{"_et_pb_use_builder":"off","_et_pb_old_content":"T\u00f4le de couverture r\u00e9duite pour la fabrication de portes, fermetures et rev\u00eatements ext\u00e9rieurs et int\u00e9rieurs.","_et_gb_content_width":""},"product_brand":[],"product_cat":[61],"product_tag":[],"class_list":{"0":"post-3325","1":"product","2":"type-product","3":"status-publish","4":"has-post-thumbnail","6":"product_cat-rideaux-metalliques","8":"first","9":"instock","10":"featured","11":"shipping-taxable","12":"product-type-simple"},"_links":{"self":[{"href":"https:\/\/cierreshogar.com\/fr\/wp-json\/wp\/v2\/product\/3325","targetHints":{"allow":["GET"]}}],"collection":[{"href":"https:\/\/cierreshogar.com\/fr\/wp-json\/wp\/v2\/product"}],"about":[{"href":"https:\/\/cierreshogar.com\/fr\/wp-json\/wp\/v2\/types\/product"}],"wp:featuredmedia":[{"embeddable":true,"href":"https:\/\/cierreshogar.com\/fr\/wp-json\/wp\/v2\/media\/4186"}],"wp:attachment":[{"href":"https:\/\/cierreshogar.com\/fr\/wp-json\/wp\/v2\/media?parent=3325"}],"wp:term":[{"taxonomy":"product_brand","embeddable":true,"href":"https:\/\/cierreshogar.com\/fr\/wp-json\/wp\/v2\/product_brand?post=3325"},{"taxonomy":"product_cat","embeddable":true,"href":"https:\/\/cierreshogar.com\/fr\/wp-json\/wp\/v2\/product_cat?post=3325"},{"taxonomy":"product_tag","embeddable":true,"href":"https:\/\/cierreshogar.com\/fr\/wp-json\/wp\/v2\/product_tag?post=3325"}],"curies":[{"name":"wp","href":"https:\/\/api.w.org\/{rel}","templated":true}]}}