{"id":3329,"date":"2020-12-01T16:03:44","date_gmt":"2020-12-01T14:03:44","guid":{"rendered":"https:\/\/cierreshogar.com\/cerramientos\/rail-anti-vent\/"},"modified":"2021-07-01T11:21:21","modified_gmt":"2021-07-01T09:21:21","slug":"rail-anti-vent","status":"publish","type":"product","link":"https:\/\/cierreshogar.com\/fr\/cerramientos\/rail-anti-vent\/","title":{"rendered":"Rail Anti-vent"},"content":{"rendered":"<p>Double rail <strong>sp\u00e9cialement <\/strong>con\u00e7u pour <strong>offrir de la s\u00e9curit\u00e9<\/strong>.<\/p>\n<p>Les griffes en nylon ou acier pos\u00e9es aux extr\u00e9mites des lames coulissent dans le tube int\u00e9rieur, <strong>en \u00e9vitant que les lames sortent des rails<\/strong> en cas de pression sur le pan de la persienne.<\/p>\n","protected":false},"excerpt":{"rendered":"\n<table id=\"tablepress-46\" class=\"tablepress tablepress-id-46\">\n<thead>\n<tr class=\"row-1\">\n\t<th class=\"column-1\">Espesor (mm)<\/th><th class=\"column-2\">Peso (Kg\/m)<\/th><th class=\"column-3\">Acabado<\/th>\n<\/tr>\n<\/thead>\n<tbody class=\"row-striping row-hover\">\n<tr class=\"row-2\">\n\t<td class=\"column-1\">1,5*<\/td><td class=\"column-2\">3,510<\/td><td class=\"column-3\">Acero Galvanizado<\/td>\n<\/tr>\n<\/tbody>\n<\/table>\n<!-- #tablepress-46 from cache -->\n","protected":false},"featured_media":7712,"template":"","meta":{"_et_pb_use_builder":"off","_et_pb_old_content":"T\u00f4le de couverture r\u00e9duite pour la fabrication de portes, fermetures et rev\u00eatements ext\u00e9rieurs et int\u00e9rieurs.","_et_gb_content_width":""},"product_brand":[],"product_cat":[61],"product_tag":[],"class_list":{"0":"post-3329","1":"product","2":"type-product","3":"status-publish","4":"has-post-thumbnail","6":"product_cat-rideaux-metalliques","8":"first","9":"instock","10":"featured","11":"shipping-taxable","12":"product-type-simple"},"_links":{"self":[{"href":"https:\/\/cierreshogar.com\/fr\/wp-json\/wp\/v2\/product\/3329","targetHints":{"allow":["GET"]}}],"collection":[{"href":"https:\/\/cierreshogar.com\/fr\/wp-json\/wp\/v2\/product"}],"about":[{"href":"https:\/\/cierreshogar.com\/fr\/wp-json\/wp\/v2\/types\/product"}],"wp:featuredmedia":[{"embeddable":true,"href":"https:\/\/cierreshogar.com\/fr\/wp-json\/wp\/v2\/media\/7712"}],"wp:attachment":[{"href":"https:\/\/cierreshogar.com\/fr\/wp-json\/wp\/v2\/media?parent=3329"}],"wp:term":[{"taxonomy":"product_brand","embeddable":true,"href":"https:\/\/cierreshogar.com\/fr\/wp-json\/wp\/v2\/product_brand?post=3329"},{"taxonomy":"product_cat","embeddable":true,"href":"https:\/\/cierreshogar.com\/fr\/wp-json\/wp\/v2\/product_cat?post=3329"},{"taxonomy":"product_tag","embeddable":true,"href":"https:\/\/cierreshogar.com\/fr\/wp-json\/wp\/v2\/product_tag?post=3329"}],"curies":[{"name":"wp","href":"https:\/\/api.w.org\/{rel}","templated":true}]}}