{"id":3365,"date":"2020-12-01T15:10:21","date_gmt":"2020-12-01T15:10:21","guid":{"rendered":"https:\/\/cierreshogar.com\/cerramientos\/rails-queue-d-aronde\/"},"modified":"2021-07-01T11:24:52","modified_gmt":"2021-07-01T09:24:52","slug":"rails-queue-d-aronde","status":"publish","type":"product","link":"https:\/\/cierreshogar.com\/fr\/cerramientos\/rails-queue-d-aronde\/","title":{"rendered":"Rails queue d&rsquo;aronde"},"content":{"rendered":"<p><strong>Rails con\u00e7us pour \u00e9viter le bruit<\/strong> caus\u00e9 par les rideaux m\u00e9talliques.<\/p>\n<p>Le bourrelet en caoutchouc \u00e9vite le choc entre les lames et les rails, <strong>en r\u00e9duisant le bruit et en prot\u00e9geant contre l&rsquo;entr\u00e9e de poussi\u00e8re<\/strong>.<\/p>\n","protected":false},"excerpt":{"rendered":"\n<table id=\"tablepress-45\" class=\"tablepress tablepress-id-45\">\n<thead>\n<tr class=\"row-1\">\n\t<th class=\"column-1\">Medidas (mm)<\/th><th class=\"column-2\">Espesor (mm)<\/th><th class=\"column-3\">Peso (Kg\/m)<\/th><th class=\"column-4\">Acabado<\/th>\n<\/tr>\n<\/thead>\n<tbody class=\"row-striping row-hover\">\n<tr class=\"row-2\">\n\t<td class=\"column-1\">34x52*<\/td><td class=\"column-2\">1,5<\/td><td class=\"column-3\">1,884<\/td><td class=\"column-4\">Acero Galvanizado<\/td>\n<\/tr>\n<tr class=\"row-3\">\n\t<td class=\"column-1\">39x50*<\/td><td class=\"column-2\">1,5<\/td><td class=\"column-3\">1,884<\/td><td class=\"column-4\">Acero Galvanizado<\/td>\n<\/tr>\n<\/tbody>\n<\/table>\n<!-- #tablepress-45 from cache -->\n","protected":false},"featured_media":7779,"template":"","meta":{"_et_pb_use_builder":"off","_et_pb_old_content":"T\u00f4le \u00e0 couverture r\u00e9duite pour la fabrication de portes, fermetures et rev\u00eatements ext\u00e9rieurs et int\u00e9rieurs.","_et_gb_content_width":""},"product_brand":[],"product_cat":[61],"product_tag":[],"class_list":{"0":"post-3365","1":"product","2":"type-product","3":"status-publish","4":"has-post-thumbnail","6":"product_cat-rideaux-metalliques","8":"first","9":"instock","10":"featured","11":"shipping-taxable","12":"product-type-simple"},"_links":{"self":[{"href":"https:\/\/cierreshogar.com\/fr\/wp-json\/wp\/v2\/product\/3365","targetHints":{"allow":["GET"]}}],"collection":[{"href":"https:\/\/cierreshogar.com\/fr\/wp-json\/wp\/v2\/product"}],"about":[{"href":"https:\/\/cierreshogar.com\/fr\/wp-json\/wp\/v2\/types\/product"}],"wp:featuredmedia":[{"embeddable":true,"href":"https:\/\/cierreshogar.com\/fr\/wp-json\/wp\/v2\/media\/7779"}],"wp:attachment":[{"href":"https:\/\/cierreshogar.com\/fr\/wp-json\/wp\/v2\/media?parent=3365"}],"wp:term":[{"taxonomy":"product_brand","embeddable":true,"href":"https:\/\/cierreshogar.com\/fr\/wp-json\/wp\/v2\/product_brand?post=3365"},{"taxonomy":"product_cat","embeddable":true,"href":"https:\/\/cierreshogar.com\/fr\/wp-json\/wp\/v2\/product_cat?post=3365"},{"taxonomy":"product_tag","embeddable":true,"href":"https:\/\/cierreshogar.com\/fr\/wp-json\/wp\/v2\/product_tag?post=3365"}],"curies":[{"name":"wp","href":"https:\/\/api.w.org\/{rel}","templated":true}]}}