{"id":3452,"date":"2020-12-01T14:09:08","date_gmt":"2020-12-01T14:09:08","guid":{"rendered":"https:\/\/cierreshogar.com\/cerramientos\/rails-de-securite-lateraux\/"},"modified":"2021-07-01T11:26:21","modified_gmt":"2021-07-01T09:26:21","slug":"rails-de-securite-lateraux","status":"publish","type":"product","link":"https:\/\/cierreshogar.com\/fr\/cerramientos\/rails-de-securite-lateraux\/","title":{"rendered":"Rails de s\u00e9curit\u00e9 lat\u00e9raux"},"content":{"rendered":"<p>Les rebords int\u00e9rieures du rail fournissent un facteur de s\u00e9curit\u00e9 suppl\u00e9mentaire, car ils retiennent les patins lat\u00e9raux des lames ou tiges.<\/p>\n","protected":false},"excerpt":{"rendered":"\n<table id=\"tablepress-44\" class=\"tablepress tablepress-id-44\">\n<thead>\n<tr class=\"row-1\">\n\t<th class=\"column-1\">Medidas (mm)<\/th><th class=\"column-2\">Espesor (mm)<\/th><th class=\"column-3\">Peso (Kg\/m)<\/th><th class=\"column-4\">Acabado<\/th>\n<\/tr>\n<\/thead>\n<tbody class=\"row-striping row-hover\">\n<tr class=\"row-2\">\n\t<td class=\"column-1\">30x30x13*<\/td><td class=\"column-2\">1,5<\/td><td class=\"column-3\">1,296<\/td><td class=\"column-4\">Acero Galvanizado e<br \/>\nInox AISI-304-BA<\/td>\n<\/tr>\n<tr class=\"row-3\">\n\t<td class=\"column-1\">30x35x17*<\/td><td class=\"column-2\">1,5<\/td><td class=\"column-3\">1,331<\/td><td class=\"column-4\">Acero Galvanizado e<br \/>\nInox AISI-304-BA<\/td>\n<\/tr>\n<tr class=\"row-4\">\n\t<td class=\"column-1\">50x30x13*<\/td><td class=\"column-2\">1,5<\/td><td class=\"column-3\">1,752<\/td><td class=\"column-4\">Acero Galvanizado<\/td>\n<\/tr>\n<\/tbody>\n<\/table>\n<!-- #tablepress-44 from cache -->\n","protected":false},"featured_media":3453,"template":"","meta":{"_et_pb_use_builder":"off","_et_pb_old_content":"T\u00f4le de couverture r\u00e9duite pour la fabrication de portes, fermetures et rev\u00eatements ext\u00e9rieurs et int\u00e9rieurs.","_et_gb_content_width":""},"product_brand":[],"product_cat":[61],"product_tag":[],"class_list":{"0":"post-3452","1":"product","2":"type-product","3":"status-publish","4":"has-post-thumbnail","6":"product_cat-rideaux-metalliques","8":"first","9":"instock","10":"featured","11":"shipping-taxable","12":"product-type-simple"},"_links":{"self":[{"href":"https:\/\/cierreshogar.com\/fr\/wp-json\/wp\/v2\/product\/3452","targetHints":{"allow":["GET"]}}],"collection":[{"href":"https:\/\/cierreshogar.com\/fr\/wp-json\/wp\/v2\/product"}],"about":[{"href":"https:\/\/cierreshogar.com\/fr\/wp-json\/wp\/v2\/types\/product"}],"wp:featuredmedia":[{"embeddable":true,"href":"https:\/\/cierreshogar.com\/fr\/wp-json\/wp\/v2\/media\/3453"}],"wp:attachment":[{"href":"https:\/\/cierreshogar.com\/fr\/wp-json\/wp\/v2\/media?parent=3452"}],"wp:term":[{"taxonomy":"product_brand","embeddable":true,"href":"https:\/\/cierreshogar.com\/fr\/wp-json\/wp\/v2\/product_brand?post=3452"},{"taxonomy":"product_cat","embeddable":true,"href":"https:\/\/cierreshogar.com\/fr\/wp-json\/wp\/v2\/product_cat?post=3452"},{"taxonomy":"product_tag","embeddable":true,"href":"https:\/\/cierreshogar.com\/fr\/wp-json\/wp\/v2\/product_tag?post=3452"}],"curies":[{"name":"wp","href":"https:\/\/api.w.org\/{rel}","templated":true}]}}