{"id":3454,"date":"2020-12-01T13:07:39","date_gmt":"2020-12-01T13:07:39","guid":{"rendered":"https:\/\/cierreshogar.com\/cerramientos\/rails-lateraux-conventionnels\/"},"modified":"2021-07-01T11:29:36","modified_gmt":"2021-07-01T09:29:36","slug":"rails-lateraux-conventionnels","status":"publish","type":"product","link":"https:\/\/cierreshogar.com\/fr\/cerramientos\/rails-lateraux-conventionnels\/","title":{"rendered":"Rails lat\u00e9raux conventionnels"},"content":{"rendered":"<p>Nous proposons plusieurs mesures de <strong>rails conventionnels en acier en U<\/strong> pour tout type de volet roulant.<\/p>\n","protected":false},"excerpt":{"rendered":"\n<table id=\"tablepress-43\" class=\"tablepress tablepress-id-43\">\n<thead>\n<tr class=\"row-1\">\n\t<th class=\"column-1\">Medidas (mm)<\/th><th class=\"column-2\">Espesor (mm)<\/th><th class=\"column-3\">Peso (Kg\/m)<\/th><th class=\"column-4\">Acabado<\/th>\n<\/tr>\n<\/thead>\n<tbody class=\"row-striping row-hover\">\n<tr class=\"row-2\">\n\t<td class=\"column-1\">45x22x45*<\/td><td class=\"column-2\">1,5<\/td><td class=\"column-3\">1,280<\/td><td class=\"column-4\">Acero Galvanizado e Inox AISI-304-BA<\/td>\n<\/tr>\n<tr class=\"row-3\">\n\t<td class=\"column-1\">45x25x45**<\/td><td class=\"column-2\">1,5<\/td><td class=\"column-3\">1,325<\/td><td class=\"column-4\">Acero Galvanizado<\/td>\n<\/tr>\n<tr class=\"row-4\">\n\t<td class=\"column-1\">50x25x50**<\/td><td class=\"column-2\">1,5<\/td><td class=\"column-3\">1,440<\/td><td class=\"column-4\">Acero Galvanizado e Inox AISI-304-BA<\/td>\n<\/tr>\n<tr class=\"row-5\">\n\t<td class=\"column-1\">50x25x50**<\/td><td class=\"column-2\">2,0<\/td><td class=\"column-3\">1,884<\/td><td class=\"column-4\">Acero Galvanizado<\/td>\n<\/tr>\n<\/tbody>\n<\/table>\n<!-- #tablepress-43 from cache -->\n","protected":false},"featured_media":3455,"template":"","meta":{"_et_pb_use_builder":"off","_et_pb_old_content":"T\u00f4le de couverture r\u00e9duite pour la fabrication de portes, fermetures et rev\u00eatements ext\u00e9rieurs et int\u00e9rieurs.","_et_gb_content_width":""},"product_brand":[],"product_cat":[61],"product_tag":[],"class_list":{"0":"post-3454","1":"product","2":"type-product","3":"status-publish","4":"has-post-thumbnail","6":"product_cat-rideaux-metalliques","8":"first","9":"instock","10":"featured","11":"shipping-taxable","12":"product-type-simple"},"_links":{"self":[{"href":"https:\/\/cierreshogar.com\/fr\/wp-json\/wp\/v2\/product\/3454","targetHints":{"allow":["GET"]}}],"collection":[{"href":"https:\/\/cierreshogar.com\/fr\/wp-json\/wp\/v2\/product"}],"about":[{"href":"https:\/\/cierreshogar.com\/fr\/wp-json\/wp\/v2\/types\/product"}],"wp:featuredmedia":[{"embeddable":true,"href":"https:\/\/cierreshogar.com\/fr\/wp-json\/wp\/v2\/media\/3455"}],"wp:attachment":[{"href":"https:\/\/cierreshogar.com\/fr\/wp-json\/wp\/v2\/media?parent=3454"}],"wp:term":[{"taxonomy":"product_brand","embeddable":true,"href":"https:\/\/cierreshogar.com\/fr\/wp-json\/wp\/v2\/product_brand?post=3454"},{"taxonomy":"product_cat","embeddable":true,"href":"https:\/\/cierreshogar.com\/fr\/wp-json\/wp\/v2\/product_cat?post=3454"},{"taxonomy":"product_tag","embeddable":true,"href":"https:\/\/cierreshogar.com\/fr\/wp-json\/wp\/v2\/product_tag?post=3454"}],"curies":[{"name":"wp","href":"https:\/\/api.w.org\/{rel}","templated":true}]}}