{"id":3464,"date":"2020-12-01T07:03:14","date_gmt":"2020-12-01T05:03:14","guid":{"rendered":"https:\/\/cierreshogar.com\/cerramientos\/volets-a-tiges-8-mm\/"},"modified":"2021-07-01T11:34:12","modified_gmt":"2021-07-01T09:34:12","slug":"grilles-a-tiges-8-mm","status":"publish","type":"product","link":"https:\/\/cierreshogar.com\/fr\/cerramientos\/grilles-a-tiges-8-mm\/","title":{"rendered":"Grilles \u00e0 Tiges (8\u00a0mm)"},"content":{"rendered":"<p><strong>Les grilles roulantes \u00e0 tige massive en acier<\/strong> poss\u00e8dent une grande transparence, permettant de <strong>montrer les vitrines sans renoncer \u00e0 la s\u00e9curit\u00e9.<\/strong><\/p>\n<p>Nous fabriquons deux mod\u00e8les de tiges massives pour <strong>cr\u00e9er des dessins en forme de coquillage, d&rsquo;anneaux ou de losanges<\/strong>. Tout mod\u00e8le peut \u00eatre renforc\u00e9 par des baguettes droites, pour augmenter la r\u00e9sistance du pan et r\u00e9duire la tailles des ouvertures.<\/p>\n","protected":false},"excerpt":{"rendered":"\n<table id=\"tablepress-42\" class=\"tablepress tablepress-id-42\">\n<thead>\n<tr class=\"row-1\">\n\t<th class=\"column-1\">Modelo<\/th><th class=\"column-2\">Calibre (mm)<\/th><th class=\"column-3\">Varillas por metro de altura<\/th><th class=\"column-4\">Grapas por m2<\/th><th class=\"column-5\">Acabado<\/th>\n<\/tr>\n<\/thead>\n<tbody class=\"row-striping row-hover\">\n<tr class=\"row-2\">\n\t<td class=\"column-1\">Concha-aros y Rombo<\/td><td class=\"column-2\">8<\/td><td class=\"column-3\">17<\/td><td class=\"column-4\">130 grapas dobles<\/td><td class=\"column-5\">Acero Zincado, Pulido<br \/>\nAcero inox (concha-aros)<\/td>\n<\/tr>\n<tr class=\"row-3\">\n\t<td class=\"column-1\">Concha-aros y Rombo Reforzadas<\/td><td class=\"column-2\">8<\/td><td class=\"column-3\">15 + 14 rectas<\/td><td class=\"column-4\">115 grapas triples<\/td><td class=\"column-5\">Acero Zincado y Pulido<\/td>\n<\/tr>\n<\/tbody>\n<\/table>\n<!-- #tablepress-42 from cache -->\n","protected":false},"featured_media":3474,"template":"","meta":{"_et_pb_use_builder":"off","_et_pb_old_content":"T\u00f4le de couverture r\u00e9duite pour la fabrication de portes, fermetures et rev\u00eatements ext\u00e9rieurs et int\u00e9rieurs.","_et_gb_content_width":""},"product_brand":[],"product_cat":[61],"product_tag":[],"class_list":{"0":"post-3464","1":"product","2":"type-product","3":"status-publish","4":"has-post-thumbnail","6":"product_cat-rideaux-metalliques","8":"first","9":"instock","10":"featured","11":"shipping-taxable","12":"product-type-simple"},"_links":{"self":[{"href":"https:\/\/cierreshogar.com\/fr\/wp-json\/wp\/v2\/product\/3464","targetHints":{"allow":["GET"]}}],"collection":[{"href":"https:\/\/cierreshogar.com\/fr\/wp-json\/wp\/v2\/product"}],"about":[{"href":"https:\/\/cierreshogar.com\/fr\/wp-json\/wp\/v2\/types\/product"}],"wp:featuredmedia":[{"embeddable":true,"href":"https:\/\/cierreshogar.com\/fr\/wp-json\/wp\/v2\/media\/3474"}],"wp:attachment":[{"href":"https:\/\/cierreshogar.com\/fr\/wp-json\/wp\/v2\/media?parent=3464"}],"wp:term":[{"taxonomy":"product_brand","embeddable":true,"href":"https:\/\/cierreshogar.com\/fr\/wp-json\/wp\/v2\/product_brand?post=3464"},{"taxonomy":"product_cat","embeddable":true,"href":"https:\/\/cierreshogar.com\/fr\/wp-json\/wp\/v2\/product_cat?post=3464"},{"taxonomy":"product_tag","embeddable":true,"href":"https:\/\/cierreshogar.com\/fr\/wp-json\/wp\/v2\/product_tag?post=3464"}],"curies":[{"name":"wp","href":"https:\/\/api.w.org\/{rel}","templated":true}]}}