{"id":3475,"date":"2020-12-01T11:01:33","date_gmt":"2020-12-01T09:01:33","guid":{"rendered":"https:\/\/cierreshogar.com\/cerramientos\/lame-de-logement\/"},"modified":"2021-07-01T11:32:48","modified_gmt":"2021-07-01T09:32:48","slug":"lame-de-logement","status":"publish","type":"product","link":"https:\/\/cierreshogar.com\/fr\/cerramientos\/lame-de-logement\/","title":{"rendered":"Lame de s\u00e9curit\u00e9 pour Logement"},"content":{"rendered":"<p>Les lames de logement en acier de 0,6 mm ont \u00e9t\u00e9 con\u00e7ues pour apporter <strong>une plus grande s\u00e9curit\u00e9 pour des fen\u00eatres au rez-de-chauss\u00e9e<\/strong>, sans besoin de grilles.<\/p>\n<p>Elles peuvent \u00eatre install\u00e9es en utilisant le caisson, l&rsquo;axe, les rails et les courroies, <strong>sans qu&rsquo;il y ait \u00e0 faire de travaux<\/strong>.<\/p>\n","protected":false},"excerpt":{"rendered":"\n<table id=\"tablepress-40\" class=\"tablepress tablepress-id-40\">\n<thead>\n<tr class=\"row-1\">\n\t<th class=\"column-1\">Espesor (mm)<\/th><th class=\"column-2\">Altura (mm)<\/th><th class=\"column-3\">Modelo<\/th><th class=\"column-4\">Lamas\/metro <br \/>\nde altura<\/th><th class=\"column-5\">Peso (Kg\/m)<\/th><th class=\"column-6\">Acabado<\/th>\n<\/tr>\n<\/thead>\n<tbody class=\"row-striping row-hover\">\n<tr class=\"row-2\">\n\t<td class=\"column-1\">0,6<\/td><td class=\"column-2\">59<\/td><td class=\"column-3\">Ciega<\/td><td class=\"column-4\">17<\/td><td class=\"column-5\">0,442<\/td><td class=\"column-6\">Acero Galvanizado,<br \/>\nPrelacado y PVC madera<\/td>\n<\/tr>\n<\/tbody>\n<\/table>\n<!-- #tablepress-40 from cache -->\n","protected":false},"featured_media":7697,"template":"","meta":{"_et_pb_use_builder":"off","_et_pb_old_content":"T\u00f4le de couverture r\u00e9duite pour la fabrication de portes, fermetures et rev\u00eatements ext\u00e9rieurs et int\u00e9rieurs.","_et_gb_content_width":""},"product_brand":[],"product_cat":[61],"product_tag":[],"class_list":{"0":"post-3475","1":"product","2":"type-product","3":"status-publish","4":"has-post-thumbnail","6":"product_cat-rideaux-metalliques","8":"first","9":"instock","10":"featured","11":"shipping-taxable","12":"product-type-simple"},"_links":{"self":[{"href":"https:\/\/cierreshogar.com\/fr\/wp-json\/wp\/v2\/product\/3475","targetHints":{"allow":["GET"]}}],"collection":[{"href":"https:\/\/cierreshogar.com\/fr\/wp-json\/wp\/v2\/product"}],"about":[{"href":"https:\/\/cierreshogar.com\/fr\/wp-json\/wp\/v2\/types\/product"}],"wp:featuredmedia":[{"embeddable":true,"href":"https:\/\/cierreshogar.com\/fr\/wp-json\/wp\/v2\/media\/7697"}],"wp:attachment":[{"href":"https:\/\/cierreshogar.com\/fr\/wp-json\/wp\/v2\/media?parent=3475"}],"wp:term":[{"taxonomy":"product_brand","embeddable":true,"href":"https:\/\/cierreshogar.com\/fr\/wp-json\/wp\/v2\/product_brand?post=3475"},{"taxonomy":"product_cat","embeddable":true,"href":"https:\/\/cierreshogar.com\/fr\/wp-json\/wp\/v2\/product_cat?post=3475"},{"taxonomy":"product_tag","embeddable":true,"href":"https:\/\/cierreshogar.com\/fr\/wp-json\/wp\/v2\/product_tag?post=3475"}],"curies":[{"name":"wp","href":"https:\/\/api.w.org\/{rel}","templated":true}]}}