{"id":3489,"date":"2020-12-01T06:59:50","date_gmt":"2020-12-01T04:59:50","guid":{"rendered":"https:\/\/cierreshogar.com\/cerramientos\/centrale-lisse-double-nervure\/"},"modified":"2021-07-01T11:36:32","modified_gmt":"2021-07-01T09:36:32","slug":"centrale-lisse-double-nervure","status":"publish","type":"product","link":"https:\/\/cierreshogar.com\/fr\/cerramientos\/centrale-lisse-double-nervure\/","title":{"rendered":"Centrale Lisse \/ Double nervure"},"content":{"rendered":"<p>Lames de 1,5mm d&rsquo;\u00e9paisseur et 130 mm de haut, <strong>pens\u00e9es essentiellement pour l&rsquo;installation de la serrure<\/strong>.<\/p>\n","protected":false},"excerpt":{"rendered":"\n<table id=\"tablepress-39\" class=\"tablepress tablepress-id-39\">\n<thead>\n<tr class=\"row-1\">\n\t<th class=\"column-1\">Espesor (mm)<\/th><th class=\"column-2\">Altura (mm)<\/th><th class=\"column-3\">Modelo<\/th><th class=\"column-4\">Lamas\/metro <br \/>\nde altura<\/th><th class=\"column-5\">Peso (Kg\/m)<\/th><th class=\"column-6\">Acabado<\/th>\n<\/tr>\n<\/thead>\n<tbody class=\"row-striping row-hover\">\n<tr class=\"row-2\">\n\t<td class=\"column-1\">1,5<\/td><td class=\"column-2\">130<\/td><td class=\"column-3\">Lisa<\/td><td class=\"column-4\">8<\/td><td class=\"column-5\">2,12<\/td><td class=\"column-6\">Acero Galvanizado<\/td>\n<\/tr>\n<tr class=\"row-3\">\n\t<td class=\"column-1\">1,5<\/td><td class=\"column-2\">130<\/td><td class=\"column-3\">Doble nervio<\/td><td class=\"column-4\">8<\/td><td class=\"column-5\">2,12<\/td><td class=\"column-6\">Acero Galvanizado<\/td>\n<\/tr>\n<\/tbody>\n<\/table>\n<!-- #tablepress-39 from cache -->\n","protected":false},"featured_media":7692,"template":"","meta":{"_et_pb_use_builder":"off","_et_pb_old_content":"T\u00f4le de couverture r\u00e9duite pour la fabrication de portes, fermetures et rev\u00eatements ext\u00e9rieurs et int\u00e9rieurs.","_et_gb_content_width":""},"product_brand":[],"product_cat":[61],"product_tag":[],"class_list":{"0":"post-3489","1":"product","2":"type-product","3":"status-publish","4":"has-post-thumbnail","6":"product_cat-rideaux-metalliques","8":"first","9":"instock","10":"featured","11":"shipping-taxable","12":"product-type-simple"},"_links":{"self":[{"href":"https:\/\/cierreshogar.com\/fr\/wp-json\/wp\/v2\/product\/3489","targetHints":{"allow":["GET"]}}],"collection":[{"href":"https:\/\/cierreshogar.com\/fr\/wp-json\/wp\/v2\/product"}],"about":[{"href":"https:\/\/cierreshogar.com\/fr\/wp-json\/wp\/v2\/types\/product"}],"wp:featuredmedia":[{"embeddable":true,"href":"https:\/\/cierreshogar.com\/fr\/wp-json\/wp\/v2\/media\/7692"}],"wp:attachment":[{"href":"https:\/\/cierreshogar.com\/fr\/wp-json\/wp\/v2\/media?parent=3489"}],"wp:term":[{"taxonomy":"product_brand","embeddable":true,"href":"https:\/\/cierreshogar.com\/fr\/wp-json\/wp\/v2\/product_brand?post=3489"},{"taxonomy":"product_cat","embeddable":true,"href":"https:\/\/cierreshogar.com\/fr\/wp-json\/wp\/v2\/product_cat?post=3489"},{"taxonomy":"product_tag","embeddable":true,"href":"https:\/\/cierreshogar.com\/fr\/wp-json\/wp\/v2\/product_tag?post=3489"}],"curies":[{"name":"wp","href":"https:\/\/api.w.org\/{rel}","templated":true}]}}