{"id":3513,"date":"2020-12-01T05:57:35","date_gmt":"2020-12-01T03:57:35","guid":{"rendered":"https:\/\/cierreshogar.com\/cerramientos\/lame-double-nervure\/"},"modified":"2021-07-01T11:37:52","modified_gmt":"2021-07-01T09:37:52","slug":"lame-double-nervure","status":"publish","type":"product","link":"https:\/\/cierreshogar.com\/fr\/cerramientos\/lame-double-nervure\/","title":{"rendered":"Lame double nervure"},"content":{"rendered":"<p>Lames de 1 et 1,5 mm d&rsquo;\u00e9paisseur, pour la fermeture d&rsquo;espaces qui ont besoin d&rsquo;un <strong>haut niveau de s\u00e9curit\u00e9 ou pour installation de la serrure<\/strong>. Elles sont fabriqu\u00e9es en mod\u00e8le plein ou avec des ouvetures de ventilation.<\/p>\n<p>La <strong>lame double nervure<\/strong> est c<strong>ompatible avec les lames centrale et centrale lisse<\/strong>, utilis\u00e9e principalement pour l&rsquo;installation de la serrure.<\/p>\n","protected":false},"excerpt":{"rendered":"\n<table id=\"tablepress-38\" class=\"tablepress tablepress-id-38\">\n<thead>\n<tr class=\"row-1\">\n\t<th class=\"column-1\">Espesor (mm)<\/th><th class=\"column-2\">Altura (mm)<\/th><th class=\"column-3\">Modelo<\/th><th class=\"column-4\">Lamas\/metro <br \/>\nde altura<\/th><th class=\"column-5\">Peso (Kg\/m)<\/th><th class=\"column-6\">Acabado<\/th>\n<\/tr>\n<\/thead>\n<tbody class=\"row-striping row-hover\">\n<tr class=\"row-2\">\n\t<td class=\"column-1\">1<\/td><td class=\"column-2\">130<\/td><td class=\"column-3\">Doble nervio<\/td><td class=\"column-4\">8<\/td><td class=\"column-5\">1,404<\/td><td class=\"column-6\">Acero Galvanizado<\/td>\n<\/tr>\n<\/tbody>\n<\/table>\n<!-- #tablepress-38 from cache -->\n","protected":false},"featured_media":7656,"template":"","meta":{"_et_pb_use_builder":"off","_et_pb_old_content":"T\u00f4le de couverture r\u00e9duite pour la fabrication de portes, fermetures et rev\u00eatements ext\u00e9rieurs et int\u00e9rieurs.","_et_gb_content_width":""},"product_brand":[],"product_cat":[61],"product_tag":[],"class_list":{"0":"post-3513","1":"product","2":"type-product","3":"status-publish","4":"has-post-thumbnail","6":"product_cat-rideaux-metalliques","8":"first","9":"instock","10":"featured","11":"shipping-taxable","12":"product-type-simple"},"_links":{"self":[{"href":"https:\/\/cierreshogar.com\/fr\/wp-json\/wp\/v2\/product\/3513","targetHints":{"allow":["GET"]}}],"collection":[{"href":"https:\/\/cierreshogar.com\/fr\/wp-json\/wp\/v2\/product"}],"about":[{"href":"https:\/\/cierreshogar.com\/fr\/wp-json\/wp\/v2\/types\/product"}],"wp:featuredmedia":[{"embeddable":true,"href":"https:\/\/cierreshogar.com\/fr\/wp-json\/wp\/v2\/media\/7656"}],"wp:attachment":[{"href":"https:\/\/cierreshogar.com\/fr\/wp-json\/wp\/v2\/media?parent=3513"}],"wp:term":[{"taxonomy":"product_brand","embeddable":true,"href":"https:\/\/cierreshogar.com\/fr\/wp-json\/wp\/v2\/product_brand?post=3513"},{"taxonomy":"product_cat","embeddable":true,"href":"https:\/\/cierreshogar.com\/fr\/wp-json\/wp\/v2\/product_cat?post=3513"},{"taxonomy":"product_tag","embeddable":true,"href":"https:\/\/cierreshogar.com\/fr\/wp-json\/wp\/v2\/product_tag?post=3513"}],"curies":[{"name":"wp","href":"https:\/\/api.w.org\/{rel}","templated":true}]}}