{"id":3516,"date":"2020-12-01T04:56:18","date_gmt":"2020-12-01T02:56:18","guid":{"rendered":"https:\/\/cierreshogar.com\/cerramientos\/lame-courbe\/"},"modified":"2021-07-01T11:39:05","modified_gmt":"2021-07-01T09:39:05","slug":"lame-courbe","status":"publish","type":"product","link":"https:\/\/cierreshogar.com\/fr\/cerramientos\/lame-courbe\/","title":{"rendered":"Lame Courbe"},"content":{"rendered":"<p>D&rsquo;une esth\u00e9tique plus classique, la lame courbe est id\u00e9ale pour r\u00e9aliser des <strong>rideaux de petites dimensions.<\/strong><\/p>\n<p>Cette lame de persienne m\u00e9tallique a une hauteur de lame de 88 mm, avec une \u00e9paisseur de 0,6 mm<\/p>\n","protected":false},"excerpt":{"rendered":"\n<table id=\"tablepress-37\" class=\"tablepress tablepress-id-37\">\n<thead>\n<tr class=\"row-1\">\n\t<th class=\"column-1\">Espesor (mm)<\/th><th class=\"column-2\">Altura (mm)<\/th><th class=\"column-3\">Modelo<\/th><th class=\"column-4\">Lamas\/metro <br \/>\nde altura<\/th><th class=\"column-5\">Peso (Kg\/m)<\/th><th class=\"column-6\">Acabado<\/th>\n<\/tr>\n<\/thead>\n<tbody class=\"row-striping row-hover\">\n<tr class=\"row-2\">\n\t<td class=\"column-1\">0,6<\/td><td class=\"column-2\">88<\/td><td class=\"column-3\">Ciega<\/td><td class=\"column-4\">12<\/td><td class=\"column-5\">0,580<\/td><td class=\"column-6\">Acero Galvanizado, Laminado en Fr\u00edo, Prelacado blanco e Inox. AISI-304 BA<\/td>\n<\/tr>\n<tr class=\"row-3\">\n\t<td class=\"column-1\">0,6<\/td><td class=\"column-2\">88<\/td><td class=\"column-3\">Troquelada<\/td><td class=\"column-4\">12<\/td><td class=\"column-5\">0,435<\/td><td class=\"column-6\">Acero Galvanizado e Inox. AISI-304 BA<\/td>\n<\/tr>\n<\/tbody>\n<\/table>\n<!-- #tablepress-37 from cache -->\n","protected":false},"featured_media":7687,"template":"","meta":{"_et_pb_use_builder":"off","_et_pb_old_content":"T\u00f4le de couverture r\u00e9duite pour la fabrication de portes, fermetures et rev\u00eatements ext\u00e9rieurs et int\u00e9rieurs.","_et_gb_content_width":""},"product_brand":[],"product_cat":[61],"product_tag":[],"class_list":{"0":"post-3516","1":"product","2":"type-product","3":"status-publish","4":"has-post-thumbnail","6":"product_cat-rideaux-metalliques","8":"first","9":"instock","10":"featured","11":"shipping-taxable","12":"product-type-simple"},"_links":{"self":[{"href":"https:\/\/cierreshogar.com\/fr\/wp-json\/wp\/v2\/product\/3516","targetHints":{"allow":["GET"]}}],"collection":[{"href":"https:\/\/cierreshogar.com\/fr\/wp-json\/wp\/v2\/product"}],"about":[{"href":"https:\/\/cierreshogar.com\/fr\/wp-json\/wp\/v2\/types\/product"}],"wp:featuredmedia":[{"embeddable":true,"href":"https:\/\/cierreshogar.com\/fr\/wp-json\/wp\/v2\/media\/7687"}],"wp:attachment":[{"href":"https:\/\/cierreshogar.com\/fr\/wp-json\/wp\/v2\/media?parent=3516"}],"wp:term":[{"taxonomy":"product_brand","embeddable":true,"href":"https:\/\/cierreshogar.com\/fr\/wp-json\/wp\/v2\/product_brand?post=3516"},{"taxonomy":"product_cat","embeddable":true,"href":"https:\/\/cierreshogar.com\/fr\/wp-json\/wp\/v2\/product_cat?post=3516"},{"taxonomy":"product_tag","embeddable":true,"href":"https:\/\/cierreshogar.com\/fr\/wp-json\/wp\/v2\/product_tag?post=3516"}],"curies":[{"name":"wp","href":"https:\/\/api.w.org\/{rel}","templated":true}]}}