{"id":3540,"date":"2020-12-01T03:54:50","date_gmt":"2020-12-01T01:54:50","guid":{"rendered":"https:\/\/cierreshogar.com\/cerramientos\/lame-ar-8\/"},"modified":"2021-07-01T11:40:16","modified_gmt":"2021-07-01T09:40:16","slug":"lame-ar-8","status":"publish","type":"product","link":"https:\/\/cierreshogar.com\/fr\/cerramientos\/lame-ar-8\/","title":{"rendered":"Lame AR-8"},"content":{"rendered":"<p>Lame \u00e0 d\u00e9veloppement \u00e9troit, <strong>con\u00e7ue pour la fabrication de rideaux de petites dimensions.<\/strong><\/p>\n<p>D&rsquo;une hauteur de lame de 86 mm et d&rsquo;\u00e9paisseurs de 0,6, 0,7 et 1 mm, <strong>elle est disponible en mod\u00e8le plein et microperfor\u00e9.<\/strong><\/p>\n","protected":false},"excerpt":{"rendered":"\n<table id=\"tablepress-36\" class=\"tablepress tablepress-id-36\">\n<thead>\n<tr class=\"row-1\">\n\t<th class=\"column-1\">Espesor (mm)<\/th><th class=\"column-2\">Altura (mm)<\/th><th class=\"column-3\">Modelo<\/th><th class=\"column-4\">Lamas\/metro <br \/>\nde altura<\/th><th class=\"column-5\">Peso (Kg\/m)<\/th><th class=\"column-6\">Acabado<\/th>\n<\/tr>\n<\/thead>\n<tbody class=\"row-striping row-hover\">\n<tr class=\"row-2\">\n\t<td class=\"column-1\">0,6<\/td><td class=\"column-2\">86<\/td><td class=\"column-3\">Ciega<\/td><td class=\"column-4\">13<\/td><td class=\"column-5\">0,622<\/td><td class=\"column-6\">Acero Galvanizado, Prelacado blanco e Inox. AISI-304 BA<\/td>\n<\/tr>\n<tr class=\"row-3\">\n\t<td class=\"column-1\">0,7<\/td><td class=\"column-2\">86<\/td><td class=\"column-3\">Microperforada<\/td><td class=\"column-4\">13<\/td><td class=\"column-5\">0,610<\/td><td class=\"column-6\">Acero Galvanizado e Inox. AISI-304 BA<\/td>\n<\/tr>\n<\/tbody>\n<\/table>\n<!-- #tablepress-36 from cache -->\n","protected":false},"featured_media":7677,"template":"","meta":{"_et_pb_use_builder":"off","_et_pb_old_content":"T\u00f4le de couverture r\u00e9duite pour la fabrication de portes, fermetures et rev\u00eatements ext\u00e9rieurs et int\u00e9rieurs.","_et_gb_content_width":""},"product_brand":[],"product_cat":[61],"product_tag":[],"class_list":{"0":"post-3540","1":"product","2":"type-product","3":"status-publish","4":"has-post-thumbnail","6":"product_cat-rideaux-metalliques","8":"first","9":"instock","10":"featured","11":"shipping-taxable","12":"product-type-simple"},"_links":{"self":[{"href":"https:\/\/cierreshogar.com\/fr\/wp-json\/wp\/v2\/product\/3540","targetHints":{"allow":["GET"]}}],"collection":[{"href":"https:\/\/cierreshogar.com\/fr\/wp-json\/wp\/v2\/product"}],"about":[{"href":"https:\/\/cierreshogar.com\/fr\/wp-json\/wp\/v2\/types\/product"}],"wp:featuredmedia":[{"embeddable":true,"href":"https:\/\/cierreshogar.com\/fr\/wp-json\/wp\/v2\/media\/7677"}],"wp:attachment":[{"href":"https:\/\/cierreshogar.com\/fr\/wp-json\/wp\/v2\/media?parent=3540"}],"wp:term":[{"taxonomy":"product_brand","embeddable":true,"href":"https:\/\/cierreshogar.com\/fr\/wp-json\/wp\/v2\/product_brand?post=3540"},{"taxonomy":"product_cat","embeddable":true,"href":"https:\/\/cierreshogar.com\/fr\/wp-json\/wp\/v2\/product_cat?post=3540"},{"taxonomy":"product_tag","embeddable":true,"href":"https:\/\/cierreshogar.com\/fr\/wp-json\/wp\/v2\/product_tag?post=3540"}],"curies":[{"name":"wp","href":"https:\/\/api.w.org\/{rel}","templated":true}]}}