{"id":3567,"date":"2020-12-01T02:52:37","date_gmt":"2020-12-01T00:52:37","guid":{"rendered":"https:\/\/cierreshogar.com\/cerramientos\/lame-ar-10\/"},"modified":"2021-07-01T11:41:02","modified_gmt":"2021-07-01T09:41:02","slug":"lame-ar-10","status":"publish","type":"product","link":"https:\/\/cierreshogar.com\/fr\/cerramientos\/lame-ar-10\/","title":{"rendered":"Lame AR-10"},"content":{"rendered":"<p>La \u00e0 couverture large, id\u00e9ale pour <strong>la fabrication de persiennes de grandes ou moyennes dimensions.<\/strong><\/p>\n<p>D&rsquo;une hauteur de lame de 105 mm et d&rsquo;\u00e9paisseurs de 0,6 et 0,7 mm, <strong>elle est disponible en mod\u00e8le plein et microperfor\u00e9<\/strong>.<\/p>\n","protected":false},"excerpt":{"rendered":"\n<table id=\"tablepress-35\" class=\"tablepress tablepress-id-35\">\n<thead>\n<tr class=\"row-1\">\n\t<th class=\"column-1\">Espesor (mm)<\/th><th class=\"column-2\">Altura (mm)<\/th><th class=\"column-3\">Modelo<\/th><th class=\"column-4\">Lamas\/metro <br \/>\nde altura<\/th><th class=\"column-5\">Peso (Kg\/m)<\/th><th class=\"column-6\">Acabado<\/th>\n<\/tr>\n<\/thead>\n<tbody class=\"row-striping row-hover\">\n<tr class=\"row-2\">\n\t<td class=\"column-1\">0,6<\/td><td class=\"column-2\">105<\/td><td class=\"column-3\">Ciega<br \/>\nMedialuna<br \/>\nAluacero<\/td><td class=\"column-4\">10<\/td><td class=\"column-5\">0,768<\/td><td class=\"column-6\">Acero Galvanizado, Prelacado blanco, PVC madera e Inox. AISI-304 BA<\/td>\n<\/tr>\n<tr class=\"row-3\">\n\t<td class=\"column-1\">0,7<\/td><td class=\"column-2\">105<\/td><td class=\"column-3\">Ciega<br \/>\nMicroperforada<\/td><td class=\"column-4\">10<\/td><td class=\"column-5\">Ciega: 0,918<br \/>\nMicroperforada: 0,768<\/td><td class=\"column-6\">Acero Galvanizado<\/td>\n<\/tr>\n<tr class=\"row-4\">\n\t<td class=\"column-1\">0,7<\/td><td class=\"column-2\">105<\/td><td class=\"column-3\">Microperforada<\/td><td class=\"column-4\">10<\/td><td class=\"column-5\">Microperforada: 0,768<\/td><td class=\"column-6\">Acero Inox. AISI-304 BA<\/td>\n<\/tr>\n<tr class=\"row-5\">\n\t<td class=\"column-1\">1<\/td><td class=\"column-2\">105<\/td><td class=\"column-3\">Ciega<br \/>\nMicroperforada<\/td><td class=\"column-4\">10<\/td><td class=\"column-5\">Ciega: 1,287<br \/>\nMicroperforada: 1,180<\/td><td class=\"column-6\">Acero Galvanizado<\/td>\n<\/tr>\n<\/tbody>\n<\/table>\n<!-- #tablepress-35 from cache -->\n","protected":false},"featured_media":7672,"template":"","meta":{"_et_pb_use_builder":"off","_et_pb_old_content":"T\u00f4le de couverture r\u00e9duite pour la fabrication de portes, fermetures et rev\u00eatements ext\u00e9rieurs et int\u00e9rieurs.","_et_gb_content_width":""},"product_brand":[],"product_cat":[61],"product_tag":[],"class_list":{"0":"post-3567","1":"product","2":"type-product","3":"status-publish","4":"has-post-thumbnail","6":"product_cat-rideaux-metalliques","8":"first","9":"instock","10":"featured","11":"shipping-taxable","12":"product-type-simple"},"_links":{"self":[{"href":"https:\/\/cierreshogar.com\/fr\/wp-json\/wp\/v2\/product\/3567","targetHints":{"allow":["GET"]}}],"collection":[{"href":"https:\/\/cierreshogar.com\/fr\/wp-json\/wp\/v2\/product"}],"about":[{"href":"https:\/\/cierreshogar.com\/fr\/wp-json\/wp\/v2\/types\/product"}],"wp:featuredmedia":[{"embeddable":true,"href":"https:\/\/cierreshogar.com\/fr\/wp-json\/wp\/v2\/media\/7672"}],"wp:attachment":[{"href":"https:\/\/cierreshogar.com\/fr\/wp-json\/wp\/v2\/media?parent=3567"}],"wp:term":[{"taxonomy":"product_brand","embeddable":true,"href":"https:\/\/cierreshogar.com\/fr\/wp-json\/wp\/v2\/product_brand?post=3567"},{"taxonomy":"product_cat","embeddable":true,"href":"https:\/\/cierreshogar.com\/fr\/wp-json\/wp\/v2\/product_cat?post=3567"},{"taxonomy":"product_tag","embeddable":true,"href":"https:\/\/cierreshogar.com\/fr\/wp-json\/wp\/v2\/product_tag?post=3567"}],"curies":[{"name":"wp","href":"https:\/\/api.w.org\/{rel}","templated":true}]}}