{"id":3574,"date":"2020-12-01T01:49:14","date_gmt":"2020-11-30T23:49:14","guid":{"rendered":"https:\/\/cierreshogar.com\/cerramientos\/lame-securpla\/"},"modified":"2021-07-01T11:42:14","modified_gmt":"2021-07-01T09:42:14","slug":"lame-securpla","status":"publish","type":"product","link":"https:\/\/cierreshogar.com\/fr\/cerramientos\/lame-securpla\/","title":{"rendered":"Lame SECURPLA\u00ae"},"content":{"rendered":"<p>La <strong>lame Securpl\u00e1<\/strong> est le<strong> rideau m\u00e9tallique de s\u00e9curit\u00e9<\/strong> qui marque la diff\u00e9rence, avec quatre mod\u00e8les pour s&rsquo;adapter \u00e0 n&rsquo;importe quel projet : <strong>plein, microperfor\u00e9, Media Luna (Demi-lune) et Aluacero<\/strong><\/p>\n","protected":false},"excerpt":{"rendered":"\n<table id=\"tablepress-34\" class=\"tablepress tablepress-id-34\">\n<thead>\n<tr class=\"row-1\">\n\t<th class=\"column-1\">Espesor (mm)<\/th><th class=\"column-2\">Altura (mm)<\/th><th class=\"column-3\">Modelo<\/th><th class=\"column-4\">Lamas\/metro <br \/>\nde altura<\/th><th class=\"column-5\">Peso (Kg\/m)<\/th><th class=\"column-6\">Acabado<\/th>\n<\/tr>\n<\/thead>\n<tbody class=\"row-striping row-hover\">\n<tr class=\"row-2\">\n\t<td class=\"column-1\">0,6<\/td><td class=\"column-2\">120<\/td><td class=\"column-3\">Ciega<br \/>\nMedialuna<br \/>\nAluacero<\/td><td class=\"column-4\">9<\/td><td class=\"column-5\">Ciega:0,895<br \/>\nMedialuna: 0,709<br \/>\nAluacero: 0,725<\/td><td class=\"column-6\">Acero Galvanizado, Prelacado<br \/>\nblanco e Inox. AISI-304 BA<\/td>\n<\/tr>\n<tr class=\"row-3\">\n\t<td class=\"column-1\">0,7<\/td><td class=\"column-2\">120<\/td><td class=\"column-3\">Microperforada<\/td><td class=\"column-4\">9<\/td><td class=\"column-5\">0,878<\/td><td class=\"column-6\">Acero Inox. AISI-304 BA y AISI-316 BA<\/td>\n<\/tr>\n<tr class=\"row-4\">\n\t<td class=\"column-1\">0,8<\/td><td class=\"column-2\">120<\/td><td class=\"column-3\">Ciega<br \/>\nMicroperforada<\/td><td class=\"column-4\">9<\/td><td class=\"column-5\">Ciega: 1,192<br \/>\nMicroperforada: 0,997<\/td><td class=\"column-6\">Acero Galvanizado<\/td>\n<\/tr>\n<\/tbody>\n<\/table>\n<!-- #tablepress-34 from cache -->\n","protected":false},"featured_media":7662,"template":"","meta":{"_et_pb_use_builder":"off","_et_pb_old_content":"T\u00f4le de couverture r\u00e9duite pour la fabrication de portes, fermetures et rev\u00eatements ext\u00e9rieurs et int\u00e9rieurs.","_et_gb_content_width":""},"product_brand":[],"product_cat":[61],"product_tag":[],"class_list":{"0":"post-3574","1":"product","2":"type-product","3":"status-publish","4":"has-post-thumbnail","6":"product_cat-rideaux-metalliques","8":"first","9":"instock","10":"featured","11":"shipping-taxable","12":"product-type-simple"},"_links":{"self":[{"href":"https:\/\/cierreshogar.com\/fr\/wp-json\/wp\/v2\/product\/3574","targetHints":{"allow":["GET"]}}],"collection":[{"href":"https:\/\/cierreshogar.com\/fr\/wp-json\/wp\/v2\/product"}],"about":[{"href":"https:\/\/cierreshogar.com\/fr\/wp-json\/wp\/v2\/types\/product"}],"wp:featuredmedia":[{"embeddable":true,"href":"https:\/\/cierreshogar.com\/fr\/wp-json\/wp\/v2\/media\/7662"}],"wp:attachment":[{"href":"https:\/\/cierreshogar.com\/fr\/wp-json\/wp\/v2\/media?parent=3574"}],"wp:term":[{"taxonomy":"product_brand","embeddable":true,"href":"https:\/\/cierreshogar.com\/fr\/wp-json\/wp\/v2\/product_brand?post=3574"},{"taxonomy":"product_cat","embeddable":true,"href":"https:\/\/cierreshogar.com\/fr\/wp-json\/wp\/v2\/product_cat?post=3574"},{"taxonomy":"product_tag","embeddable":true,"href":"https:\/\/cierreshogar.com\/fr\/wp-json\/wp\/v2\/product_tag?post=3574"}],"curies":[{"name":"wp","href":"https:\/\/api.w.org\/{rel}","templated":true}]}}