{"id":3575,"date":"2020-11-27T05:33:49","date_gmt":"2020-11-27T03:33:49","guid":{"rendered":"https:\/\/cierreshogar.com\/cerramientos\/grilles-aluminium\/"},"modified":"2021-07-01T11:43:32","modified_gmt":"2021-07-01T09:43:32","slug":"grilles-aluminium","status":"publish","type":"product","link":"https:\/\/cierreshogar.com\/fr\/cerramientos\/grilles-aluminium\/","title":{"rendered":"Grilles en aluminium"},"content":{"rendered":"","protected":false},"excerpt":{"rendered":"\n<table id=\"tablepress-32\" class=\"tablepress tablepress-id-32\">\n<thead>\n<tr class=\"row-1\">\n\t<th class=\"column-1\">N\u00ba de lamas<\/th><th class=\"column-2\">Altura (mm)<\/th><th class=\"column-3\">Superficie Perforada<\/th><th class=\"column-4\">Peso (Kg\/m)<\/th><th class=\"column-5\">Acabado<\/th>\n<\/tr>\n<\/thead>\n<tbody class=\"row-striping row-hover\">\n<tr class=\"row-2\">\n\t<td class=\"column-1\">3<\/td><td class=\"column-2\">99<\/td><td class=\"column-3\">25%<\/td><td class=\"column-4\">0,834<\/td><td class=\"column-5\">Crudo<\/td>\n<\/tr>\n<tr class=\"row-3\">\n\t<td class=\"column-1\">5<\/td><td class=\"column-2\">141,6<\/td><td class=\"column-3\">20%<\/td><td class=\"column-4\">1,267<\/td><td class=\"column-5\">Crudo<\/td>\n<\/tr>\n<\/tbody>\n<\/table>\n<!-- #tablepress-32 from cache -->\n\n<table id=\"tablepress-31\" class=\"tablepress tablepress-id-31\">\n<thead>\n<tr class=\"row-1\">\n\t<th class=\"column-1\">Perfil<\/th><th class=\"column-2\">Peso (Kg\/m)<\/th><th class=\"column-3\">Acabado<\/th>\n<\/tr>\n<\/thead>\n<tbody class=\"row-striping row-hover\">\n<tr class=\"row-2\">\n\t<td class=\"column-1\">Marco<\/td><td class=\"column-2\">0,300<\/td><td class=\"column-3\">Crudo<\/td>\n<\/tr>\n<tr class=\"row-3\">\n\t<td class=\"column-1\">M. Solapa<\/td><td class=\"column-2\">0,317<\/td><td class=\"column-3\">Crudo<\/td>\n<\/tr>\n<\/tbody>\n<\/table>\n<!-- #tablepress-31 from cache -->\n","protected":false},"featured_media":3576,"template":"","meta":{"_et_pb_use_builder":"off","_et_pb_old_content":"T\u00f4le de couverture r\u00e9duite pour la fabrication de portes, fermetures et rev\u00eatements ext\u00e9rieurs et int\u00e9rieurs.","_et_gb_content_width":""},"product_brand":[],"product_cat":[67],"product_tag":[],"class_list":{"0":"post-3575","1":"product","2":"type-product","3":"status-publish","4":"has-post-thumbnail","6":"product_cat-autres","8":"first","9":"instock","10":"featured","11":"shipping-taxable","12":"product-type-simple"},"_links":{"self":[{"href":"https:\/\/cierreshogar.com\/fr\/wp-json\/wp\/v2\/product\/3575","targetHints":{"allow":["GET"]}}],"collection":[{"href":"https:\/\/cierreshogar.com\/fr\/wp-json\/wp\/v2\/product"}],"about":[{"href":"https:\/\/cierreshogar.com\/fr\/wp-json\/wp\/v2\/types\/product"}],"wp:featuredmedia":[{"embeddable":true,"href":"https:\/\/cierreshogar.com\/fr\/wp-json\/wp\/v2\/media\/3576"}],"wp:attachment":[{"href":"https:\/\/cierreshogar.com\/fr\/wp-json\/wp\/v2\/media?parent=3575"}],"wp:term":[{"taxonomy":"product_brand","embeddable":true,"href":"https:\/\/cierreshogar.com\/fr\/wp-json\/wp\/v2\/product_brand?post=3575"},{"taxonomy":"product_cat","embeddable":true,"href":"https:\/\/cierreshogar.com\/fr\/wp-json\/wp\/v2\/product_cat?post=3575"},{"taxonomy":"product_tag","embeddable":true,"href":"https:\/\/cierreshogar.com\/fr\/wp-json\/wp\/v2\/product_tag?post=3575"}],"curies":[{"name":"wp","href":"https:\/\/api.w.org\/{rel}","templated":true}]}}