{"id":3582,"date":"2020-11-20T01:32:33","date_gmt":"2020-11-19T23:32:33","guid":{"rendered":"https:\/\/cierreshogar.com\/cerramientos\/estampages-de-style-castillan-volets\/"},"modified":"2021-07-01T11:52:41","modified_gmt":"2021-07-01T09:52:41","slug":"estampages-de-style-castillan-volets","status":"publish","type":"product","link":"https:\/\/cierreshogar.com\/fr\/cerramientos\/estampages-de-style-castillan-volets\/","title":{"rendered":"Estampages de Style Castillan et volet"},"content":{"rendered":"<p>Les estampages de style castillan et les volets sont utilis\u00e9s pour la <strong>fabrication de portes et portails.<\/strong><\/p>\n<p><strong>Fabriqu\u00e9s en acier (galvanis\u00e9 ou lamin\u00e9 \u00e0 froid) et en aluminium<\/strong>. Ils sont \u00e9galement disponibles en blocs de diff\u00e9rentes tailles pour minimiser les joints.<\/p>\n","protected":false},"excerpt":{"rendered":"\n<table id=\"tablepress-29\" class=\"tablepress tablepress-id-29\">\n<thead>\n<tr class=\"row-1\">\n\t<th class=\"column-1\">Material<\/th><th class=\"column-2\">Espesor (mm)<\/th><th class=\"column-3\">Acabado<\/th>\n<\/tr>\n<\/thead>\n<tbody class=\"row-striping row-hover\">\n<tr class=\"row-2\">\n\t<td class=\"column-1\">Acero<\/td><td class=\"column-2\">0,8<\/td><td class=\"column-3\">Galvanizado<br \/>\nLaminado en fr\u00edo<\/td>\n<\/tr>\n<tr class=\"row-3\">\n\t<td class=\"column-1\">Aluminio<\/td><td class=\"column-2\">1,5<\/td><td class=\"column-3\">Crudo<\/td>\n<\/tr>\n<\/tbody>\n<\/table>\n<!-- #tablepress-29 from cache -->\n","protected":false},"featured_media":3583,"template":"","meta":{"_et_pb_use_builder":"off","_et_pb_old_content":"T\u00f4le de couverture r\u00e9duite pour la fabrication de portes, fermetures et rev\u00eatements ext\u00e9rieurs et int\u00e9rieurs.","_et_gb_content_width":""},"product_brand":[],"product_cat":[68],"product_tag":[],"class_list":{"0":"post-3582","1":"product","2":"type-product","3":"status-publish","4":"has-post-thumbnail","6":"product_cat-portes-et-rails","8":"first","9":"instock","10":"shipping-taxable","11":"product-type-simple"},"_links":{"self":[{"href":"https:\/\/cierreshogar.com\/fr\/wp-json\/wp\/v2\/product\/3582","targetHints":{"allow":["GET"]}}],"collection":[{"href":"https:\/\/cierreshogar.com\/fr\/wp-json\/wp\/v2\/product"}],"about":[{"href":"https:\/\/cierreshogar.com\/fr\/wp-json\/wp\/v2\/types\/product"}],"wp:featuredmedia":[{"embeddable":true,"href":"https:\/\/cierreshogar.com\/fr\/wp-json\/wp\/v2\/media\/3583"}],"wp:attachment":[{"href":"https:\/\/cierreshogar.com\/fr\/wp-json\/wp\/v2\/media?parent=3582"}],"wp:term":[{"taxonomy":"product_brand","embeddable":true,"href":"https:\/\/cierreshogar.com\/fr\/wp-json\/wp\/v2\/product_brand?post=3582"},{"taxonomy":"product_cat","embeddable":true,"href":"https:\/\/cierreshogar.com\/fr\/wp-json\/wp\/v2\/product_cat?post=3582"},{"taxonomy":"product_tag","embeddable":true,"href":"https:\/\/cierreshogar.com\/fr\/wp-json\/wp\/v2\/product_tag?post=3582"}],"curies":[{"name":"wp","href":"https:\/\/api.w.org\/{rel}","templated":true}]}}