{"id":3587,"date":"2020-11-18T01:08:01","date_gmt":"2020-11-17T23:08:01","guid":{"rendered":"https:\/\/cierreshogar.com\/cerramientos\/portes-ferrures-premier\/"},"modified":"2021-07-01T12:00:21","modified_gmt":"2021-07-01T10:00:21","slug":"portes-ferrures-premier","status":"publish","type":"product","link":"https:\/\/cierreshogar.com\/fr\/cerramientos\/portes-ferrures-premier\/","title":{"rendered":"PORTES Ferrures Premier\u00ae"},"content":{"rendered":"","protected":false},"excerpt":{"rendered":"<p><strong>BRAS :<\/strong><br \/>\n\n<table id=\"tablepress-26\" class=\"tablepress tablepress-id-26\">\n<thead>\n<tr class=\"row-1\">\n\t<th class=\"column-1\">Tama\u00f1o brazo<\/th><th class=\"column-2\">Altura m\u00ednima puerta<\/th><th class=\"column-3\">Altura m\u00e1xima puerta<\/th>\n<\/tr>\n<\/thead>\n<tbody class=\"row-striping row-hover\">\n<tr class=\"row-2\">\n\t<td class=\"column-1\">Peque\u00f1o<\/td><td class=\"column-2\">1,94 m.<\/td><td class=\"column-3\">2,10 m.<\/td>\n<\/tr>\n<tr class=\"row-3\">\n\t<td class=\"column-1\">Mediano<\/td><td class=\"column-2\">2,11 m.<\/td><td class=\"column-3\">2,30 m.<\/td>\n<\/tr>\n<tr class=\"row-4\">\n\t<td class=\"column-1\">Especial<\/td><td class=\"column-2\">2,31 m.<\/td><td class=\"column-3\">2,50 m.<\/td>\n<\/tr>\n<\/tbody>\n<\/table>\n<!-- #tablepress-26 from cache --><\/p>\n<p><strong>RESSORTS :<\/strong><br \/>\n\n<table id=\"tablepress-27\" class=\"tablepress tablepress-id-27\">\n<thead>\n<tr class=\"row-1\">\n\t<th class=\"column-1\">Tama\u00f1o muelle (Kg)<\/th><th class=\"column-2\">Tama\u00f1o puerta<\/th>\n<\/tr>\n<\/thead>\n<tbody class=\"row-striping row-hover\">\n<tr class=\"row-2\">\n\t<td class=\"column-1\">55 o 70 Kg<\/td><td class=\"column-2\">Hasta 5 m2<\/td>\n<\/tr>\n<tr class=\"row-3\">\n\t<td class=\"column-1\">85 Kg<\/td><td class=\"column-2\">Entre 5 y 7,5 m2<\/td>\n<\/tr>\n<tr class=\"row-4\">\n\t<td class=\"column-1\">120 Kg<\/td><td class=\"column-2\">M\u00e1s de 7,5 m2<\/td>\n<\/tr>\n<\/tbody>\n<\/table>\n<!-- #tablepress-27 from cache --><\/p>\n<p>&nbsp;<\/p>\n","protected":false},"featured_media":3595,"template":"","meta":{"_et_pb_use_builder":"off","_et_pb_old_content":"T\u00f4le de couverture r\u00e9duite pour la fabrication de portes, fermetures et rev\u00eatements ext\u00e9rieurs et int\u00e9rieurs.","_et_gb_content_width":""},"product_brand":[],"product_cat":[68],"product_tag":[],"class_list":{"0":"post-3587","1":"product","2":"type-product","3":"status-publish","4":"has-post-thumbnail","6":"product_cat-portes-et-rails","8":"first","9":"instock","10":"shipping-taxable","11":"product-type-simple"},"_links":{"self":[{"href":"https:\/\/cierreshogar.com\/fr\/wp-json\/wp\/v2\/product\/3587","targetHints":{"allow":["GET"]}}],"collection":[{"href":"https:\/\/cierreshogar.com\/fr\/wp-json\/wp\/v2\/product"}],"about":[{"href":"https:\/\/cierreshogar.com\/fr\/wp-json\/wp\/v2\/types\/product"}],"wp:featuredmedia":[{"embeddable":true,"href":"https:\/\/cierreshogar.com\/fr\/wp-json\/wp\/v2\/media\/3595"}],"wp:attachment":[{"href":"https:\/\/cierreshogar.com\/fr\/wp-json\/wp\/v2\/media?parent=3587"}],"wp:term":[{"taxonomy":"product_brand","embeddable":true,"href":"https:\/\/cierreshogar.com\/fr\/wp-json\/wp\/v2\/product_brand?post=3587"},{"taxonomy":"product_cat","embeddable":true,"href":"https:\/\/cierreshogar.com\/fr\/wp-json\/wp\/v2\/product_cat?post=3587"},{"taxonomy":"product_tag","embeddable":true,"href":"https:\/\/cierreshogar.com\/fr\/wp-json\/wp\/v2\/product_tag?post=3587"}],"curies":[{"name":"wp","href":"https:\/\/api.w.org\/{rel}","templated":true}]}}