{"id":3596,"date":"2020-11-27T04:36:18","date_gmt":"2020-11-27T02:36:18","guid":{"rendered":"https:\/\/cierreshogar.com\/cerramientos\/encadrements-pleins-et-rainures\/"},"modified":"2021-07-01T11:44:20","modified_gmt":"2021-07-01T09:44:20","slug":"encadrements-pleins-et-rainures","status":"publish","type":"product","link":"https:\/\/cierreshogar.com\/fr\/cerramientos\/encadrements-pleins-et-rainures\/","title":{"rendered":"Encadrements Pleins et Rainur\u00e9s"},"content":{"rendered":"","protected":false},"excerpt":{"rendered":"\n<table id=\"tablepress-25\" class=\"tablepress tablepress-id-25\">\n<thead>\n<tr class=\"row-1\">\n\t<th class=\"column-1\">Tipo de Marco<\/th><th class=\"column-2\">Celosia<\/th><th class=\"column-3\">Medidas<\/th><th class=\"column-4\">Lamas \/ metro<\/th><th class=\"column-5\">Peso (Kg\/m)<\/th><th class=\"column-6\">Acabado<\/th>\n<\/tr>\n<\/thead>\n<tbody class=\"row-striping row-hover\">\n<tr class=\"row-2\">\n\t<td class=\"column-1\">Ranurado<\/td><td class=\"column-2\">Z-15x45x15<\/td><td class=\"column-3\">51x30<\/td><td class=\"column-4\">17<\/td><td class=\"column-5\">1,354<\/td><td class=\"column-6\">Acero Galvanizado y Decapado<\/td>\n<\/tr>\n<tr class=\"row-3\">\n\t<td class=\"column-1\">Ranurado<\/td><td class=\"column-2\">Z-15x45x15 con rizo<\/td><td class=\"column-3\">51x30<\/td><td class=\"column-4\">15<\/td><td class=\"column-5\">1,354<\/td><td class=\"column-6\">Acero Decapado<\/td>\n<\/tr>\n<\/tbody>\n<\/table>\n\n","protected":false},"featured_media":3597,"template":"","meta":{"_et_pb_use_builder":"off","_et_pb_old_content":"T\u00f4le de couverture r\u00e9duite pour la fabrication de portes, fermetures et rev\u00eatements ext\u00e9rieurs et int\u00e9rieurs.","_et_gb_content_width":""},"product_brand":[],"product_cat":[69],"product_tag":[],"class_list":{"0":"post-3596","1":"product","2":"type-product","3":"status-publish","4":"has-post-thumbnail","6":"product_cat-lames-metalliques","8":"first","9":"instock","10":"featured","11":"shipping-taxable","12":"product-type-simple"},"_links":{"self":[{"href":"https:\/\/cierreshogar.com\/fr\/wp-json\/wp\/v2\/product\/3596","targetHints":{"allow":["GET"]}}],"collection":[{"href":"https:\/\/cierreshogar.com\/fr\/wp-json\/wp\/v2\/product"}],"about":[{"href":"https:\/\/cierreshogar.com\/fr\/wp-json\/wp\/v2\/types\/product"}],"wp:featuredmedia":[{"embeddable":true,"href":"https:\/\/cierreshogar.com\/fr\/wp-json\/wp\/v2\/media\/3597"}],"wp:attachment":[{"href":"https:\/\/cierreshogar.com\/fr\/wp-json\/wp\/v2\/media?parent=3596"}],"wp:term":[{"taxonomy":"product_brand","embeddable":true,"href":"https:\/\/cierreshogar.com\/fr\/wp-json\/wp\/v2\/product_brand?post=3596"},{"taxonomy":"product_cat","embeddable":true,"href":"https:\/\/cierreshogar.com\/fr\/wp-json\/wp\/v2\/product_cat?post=3596"},{"taxonomy":"product_tag","embeddable":true,"href":"https:\/\/cierreshogar.com\/fr\/wp-json\/wp\/v2\/product_tag?post=3596"}],"curies":[{"name":"wp","href":"https:\/\/api.w.org\/{rel}","templated":true}]}}