{"id":3598,"date":"2020-11-27T05:35:20","date_gmt":"2020-11-27T03:35:20","guid":{"rendered":"https:\/\/cierreshogar.com\/cerramientos\/u-rainure\/"},"modified":"2021-07-01T11:42:54","modified_gmt":"2021-07-01T09:42:54","slug":"u-rainure","status":"publish","type":"product","link":"https:\/\/cierreshogar.com\/fr\/cerramientos\/u-rainure\/","title":{"rendered":"U Rainur\u00e9"},"content":{"rendered":"<p>Profil\u00e9 \u00ab U \u00bb poin\u00e7onn\u00e9 \u00e0 la mesure appropri\u00e9e pour facilitER le montage de jalousies m\u00e9talliques.<\/p>\n","protected":false},"excerpt":{"rendered":"\n<table id=\"tablepress-24\" class=\"tablepress tablepress-id-24\">\n<thead>\n<tr class=\"row-1\">\n\t<th class=\"column-1\">Medidas<\/th><th class=\"column-2\">Celosia<\/th><th class=\"column-3\">Lamas \/ metro<\/th><th class=\"column-4\">Peso (Kg\/m)<\/th><th class=\"column-5\">Acabado<\/th>\n<\/tr>\n<\/thead>\n<tbody class=\"row-striping row-hover\">\n<tr class=\"row-2\">\n\t<td class=\"column-1\">20X45X20 - 1,5<\/td><td class=\"column-2\">Z-15X45X15<\/td><td class=\"column-3\">18<\/td><td class=\"column-4\">0,883<\/td><td class=\"column-5\">Acero Galvanizado y Decapado<\/td>\n<\/tr>\n<tr class=\"row-3\">\n\t<td class=\"column-1\">10x40X10 - 1,5<\/td><td class=\"column-2\">Z-17X31X17<\/td><td class=\"column-3\">25<\/td><td class=\"column-4\">0,672<\/td><td class=\"column-5\">Acero Decapado<\/td>\n<\/tr>\n<\/tbody>\n<\/table>\n<!-- #tablepress-24 from cache -->\n","protected":false},"featured_media":3599,"template":"","meta":{"_et_pb_use_builder":"off","_et_pb_old_content":"T\u00f4le de couverture r\u00e9duite pour la fabrication de portes, fermetures et rev\u00eatements ext\u00e9rieurs et int\u00e9rieurs.","_et_gb_content_width":""},"product_brand":[],"product_cat":[69],"product_tag":[],"class_list":{"0":"post-3598","1":"product","2":"type-product","3":"status-publish","4":"has-post-thumbnail","6":"product_cat-lames-metalliques","8":"first","9":"instock","10":"featured","11":"shipping-taxable","12":"product-type-simple"},"_links":{"self":[{"href":"https:\/\/cierreshogar.com\/fr\/wp-json\/wp\/v2\/product\/3598","targetHints":{"allow":["GET"]}}],"collection":[{"href":"https:\/\/cierreshogar.com\/fr\/wp-json\/wp\/v2\/product"}],"about":[{"href":"https:\/\/cierreshogar.com\/fr\/wp-json\/wp\/v2\/types\/product"}],"wp:featuredmedia":[{"embeddable":true,"href":"https:\/\/cierreshogar.com\/fr\/wp-json\/wp\/v2\/media\/3599"}],"wp:attachment":[{"href":"https:\/\/cierreshogar.com\/fr\/wp-json\/wp\/v2\/media?parent=3598"}],"wp:term":[{"taxonomy":"product_brand","embeddable":true,"href":"https:\/\/cierreshogar.com\/fr\/wp-json\/wp\/v2\/product_brand?post=3598"},{"taxonomy":"product_cat","embeddable":true,"href":"https:\/\/cierreshogar.com\/fr\/wp-json\/wp\/v2\/product_cat?post=3598"},{"taxonomy":"product_tag","embeddable":true,"href":"https:\/\/cierreshogar.com\/fr\/wp-json\/wp\/v2\/product_tag?post=3598"}],"curies":[{"name":"wp","href":"https:\/\/api.w.org\/{rel}","templated":true}]}}