{"id":3607,"date":"2020-11-27T03:34:16","date_gmt":"2020-11-27T01:34:16","guid":{"rendered":"https:\/\/cierreshogar.com\/cerramientos\/jalousies-z-a-boucle\/"},"modified":"2021-07-01T11:48:00","modified_gmt":"2021-07-01T09:48:00","slug":"jalousies-z-a-boucle","status":"publish","type":"product","link":"https:\/\/cierreshogar.com\/fr\/cerramientos\/jalousies-z-a-boucle\/","title":{"rendered":"Jalousies Z \u00e0 Boucle"},"content":{"rendered":"<p>Les <strong>lames m\u00e9talliques Z<\/strong> sont utilis\u00e9es pour la fabrication de jalousies, grilles de ventilation, palissades, rev\u00eatements, pergolas, \u00e9tendoirs \u00e0 linge, puits de lumi\u00e8re et de nombreuses autres fermetures ventil\u00e9es. La force des lames en acier permet l&rsquo;installation de fermetures et de jalousies r\u00e9sistantes et s\u00fbres, tout en maintenant un coefficient \u00e9lev\u00e9 de ventilation.<\/p>\n<p>La <strong>lame Z<\/strong> <strong>\u00e0 boucle<\/strong> dispose d&rsquo;extr\u00e9mit\u00e9 courbes pour adoucir les bords des lames.<\/p>\n<p><strong>Elles sont fabriqu\u00e9es en acier galvanis\u00e9 et lamin\u00e9 \u00e0 froid de 1 et 1,5 mm d&rsquo;\u00e9paisseur.<\/strong><\/p>\n","protected":false},"excerpt":{"rendered":"\n<table id=\"tablepress-23\" class=\"tablepress tablepress-id-23\">\n<thead>\n<tr class=\"row-1\">\n\t<th class=\"column-1\">AxBxC - e (mm)<\/th><th class=\"column-2\">Peso (Kg\/m)<\/th><th class=\"column-3\">Acabado<\/th>\n<\/tr>\n<\/thead>\n<tbody class=\"row-striping row-hover\">\n<tr class=\"row-2\">\n\t<td class=\"column-1\">15x45x15x10 - 1<\/td><td class=\"column-2\">0,864<\/td><td class=\"column-3\">Acero Galvanizado y Decapado<\/td>\n<\/tr>\n<tr class=\"row-3\">\n\t<td class=\"column-1\">15x45x15x10 - 1,5<\/td><td class=\"column-2\">1,295<\/td><td class=\"column-3\">Acero Galvanizado y Decapado<\/td>\n<\/tr>\n<\/tbody>\n<\/table>\n<!-- #tablepress-23 from cache -->\n","protected":false},"featured_media":3608,"template":"","meta":{"_et_pb_use_builder":"off","_et_pb_old_content":"","_et_gb_content_width":""},"product_brand":[],"product_cat":[69],"product_tag":[],"class_list":{"0":"post-3607","1":"product","2":"type-product","3":"status-publish","4":"has-post-thumbnail","6":"product_cat-lames-metalliques","8":"first","9":"instock","10":"shipping-taxable","11":"product-type-simple"},"_links":{"self":[{"href":"https:\/\/cierreshogar.com\/fr\/wp-json\/wp\/v2\/product\/3607","targetHints":{"allow":["GET"]}}],"collection":[{"href":"https:\/\/cierreshogar.com\/fr\/wp-json\/wp\/v2\/product"}],"about":[{"href":"https:\/\/cierreshogar.com\/fr\/wp-json\/wp\/v2\/types\/product"}],"wp:featuredmedia":[{"embeddable":true,"href":"https:\/\/cierreshogar.com\/fr\/wp-json\/wp\/v2\/media\/3608"}],"wp:attachment":[{"href":"https:\/\/cierreshogar.com\/fr\/wp-json\/wp\/v2\/media?parent=3607"}],"wp:term":[{"taxonomy":"product_brand","embeddable":true,"href":"https:\/\/cierreshogar.com\/fr\/wp-json\/wp\/v2\/product_brand?post=3607"},{"taxonomy":"product_cat","embeddable":true,"href":"https:\/\/cierreshogar.com\/fr\/wp-json\/wp\/v2\/product_cat?post=3607"},{"taxonomy":"product_tag","embeddable":true,"href":"https:\/\/cierreshogar.com\/fr\/wp-json\/wp\/v2\/product_tag?post=3607"}],"curies":[{"name":"wp","href":"https:\/\/api.w.org\/{rel}","templated":true}]}}