{"id":3610,"date":"2020-11-27T02:33:17","date_gmt":"2020-11-27T00:33:17","guid":{"rendered":"https:\/\/cierreshogar.com\/cerramientos\/jalousies-z-5\/"},"modified":"2021-07-01T11:49:52","modified_gmt":"2021-07-01T09:49:52","slug":"jalousies-z-5","status":"publish","type":"product","link":"https:\/\/cierreshogar.com\/fr\/cerramientos\/jalousies-z-5\/","title":{"rendered":"Jalousies Z-5"},"content":{"rendered":"<p>Les<strong> lames m\u00e9talliques Z<\/strong> sont utilis\u00e9es pour la fabrication de jalousies, grilles de ventilation, palissades, rev\u00eatements, pergolas, \u00e9tendoirs \u00e0 linge, puits de lumi\u00e8re et de nombreuses autres fermetures ventil\u00e9es. La force des lames en acier permet l&rsquo;installation de fermetures et et jalousies r\u00e9sistantes et s\u00fbres, tout en maintenant un coefficient \u00e9lev\u00e9 de ventilation.<\/p>\n<p>Les lames Z-5 ont <strong>trois plans lisses en forme de Z<\/strong>, en plus d&rsquo;un onglet \u00e0 chaque extr\u00e9mit\u00e9 qui augmente leur r\u00e9sistance.<\/p>\n<p><strong>Les lames m\u00e9talliques Z-5 sont fabriqu\u00e9es en quatre tailles, en acier galvanis\u00e9 et d\u00e9cap\u00e9 de 1,5 et 2 mm d&rsquo;\u00e9paisseur.<\/strong><\/p>\n","protected":false},"excerpt":{"rendered":"\n<table id=\"tablepress-22\" class=\"tablepress tablepress-id-22\">\n<thead>\n<tr class=\"row-1\">\n\t<th class=\"column-1\">AxBxC - e (mm)<\/th><th class=\"column-2\">H (mm)<\/th><th class=\"column-3\">Peso (Kg\/m)<\/th><th class=\"column-4\">Acabado<\/th>\n<\/tr>\n<\/thead>\n<tbody class=\"row-striping row-hover\">\n<tr class=\"row-2\">\n\t<td class=\"column-1\">3x11x45x11x3 - 1,5<\/td><td class=\"column-2\">64<\/td><td class=\"column-3\">0,895<\/td><td class=\"column-4\">Acero Galvanizado y Decapado<\/td>\n<\/tr>\n<tr class=\"row-3\">\n\t<td class=\"column-1\">11x24x63x24x11 - 2<\/td><td class=\"column-2\">106<\/td><td class=\"column-3\">2,000<\/td><td class=\"column-4\">Acero Galvanizado y Decapado<\/td>\n<\/tr>\n<tr class=\"row-4\">\n\t<td class=\"column-1\">11x24x77x24x11 - 2<\/td><td class=\"column-2\">120<\/td><td class=\"column-3\">2,245<\/td><td class=\"column-4\">Acero Galvanizado y Decapado<\/td>\n<\/tr>\n<tr class=\"row-5\">\n\t<td class=\"column-1\">11x24x98x24x11 - 2<\/td><td class=\"column-2\">140<\/td><td class=\"column-3\">2,575<\/td><td class=\"column-4\">Acero Galvanizado y Decapado<\/td>\n<\/tr>\n<\/tbody>\n<\/table>\n<!-- #tablepress-22 from cache -->\n","protected":false},"featured_media":3611,"template":"","meta":{"_et_pb_use_builder":"off","_et_pb_old_content":"T\u00f4le de couverture r\u00e9duite pour la fabrication de portes, fermetures et rev\u00eatements ext\u00e9rieurs et int\u00e9rieurs.","_et_gb_content_width":""},"product_brand":[],"product_cat":[69],"product_tag":[],"class_list":{"0":"post-3610","1":"product","2":"type-product","3":"status-publish","4":"has-post-thumbnail","6":"product_cat-lames-metalliques","8":"first","9":"instock","10":"shipping-taxable","11":"product-type-simple"},"_links":{"self":[{"href":"https:\/\/cierreshogar.com\/fr\/wp-json\/wp\/v2\/product\/3610","targetHints":{"allow":["GET"]}}],"collection":[{"href":"https:\/\/cierreshogar.com\/fr\/wp-json\/wp\/v2\/product"}],"about":[{"href":"https:\/\/cierreshogar.com\/fr\/wp-json\/wp\/v2\/types\/product"}],"wp:featuredmedia":[{"embeddable":true,"href":"https:\/\/cierreshogar.com\/fr\/wp-json\/wp\/v2\/media\/3611"}],"wp:attachment":[{"href":"https:\/\/cierreshogar.com\/fr\/wp-json\/wp\/v2\/media?parent=3610"}],"wp:term":[{"taxonomy":"product_brand","embeddable":true,"href":"https:\/\/cierreshogar.com\/fr\/wp-json\/wp\/v2\/product_brand?post=3610"},{"taxonomy":"product_cat","embeddable":true,"href":"https:\/\/cierreshogar.com\/fr\/wp-json\/wp\/v2\/product_cat?post=3610"},{"taxonomy":"product_tag","embeddable":true,"href":"https:\/\/cierreshogar.com\/fr\/wp-json\/wp\/v2\/product_tag?post=3610"}],"curies":[{"name":"wp","href":"https:\/\/api.w.org\/{rel}","templated":true}]}}