{"id":3633,"date":"2020-11-20T02:26:28","date_gmt":"2020-11-20T00:26:28","guid":{"rendered":"https:\/\/cierreshogar.com\/cerramientos\/rails-glissiere-inferieurs\/"},"modified":"2021-07-01T11:52:02","modified_gmt":"2021-07-01T09:52:02","slug":"rails-coulissante-inferieurs","status":"publish","type":"product","link":"https:\/\/cierreshogar.com\/fr\/cerramientos\/rails-coulissante-inferieurs\/","title":{"rendered":"Rails Coulissante Inf\u00e9rieurs"},"content":{"rendered":"<p><strong>Les glissi\u00e8res ou rails de sol pour portes ou grilles coulissantes<\/strong> sont des profil\u00e9s tr\u00e8s r\u00e9sistants pour supporter le poids de tout type de portes ou chariots de chargement. Les glissi\u00e8res permettent l&rsquo;ouverture lat\u00e9rale des portes sans avoir \u00e0 souder de ronds sur des platines en acier ou de poser d&rsquo;angles invers\u00e9s qu&rsquo;il faut niveler avec soin. Elles sont \u00e9galement utilis\u00e9es pour le d\u00e9placement de chariots de chargement.<\/p>\n<p>Nous fabriquons des mod\u00e8les de glissi\u00e8res de sol en acier galvanis\u00e9 de 3 mm d&rsquo;\u00e9paisseur, trois \u00e0 encastrer dans la ma\u00e7onnerie et une \u00e0 visser sur un rev\u00eatement pr\u00e9-existant. <strong>Nous fabriquons \u00e9galement la glissi\u00e8re \u00e0 visser et un des mod\u00e8les de celles \u00e0 encastrer en acier inoxydable.<\/strong><\/p>\n","protected":false},"excerpt":{"rendered":"\n<table id=\"tablepress-20\" class=\"tablepress tablepress-id-20\">\n<thead>\n<tr class=\"row-1\">\n\t<th class=\"column-1\">Tipo<\/th><th class=\"column-2\">Espesor (mm)<\/th><th class=\"column-3\">Peso (Kg\/m)<\/th><th class=\"column-4\">Acabado<\/th>\n<\/tr>\n<\/thead>\n<tbody class=\"row-striping row-hover\">\n<tr class=\"row-2\">\n\t<td class=\"column-1\">Cerrada<\/td><td class=\"column-2\">3<\/td><td class=\"column-3\">3,800<\/td><td class=\"column-4\">Acero Galvanizado<\/td>\n<\/tr>\n<tr class=\"row-3\">\n\t<td class=\"column-1\">Abierta<\/td><td class=\"column-2\">3<\/td><td class=\"column-3\">3,300<\/td><td class=\"column-4\">Acero Galvanizado<\/td>\n<\/tr>\n<tr class=\"row-4\">\n\t<td class=\"column-1\">De embutir<\/td><td class=\"column-2\">3<\/td><td class=\"column-3\">4,004<\/td><td class=\"column-4\">Acero Galvanizado e Inox AISI-304-BAP<\/td>\n<\/tr>\n<tr class=\"row-5\">\n\t<td class=\"column-1\">De atornillar<\/td><td class=\"column-2\">3<\/td><td class=\"column-3\">1,649<\/td><td class=\"column-4\">Acero Galvanizado<\/td>\n<\/tr>\n<tr class=\"row-6\">\n\t<td class=\"column-1\">De atornillar<\/td><td class=\"column-2\">2,5<\/td><td class=\"column-3\">1,365<\/td><td class=\"column-4\">Acero Inox AISI-304-BAP<\/td>\n<\/tr>\n<\/tbody>\n<\/table>\n<!-- #tablepress-20 from cache -->\n","protected":false},"featured_media":3642,"template":"","meta":{"_et_pb_use_builder":"off","_et_pb_old_content":"T\u00f4le de couverture r\u00e9duite pour la fabrication de portes, fermetures et rev\u00eatements ext\u00e9rieurs et int\u00e9rieurs.","_et_gb_content_width":""},"product_brand":[],"product_cat":[73,68],"product_tag":[],"class_list":{"0":"post-3633","1":"product","2":"type-product","3":"status-publish","4":"has-post-thumbnail","6":"product_cat-glissieres","7":"product_cat-portes-et-rails","9":"first","10":"instock","11":"shipping-taxable","12":"product-type-simple"},"_links":{"self":[{"href":"https:\/\/cierreshogar.com\/fr\/wp-json\/wp\/v2\/product\/3633","targetHints":{"allow":["GET"]}}],"collection":[{"href":"https:\/\/cierreshogar.com\/fr\/wp-json\/wp\/v2\/product"}],"about":[{"href":"https:\/\/cierreshogar.com\/fr\/wp-json\/wp\/v2\/types\/product"}],"wp:featuredmedia":[{"embeddable":true,"href":"https:\/\/cierreshogar.com\/fr\/wp-json\/wp\/v2\/media\/3642"}],"wp:attachment":[{"href":"https:\/\/cierreshogar.com\/fr\/wp-json\/wp\/v2\/media?parent=3633"}],"wp:term":[{"taxonomy":"product_brand","embeddable":true,"href":"https:\/\/cierreshogar.com\/fr\/wp-json\/wp\/v2\/product_brand?post=3633"},{"taxonomy":"product_cat","embeddable":true,"href":"https:\/\/cierreshogar.com\/fr\/wp-json\/wp\/v2\/product_cat?post=3633"},{"taxonomy":"product_tag","embeddable":true,"href":"https:\/\/cierreshogar.com\/fr\/wp-json\/wp\/v2\/product_tag?post=3633"}],"curies":[{"name":"wp","href":"https:\/\/api.w.org\/{rel}","templated":true}]}}