{"id":3796,"date":"2020-11-20T01:22:13","date_gmt":"2020-11-19T23:22:13","guid":{"rendered":"https:\/\/cierreshogar.com\/cerramientos\/rails-guidage-superieurs\/"},"modified":"2021-07-01T11:53:22","modified_gmt":"2021-07-01T09:53:22","slug":"rails-coulissante-superieurs","status":"publish","type":"product","link":"https:\/\/cierreshogar.com\/fr\/cerramientos\/rails-coulissante-superieurs\/","title":{"rendered":"Rails Coulissante Sup\u00e9rieurs"},"content":{"rendered":"<p>Les <strong>glissi\u00e8res ou rails de porte de guidage sup\u00e9rieurs ou de plafond<\/strong> servent \u00e0 suspendre les portes coulissantes et les faire glisser pendant leur ouverture ou fermeture au moyen de rouleaux simples ou doubles.<\/p>\n<p>Nous fabriquons plusieurs mesures de rails de guidage en <strong>acier galvanis\u00e9 et inoxydable, <\/strong>avec une largeur de coffre de 29, 33, 40, 43, 60 et 63 mm, dans des \u00e9paisseurs entre 1,5 et 2,5 mm.<\/p>\n","protected":false},"excerpt":{"rendered":"\n<table id=\"tablepress-19\" class=\"tablepress tablepress-id-19\">\n<thead>\n<tr class=\"row-1\">\n\t<th class=\"column-1\">Medidas (mm)<\/th><th class=\"column-2\">Espesor (mm)<\/th><th class=\"column-3\">Peso (Kg\/m)<\/th><th class=\"column-4\">Acabado<\/th>\n<\/tr>\n<\/thead>\n<tbody class=\"row-striping row-hover\">\n<tr class=\"row-2\">\n\t<td class=\"column-1\">60x55<\/td><td class=\"column-2\">2,5<\/td><td class=\"column-3\">3,650<\/td><td class=\"column-4\">Acero Galvanizado e Inox AISI-304-BAP<\/td>\n<\/tr>\n<tr class=\"row-3\">\n\t<td class=\"column-1\">43x51<\/td><td class=\"column-2\">2,5<\/td><td class=\"column-3\">3,042<\/td><td class=\"column-4\">Acero Galvanizado<\/td>\n<\/tr>\n<tr class=\"row-4\">\n\t<td class=\"column-1\">40x40<\/td><td class=\"column-2\">1,5<\/td><td class=\"column-3\">1,531<\/td><td class=\"column-4\">Acero Galvanizado e Inox AISI-304-BAP<\/td>\n<\/tr>\n<tr class=\"row-5\">\n\t<td class=\"column-1\">30x33<\/td><td class=\"column-2\">2<\/td><td class=\"column-3\">1,560<\/td><td class=\"column-4\">Acero Galvanizado<\/td>\n<\/tr>\n<tr class=\"row-6\">\n\t<td class=\"column-1\">30x29<\/td><td class=\"column-2\">2<\/td><td class=\"column-3\">1,492<\/td><td class=\"column-4\">Acero Galvanizado<\/td>\n<\/tr>\n<\/tbody>\n<\/table>\n<!-- #tablepress-19 from cache -->\n","protected":false},"featured_media":3807,"template":"","meta":{"_et_pb_use_builder":"off","_et_pb_old_content":"T\u00f4le de couverture r\u00e9duite pour la fabrication de portes, fermetures et rev\u00eatements ext\u00e9rieurs et sup\u00e9rieurs.","_et_gb_content_width":""},"product_brand":[],"product_cat":[73,68],"product_tag":[],"class_list":{"0":"post-3796","1":"product","2":"type-product","3":"status-publish","4":"has-post-thumbnail","6":"product_cat-glissieres","7":"product_cat-portes-et-rails","9":"first","10":"instock","11":"shipping-taxable","12":"product-type-simple"},"_links":{"self":[{"href":"https:\/\/cierreshogar.com\/fr\/wp-json\/wp\/v2\/product\/3796","targetHints":{"allow":["GET"]}}],"collection":[{"href":"https:\/\/cierreshogar.com\/fr\/wp-json\/wp\/v2\/product"}],"about":[{"href":"https:\/\/cierreshogar.com\/fr\/wp-json\/wp\/v2\/types\/product"}],"wp:featuredmedia":[{"embeddable":true,"href":"https:\/\/cierreshogar.com\/fr\/wp-json\/wp\/v2\/media\/3807"}],"wp:attachment":[{"href":"https:\/\/cierreshogar.com\/fr\/wp-json\/wp\/v2\/media?parent=3796"}],"wp:term":[{"taxonomy":"product_brand","embeddable":true,"href":"https:\/\/cierreshogar.com\/fr\/wp-json\/wp\/v2\/product_brand?post=3796"},{"taxonomy":"product_cat","embeddable":true,"href":"https:\/\/cierreshogar.com\/fr\/wp-json\/wp\/v2\/product_cat?post=3796"},{"taxonomy":"product_tag","embeddable":true,"href":"https:\/\/cierreshogar.com\/fr\/wp-json\/wp\/v2\/product_tag?post=3796"}],"curies":[{"name":"wp","href":"https:\/\/api.w.org\/{rel}","templated":true}]}}