{"id":3809,"date":"2020-11-27T02:44:04","date_gmt":"2020-11-27T00:44:04","guid":{"rendered":"https:\/\/cierreshogar.com\/cerramientos\/main-courante-ouverte-de-60\/"},"modified":"2021-07-01T11:49:08","modified_gmt":"2021-07-01T09:49:08","slug":"main-courante-ouverte-de-60","status":"publish","type":"product","link":"https:\/\/cierreshogar.com\/fr\/cerramientos\/main-courante-ouverte-de-60\/","title":{"rendered":"MAIN COURANTE OUVERTE DE 60"},"content":{"rendered":"<p>Les profil\u00e9s <strong>mains courantes ouvertes de 60<\/strong> sont fabriqu\u00e9s en <strong>acier<\/strong> (galvanis\u00e9, d\u00e9cap\u00e9 et inoxydable) et en laiton.<\/p>\n<p><strong>Ils permettent d&rsquo;achever des rampes et des escaliers<\/strong>, du fait que ce sont des mains courantes adapt\u00e9es pour \u00eatre install\u00e9es sur un support de 30 mm.<\/p>\n","protected":false},"excerpt":{"rendered":"\n<table id=\"tablepress-17\" class=\"tablepress tablepress-id-17\">\n<thead>\n<tr class=\"row-1\">\n\t<th class=\"column-1\">Espesor (mm)<br \/>\n<\/th><th class=\"column-2\">Peso (Kg\/m)<\/th><th class=\"column-3\">Acabado<\/th>\n<\/tr>\n<\/thead>\n<tbody class=\"row-striping row-hover\">\n<tr class=\"row-2\">\n\t<td class=\"column-1\">1,5<\/td><td class=\"column-2\">1,460<br \/>\n<\/td><td class=\"column-3\">Acero Galvanizado, Decapado e Inoxidable <\/td>\n<\/tr>\n<tr class=\"row-3\">\n\t<td class=\"column-1\">1,5<\/td><td class=\"column-2\">1,6<\/td><td class=\"column-3\">Lat\u00f3n<\/td>\n<\/tr>\n<\/tbody>\n<\/table>\n<!-- #tablepress-17 from cache -->\n","protected":false},"featured_media":3811,"template":"","meta":{"_et_pb_use_builder":"off","_et_pb_old_content":"T\u00f4le de couverture r\u00e9duite pour la fabrication de portes, fermetures et rev\u00eatements ext\u00e9rieurs et int\u00e9rieurs.","_et_gb_content_width":""},"product_brand":[],"product_cat":[67],"product_tag":[],"class_list":{"0":"post-3809","1":"product","2":"type-product","3":"status-publish","4":"has-post-thumbnail","6":"product_cat-autres","8":"first","9":"instock","10":"shipping-taxable","11":"product-type-simple"},"_links":{"self":[{"href":"https:\/\/cierreshogar.com\/fr\/wp-json\/wp\/v2\/product\/3809","targetHints":{"allow":["GET"]}}],"collection":[{"href":"https:\/\/cierreshogar.com\/fr\/wp-json\/wp\/v2\/product"}],"about":[{"href":"https:\/\/cierreshogar.com\/fr\/wp-json\/wp\/v2\/types\/product"}],"wp:featuredmedia":[{"embeddable":true,"href":"https:\/\/cierreshogar.com\/fr\/wp-json\/wp\/v2\/media\/3811"}],"wp:attachment":[{"href":"https:\/\/cierreshogar.com\/fr\/wp-json\/wp\/v2\/media?parent=3809"}],"wp:term":[{"taxonomy":"product_brand","embeddable":true,"href":"https:\/\/cierreshogar.com\/fr\/wp-json\/wp\/v2\/product_brand?post=3809"},{"taxonomy":"product_cat","embeddable":true,"href":"https:\/\/cierreshogar.com\/fr\/wp-json\/wp\/v2\/product_cat?post=3809"},{"taxonomy":"product_tag","embeddable":true,"href":"https:\/\/cierreshogar.com\/fr\/wp-json\/wp\/v2\/product_tag?post=3809"}],"curies":[{"name":"wp","href":"https:\/\/api.w.org\/{rel}","templated":true}]}}