{"id":3812,"date":"2020-11-27T03:44:02","date_gmt":"2020-11-27T01:44:02","guid":{"rendered":"https:\/\/cierreshogar.com\/cerramientos\/main-courante-fermee-de-62x25\/"},"modified":"2021-07-01T11:47:14","modified_gmt":"2021-07-01T09:47:14","slug":"main-courante-fermee-de-62x25","status":"publish","type":"product","link":"https:\/\/cierreshogar.com\/fr\/cerramientos\/main-courante-fermee-de-62x25\/","title":{"rendered":"MAIN COURANTE FERM\u00c9E DE 62X25"},"content":{"rendered":"<p>Les profil\u00e9s mains courantes ferm\u00e9s de 63 sont fabriqu\u00e9s en acier galvanis\u00e9 et d\u00e9cap\u00e9.<\/p>\n<p>Ils permettent d&rsquo;achever des rampes et des escaliers, car ce sont des mains courantes adapt\u00e9es pour \u00eatre install\u00e9es sur support de 40 mm.<\/p>\n","protected":false},"excerpt":{"rendered":"\n<table id=\"tablepress-18\" class=\"tablepress tablepress-id-18\">\n<thead>\n<tr class=\"row-1\">\n\t<th class=\"column-1\">Espesor (mm)<br \/>\n<\/th><th class=\"column-2\">Peso (Kg\/m)<\/th><th class=\"column-3\">Acabado<\/th>\n<\/tr>\n<\/thead>\n<tbody class=\"row-striping row-hover\">\n<tr class=\"row-2\">\n\t<td class=\"column-1\">1,5<\/td><td class=\"column-2\">1,880<\/td><td class=\"column-3\">Acero Galvanizado y Decapado<\/td>\n<\/tr>\n<\/tbody>\n<\/table>\n<!-- #tablepress-18 from cache -->\n","protected":false},"featured_media":3814,"template":"","meta":{"_et_pb_use_builder":"off","_et_pb_old_content":"T\u00f4le de couverture r\u00e9duite pour la fabrication de portes, fermetures et rev\u00eatements ext\u00e9rieurs et int\u00e9rieurs.","_et_gb_content_width":""},"product_brand":[],"product_cat":[67],"product_tag":[],"class_list":{"0":"post-3812","1":"product","2":"type-product","3":"status-publish","4":"has-post-thumbnail","6":"product_cat-autres","8":"first","9":"instock","10":"shipping-taxable","11":"product-type-simple"},"_links":{"self":[{"href":"https:\/\/cierreshogar.com\/fr\/wp-json\/wp\/v2\/product\/3812","targetHints":{"allow":["GET"]}}],"collection":[{"href":"https:\/\/cierreshogar.com\/fr\/wp-json\/wp\/v2\/product"}],"about":[{"href":"https:\/\/cierreshogar.com\/fr\/wp-json\/wp\/v2\/types\/product"}],"wp:featuredmedia":[{"embeddable":true,"href":"https:\/\/cierreshogar.com\/fr\/wp-json\/wp\/v2\/media\/3814"}],"wp:attachment":[{"href":"https:\/\/cierreshogar.com\/fr\/wp-json\/wp\/v2\/media?parent=3812"}],"wp:term":[{"taxonomy":"product_brand","embeddable":true,"href":"https:\/\/cierreshogar.com\/fr\/wp-json\/wp\/v2\/product_brand?post=3812"},{"taxonomy":"product_cat","embeddable":true,"href":"https:\/\/cierreshogar.com\/fr\/wp-json\/wp\/v2\/product_cat?post=3812"},{"taxonomy":"product_tag","embeddable":true,"href":"https:\/\/cierreshogar.com\/fr\/wp-json\/wp\/v2\/product_tag?post=3812"}],"curies":[{"name":"wp","href":"https:\/\/api.w.org\/{rel}","templated":true}]}}