{"id":3823,"date":"2020-11-16T08:01:53","date_gmt":"2020-11-16T06:01:53","guid":{"rendered":"https:\/\/cierreshogar.com\/cerramientos\/profile-angulaire\/"},"modified":"2021-07-01T12:00:55","modified_gmt":"2021-07-01T10:00:55","slug":"profile-angulaire","status":"publish","type":"product","link":"https:\/\/cierreshogar.com\/fr\/cerramientos\/profile-angulaire\/","title":{"rendered":"PROFIL\u00c9 ANGULAIRE"},"content":{"rendered":"<p><strong>Profil\u00e9 m\u00e9tallique angulaire en forme de L<\/strong>. Tout comme le profil\u00e9 U, les angulaires offrent une infinit\u00e9 d&rsquo;applications\u00a0 dans tous les secteurs, comme profil\u00e9 structurel et comme ach\u00e8vement et protection de finitions d&rsquo;ar\u00eates ou de coin : construction, agriculture, transport, mobilier, carrosseries, construction de structures m\u00e9talliques en g\u00e9n\u00e9ral.<\/p>\n<p>Nous fabriquons une gamme compl\u00e8te de profil\u00e9s angulaires en acier galvanis\u00e9, <strong>lamin\u00e9 \u00e0 froid et lamin\u00e9 \u00e0 chaud, entre 1,5 et 3 mm d&rsquo;\u00e9paisseur.<\/strong><\/p>\n","protected":false},"excerpt":{"rendered":"\n<table id=\"tablepress-64\" class=\"tablepress tablepress-id-64\">\n<thead>\n<tr class=\"row-1\">\n\t<th class=\"column-1\">A* (mm) <\/th><th class=\"column-2\">B* (mm) <\/th><th class=\"column-3\">e* (mm) <\/th><th class=\"column-4\">Poids (Kg\/m)<\/th><th class=\"column-5\">Unit. par paquet<\/th><th class=\"column-6\">Finitions<\/th>\n<\/tr>\n<\/thead>\n<tbody class=\"row-striping row-hover\">\n<tr class=\"row-2\">\n\t<td class=\"column-1\">15<\/td><td class=\"column-2\">15<\/td><td class=\"column-3\">1,5<\/td><td class=\"column-4\">0,316<\/td><td class=\"column-5\">525<\/td><td class=\"column-6\">Acier brut (lamin\u00e9 a froid)<\/td>\n<\/tr>\n<tr class=\"row-3\">\n\t<td class=\"column-1\">20<\/td><td class=\"column-2\">20<\/td><td class=\"column-3\">1,5<\/td><td class=\"column-4\">0,433<\/td><td class=\"column-5\">400<\/td><td class=\"column-6\">Acier brut (lamin\u00e9 a froid) et galvanis\u00e9<\/td>\n<\/tr>\n<tr class=\"row-4\">\n\t<td class=\"column-1\">20<\/td><td class=\"column-2\">20<\/td><td class=\"column-3\">2,0<\/td><td class=\"column-4\">0,562<\/td><td class=\"column-5\">250<\/td><td class=\"column-6\">Acier brut (d\u00e9cap\u00e9) et galvanis\u00e9<\/td>\n<\/tr>\n<tr class=\"row-5\">\n\t<td class=\"column-1\">25<\/td><td class=\"column-2\">25<\/td><td class=\"column-3\">1,5<\/td><td class=\"column-4\">0,550<\/td><td class=\"column-5\">300<\/td><td class=\"column-6\">Acier brut (lamin\u00e9 a froid) et galvanis\u00e9<\/td>\n<\/tr>\n<tr class=\"row-6\">\n\t<td class=\"column-1\">25<\/td><td class=\"column-2\">25<\/td><td class=\"column-3\">2,0<\/td><td class=\"column-4\">0,722<\/td><td class=\"column-5\">200<\/td><td class=\"column-6\">Acero Decapado y Galvanizado <\/td>\n<\/tr>\n<tr class=\"row-7\">\n\t<td class=\"column-1\">30<\/td><td class=\"column-2\">30<\/td><td class=\"column-3\">1,5<\/td><td class=\"column-4\">0,667<\/td><td class=\"column-5\">280<\/td><td class=\"column-6\">Acier brut (lamin\u00e9 a froid) et galvanis\u00e9<\/td>\n<\/tr>\n<tr class=\"row-8\">\n\t<td class=\"column-1\">30<\/td><td class=\"column-2\">30<\/td><td class=\"column-3\">2,0<\/td><td class=\"column-4\">0,879<\/td><td class=\"column-5\">200<\/td><td class=\"column-6\">Acier brut (d\u00e9cap\u00e9) et galvanis\u00e9<\/td>\n<\/tr>\n<tr class=\"row-9\">\n\t<td class=\"column-1\">35<\/td><td class=\"column-2\">35<\/td><td class=\"column-3\">1,5<\/td><td class=\"column-4\">0,761<\/td><td class=\"column-5\">220<\/td><td class=\"column-6\">Acier brut (lamin\u00e9 a froid) et galvanis\u00e9<\/td>\n<\/tr>\n<tr class=\"row-10\">\n\t<td class=\"column-1\">35<\/td><td class=\"column-2\">35<\/td><td class=\"column-3\">2,0<\/td><td class=\"column-4\">1,030<\/td><td class=\"column-5\">160<\/td><td class=\"column-6\">Acier brut (d\u00e9cap\u00e9) et galvanis\u00e9<\/td>\n<\/tr>\n<tr class=\"row-11\">\n\t<td class=\"column-1\">40<\/td><td class=\"column-2\">20<\/td><td class=\"column-3\">2,0<\/td><td class=\"column-4\">0,874<\/td><td class=\"column-5\">160<\/td><td class=\"column-6\">Acier brut (d\u00e9cap\u00e9) <\/td>\n<\/tr>\n<tr class=\"row-12\">\n\t<td class=\"column-1\">40<\/td><td class=\"column-2\">40<\/td><td class=\"column-3\">1,5<\/td><td class=\"column-4\">0,901<\/td><td class=\"column-5\">140<\/td><td class=\"column-6\">Acier brut (lamin\u00e9 a froid) <\/td>\n<\/tr>\n<tr class=\"row-13\">\n\t<td class=\"column-1\">40<\/td><td class=\"column-2\">40<\/td><td class=\"column-3\">2,0<\/td><td class=\"column-4\">1,186<\/td><td class=\"column-5\">110<\/td><td class=\"column-6\">Acier brut (d\u00e9cap\u00e9) et galvanis\u00e9<\/td>\n<\/tr>\n<tr class=\"row-14\">\n\t<td class=\"column-1\">50<\/td><td class=\"column-2\">50<\/td><td class=\"column-3\">2,0<\/td><td class=\"column-4\">1,507<\/td><td class=\"column-5\">110<\/td><td class=\"column-6\">Acier brut (d\u00e9cap\u00e9) et galvanis\u00e9<\/td>\n<\/tr>\n<tr class=\"row-15\">\n\t<td class=\"column-1\">60<\/td><td class=\"column-2\">30<\/td><td class=\"column-3\">3,0<\/td><td class=\"column-4\">1,980<\/td><td class=\"column-5\">100<\/td><td class=\"column-6\">Acier brut (d\u00e9cap\u00e9) <\/td>\n<\/tr>\n<tr class=\"row-16\">\n\t<td class=\"column-1\">60<\/td><td class=\"column-2\">60<\/td><td class=\"column-3\">3,0<\/td><td class=\"column-4\">2,680<\/td><td class=\"column-5\">75<\/td><td class=\"column-6\">Acier brut (d\u00e9cap\u00e9) <\/td>\n<\/tr>\n<\/tbody>\n<\/table>\n<!-- #tablepress-64 from cache -->\n","protected":false},"featured_media":3825,"template":"","meta":{"_et_pb_use_builder":"off","_et_pb_old_content":"T\u00f4le de couverture r\u00e9duite pour la fabrication de portes, fermetures et rev\u00eatements ext\u00e9rieurs et int\u00e9rieurs.","_et_gb_content_width":""},"product_brand":[],"product_cat":[81],"product_tag":[],"class_list":{"0":"post-3823","1":"product","2":"type-product","3":"status-publish","4":"has-post-thumbnail","6":"product_cat-profiles-en-acier","8":"first","9":"instock","10":"shipping-taxable","11":"product-type-simple"},"_links":{"self":[{"href":"https:\/\/cierreshogar.com\/fr\/wp-json\/wp\/v2\/product\/3823","targetHints":{"allow":["GET"]}}],"collection":[{"href":"https:\/\/cierreshogar.com\/fr\/wp-json\/wp\/v2\/product"}],"about":[{"href":"https:\/\/cierreshogar.com\/fr\/wp-json\/wp\/v2\/types\/product"}],"wp:featuredmedia":[{"embeddable":true,"href":"https:\/\/cierreshogar.com\/fr\/wp-json\/wp\/v2\/media\/3825"}],"wp:attachment":[{"href":"https:\/\/cierreshogar.com\/fr\/wp-json\/wp\/v2\/media?parent=3823"}],"wp:term":[{"taxonomy":"product_brand","embeddable":true,"href":"https:\/\/cierreshogar.com\/fr\/wp-json\/wp\/v2\/product_brand?post=3823"},{"taxonomy":"product_cat","embeddable":true,"href":"https:\/\/cierreshogar.com\/fr\/wp-json\/wp\/v2\/product_cat?post=3823"},{"taxonomy":"product_tag","embeddable":true,"href":"https:\/\/cierreshogar.com\/fr\/wp-json\/wp\/v2\/product_tag?post=3823"}],"curies":[{"name":"wp","href":"https:\/\/api.w.org\/{rel}","templated":true}]}}