{"id":3829,"date":"2020-11-16T06:51:51","date_gmt":"2020-11-16T04:51:51","guid":{"rendered":"https:\/\/cierreshogar.com\/cerramientos\/profile-parclose-tra2\/"},"modified":"2021-07-01T12:37:59","modified_gmt":"2021-07-01T10:37:59","slug":"profile-parclose-tra2","status":"publish","type":"product","link":"https:\/\/cierreshogar.com\/fr\/cerramientos\/profile-parclose-tra2\/","title":{"rendered":"PROFIL\u00c9 PARCLOSE TRA2"},"content":{"rendered":"<p><strong>Le profil\u00e9 parclose tra 2<\/strong> est utilis\u00e9 pour fixer le carreau dans les menuiseries m\u00e9talliques (fen\u00eatres et portes). La parclose tra 2 s&rsquo;installe en le clipsant par la partie inf\u00e9rieure du cadre, sur tout son p\u00e9rim\u00e8tre, ajust\u00e9 \u00e0 la largeur de la vitre.<\/p>\n<p>Nous fabriquons parclose tra 2 <strong>en acier lamin\u00e9 \u00e0 froid en mesure de 10x12x0,8 mm et 10x15x0,8 mm et en acier galvanis\u00e9 en mesure de 10x12x0,8 mm<\/strong><\/p>\n","protected":false},"excerpt":{"rendered":"\n<table id=\"tablepress-62\" class=\"tablepress tablepress-id-62\">\n<thead>\n<tr class=\"row-1\">\n\t<th class=\"column-1\">A (mm) <\/th><th class=\"column-2\">Poids (Kg\/m)<\/th><th class=\"column-3\">Finitions<\/th>\n<\/tr>\n<\/thead>\n<tbody class=\"row-striping row-hover\">\n<tr class=\"row-2\">\n\t<td class=\"column-1\">10<\/td><td class=\"column-2\">0,210<\/td><td class=\"column-3\">Acier Galvanis\u00e9 et brut (lamin\u00e9 \u00e0 froid)<\/td>\n<\/tr>\n<tr class=\"row-3\">\n\t<td class=\"column-1\">15<\/td><td class=\"column-2\">0,270<\/td><td class=\"column-3\">Acier brut (lamin\u00e9 \u00e0 froid)<\/td>\n<\/tr>\n<\/tbody>\n<\/table>\n<!-- #tablepress-62 from cache -->\n","protected":false},"featured_media":3840,"template":"","meta":{"_et_pb_use_builder":"off","_et_pb_old_content":"T\u00f4le de couverture r\u00e9duite pour la fabrication de portes, fermetures et rev\u00eatements ext\u00e9rieurs et int\u00e9rieurs.","_et_gb_content_width":""},"product_brand":[],"product_cat":[81],"product_tag":[],"class_list":{"0":"post-3829","1":"product","2":"type-product","3":"status-publish","4":"has-post-thumbnail","6":"product_cat-profiles-en-acier","8":"first","9":"instock","10":"shipping-taxable","11":"product-type-simple"},"_links":{"self":[{"href":"https:\/\/cierreshogar.com\/fr\/wp-json\/wp\/v2\/product\/3829","targetHints":{"allow":["GET"]}}],"collection":[{"href":"https:\/\/cierreshogar.com\/fr\/wp-json\/wp\/v2\/product"}],"about":[{"href":"https:\/\/cierreshogar.com\/fr\/wp-json\/wp\/v2\/types\/product"}],"wp:featuredmedia":[{"embeddable":true,"href":"https:\/\/cierreshogar.com\/fr\/wp-json\/wp\/v2\/media\/3840"}],"wp:attachment":[{"href":"https:\/\/cierreshogar.com\/fr\/wp-json\/wp\/v2\/media?parent=3829"}],"wp:term":[{"taxonomy":"product_brand","embeddable":true,"href":"https:\/\/cierreshogar.com\/fr\/wp-json\/wp\/v2\/product_brand?post=3829"},{"taxonomy":"product_cat","embeddable":true,"href":"https:\/\/cierreshogar.com\/fr\/wp-json\/wp\/v2\/product_cat?post=3829"},{"taxonomy":"product_tag","embeddable":true,"href":"https:\/\/cierreshogar.com\/fr\/wp-json\/wp\/v2\/product_tag?post=3829"}],"curies":[{"name":"wp","href":"https:\/\/api.w.org\/{rel}","templated":true}]}}