{"id":3841,"date":"2020-11-16T05:48:32","date_gmt":"2020-11-16T03:48:32","guid":{"rendered":"https:\/\/cierreshogar.com\/cerramientos\/profile-en-u-ferme\/"},"modified":"2021-07-05T08:12:34","modified_gmt":"2021-07-05T06:12:34","slug":"profile-en-u-ferme","status":"publish","type":"product","link":"https:\/\/cierreshogar.com\/fr\/cerramientos\/profile-en-u-ferme\/","title":{"rendered":"PROFIL\u00c9 EN \u00ab\u00a0U\u00a0\u00bb FERM\u00c9"},"content":{"rendered":"<p><strong>Profil\u00e9 en U<\/strong> \u00e0 rebords qui ferment partiellement l&rsquo;ouverture et \u00e0 dimension r\u00e9duite.<\/p>\n<p>Il est con\u00e7u pour la fabrication de grilles m\u00e9talliques extensibles.<\/p>\n<p><strong>Il est fabriqu\u00e9 en acier galvanis\u00e9 de 1,2 mm.<\/strong><\/p>\n","protected":false},"excerpt":{"rendered":"\n<table id=\"tablepress-61\" class=\"tablepress tablepress-id-61\">\n<thead>\n<tr class=\"row-1\">\n\t<th class=\"column-1\">A (mm) <\/th><th class=\"column-2\">B (mm) <\/th><th class=\"column-3\">C (mm) <\/th><th class=\"column-4\">e (mm) <\/th><th class=\"column-5\">Finition<\/th>\n<\/tr>\n<\/thead>\n<tbody class=\"row-striping row-hover\">\n<tr class=\"row-2\">\n\t<td class=\"column-1\">10<\/td><td class=\"column-2\">20<\/td><td class=\"column-3\">3,5<\/td><td class=\"column-4\">1,2<\/td><td class=\"column-5\">Acier galvanis\u00e9<\/td>\n<\/tr>\n<\/tbody>\n<\/table>\n<!-- #tablepress-61 from cache -->\n","protected":false},"featured_media":3843,"template":"","meta":{"_et_pb_use_builder":"off","_et_pb_old_content":"T\u00f4le de couverture r\u00e9duite pour la fabrication de portes, fermetures et rev\u00eatements ext\u00e9rieurs et int\u00e9rieurs.","_et_gb_content_width":""},"product_brand":[],"product_cat":[81],"product_tag":[],"class_list":{"0":"post-3841","1":"product","2":"type-product","3":"status-publish","4":"has-post-thumbnail","6":"product_cat-profiles-en-acier","8":"first","9":"instock","10":"shipping-taxable","11":"product-type-simple"},"_links":{"self":[{"href":"https:\/\/cierreshogar.com\/fr\/wp-json\/wp\/v2\/product\/3841","targetHints":{"allow":["GET"]}}],"collection":[{"href":"https:\/\/cierreshogar.com\/fr\/wp-json\/wp\/v2\/product"}],"about":[{"href":"https:\/\/cierreshogar.com\/fr\/wp-json\/wp\/v2\/types\/product"}],"wp:featuredmedia":[{"embeddable":true,"href":"https:\/\/cierreshogar.com\/fr\/wp-json\/wp\/v2\/media\/3843"}],"wp:attachment":[{"href":"https:\/\/cierreshogar.com\/fr\/wp-json\/wp\/v2\/media?parent=3841"}],"wp:term":[{"taxonomy":"product_brand","embeddable":true,"href":"https:\/\/cierreshogar.com\/fr\/wp-json\/wp\/v2\/product_brand?post=3841"},{"taxonomy":"product_cat","embeddable":true,"href":"https:\/\/cierreshogar.com\/fr\/wp-json\/wp\/v2\/product_cat?post=3841"},{"taxonomy":"product_tag","embeddable":true,"href":"https:\/\/cierreshogar.com\/fr\/wp-json\/wp\/v2\/product_tag?post=3841"}],"curies":[{"name":"wp","href":"https:\/\/api.w.org\/{rel}","templated":true}]}}