{"id":3844,"date":"2020-11-16T04:59:51","date_gmt":"2020-11-16T02:59:51","guid":{"rendered":"https:\/\/cierreshogar.com\/cerramientos\/profile-serre\/"},"modified":"2021-07-05T08:37:20","modified_gmt":"2021-07-05T06:37:20","slug":"profile-serre","status":"publish","type":"product","link":"https:\/\/cierreshogar.com\/fr\/cerramientos\/profile-serre\/","title":{"rendered":"PROFIL\u00c9 SERRE"},"content":{"rendered":"<p>Le <strong>profil\u00e9 serre est un profil\u00e9<\/strong> om\u00e9ga adapt\u00e9 comme fixation du plastique, tissu ou filet qui couvre les serres.<\/p>\n<p>Dans son ouverture, au col l\u00e9g\u00e8rement marqu\u00e9, on serre le tissu ou plastique de la serre \u00e0 l&rsquo;aide d&rsquo;une baguette en poly\u00e9thyl\u00e8ne, en la laissant compl\u00e8tement ferm\u00e9e. En m\u00eame temps, gr\u00e2ce \u00e0 sa r\u00e9sistance, <strong>le profil\u00e9 omega contribue \u00e0 renforcer la structure de la serre dans son ensemble.<\/strong><\/p>\n","protected":false},"excerpt":{"rendered":"\n<table id=\"tablepress-60\" class=\"tablepress tablepress-id-60\">\n<thead>\n<tr class=\"row-1\">\n\t<th class=\"column-1\">A (mm) <\/th><th class=\"column-2\">B (mm) <\/th><th class=\"column-3\">C (mm) <\/th><th class=\"column-4\">e (mm) <\/th><th class=\"column-5\">Finitions<\/th>\n<\/tr>\n<\/thead>\n<tbody class=\"row-striping row-hover\">\n<tr class=\"row-2\">\n\t<td class=\"column-1\">25<\/td><td class=\"column-2\">40<\/td><td class=\"column-3\">25<\/td><td class=\"column-4\">1,5-2<\/td><td class=\"column-5\">Acier galvanis\u00e9<\/td>\n<\/tr>\n<tr class=\"row-3\">\n\t<td class=\"column-1\">25-50*<\/td><td class=\"column-2\">40<\/td><td class=\"column-3\">\u226425<\/td><td class=\"column-4\">1,5-2,5<\/td><td class=\"column-5\">Acier galvanis\u00e9, brut (decap\u00e9) et inox<\/td>\n<\/tr>\n<\/tbody>\n<\/table>\n<!-- #tablepress-60 from cache -->\n","protected":false},"featured_media":3846,"template":"","meta":{"_et_pb_use_builder":"off","_et_pb_old_content":"T\u00f4le de couverture r\u00e9duite pour la fabrication de portes, fermetures et rev\u00eatements ext\u00e9rieurs et int\u00e9rieurs.","_et_gb_content_width":""},"product_brand":[],"product_cat":[81],"product_tag":[],"class_list":{"0":"post-3844","1":"product","2":"type-product","3":"status-publish","4":"has-post-thumbnail","6":"product_cat-profiles-en-acier","8":"first","9":"instock","10":"shipping-taxable","11":"product-type-simple"},"_links":{"self":[{"href":"https:\/\/cierreshogar.com\/fr\/wp-json\/wp\/v2\/product\/3844","targetHints":{"allow":["GET"]}}],"collection":[{"href":"https:\/\/cierreshogar.com\/fr\/wp-json\/wp\/v2\/product"}],"about":[{"href":"https:\/\/cierreshogar.com\/fr\/wp-json\/wp\/v2\/types\/product"}],"wp:featuredmedia":[{"embeddable":true,"href":"https:\/\/cierreshogar.com\/fr\/wp-json\/wp\/v2\/media\/3846"}],"wp:attachment":[{"href":"https:\/\/cierreshogar.com\/fr\/wp-json\/wp\/v2\/media?parent=3844"}],"wp:term":[{"taxonomy":"product_brand","embeddable":true,"href":"https:\/\/cierreshogar.com\/fr\/wp-json\/wp\/v2\/product_brand?post=3844"},{"taxonomy":"product_cat","embeddable":true,"href":"https:\/\/cierreshogar.com\/fr\/wp-json\/wp\/v2\/product_cat?post=3844"},{"taxonomy":"product_tag","embeddable":true,"href":"https:\/\/cierreshogar.com\/fr\/wp-json\/wp\/v2\/product_tag?post=3844"}],"curies":[{"name":"wp","href":"https:\/\/api.w.org\/{rel}","templated":true}]}}