{"id":3847,"date":"2020-11-16T03:30:00","date_gmt":"2020-11-16T01:30:00","guid":{"rendered":"https:\/\/cierreshogar.com\/cerramientos\/profile-en-h\/"},"modified":"2021-07-05T08:39:33","modified_gmt":"2021-07-05T06:39:33","slug":"profile-en-h","status":"publish","type":"product","link":"https:\/\/cierreshogar.com\/fr\/cerramientos\/profile-en-h\/","title":{"rendered":"PROFIL\u00c9 EN \u00ab\u00a0H\u00a0\u00bb"},"content":{"rendered":"<p>Notre <strong>profil\u00e9 en H en acier galvanis\u00e9<\/strong> de 1 mm d&rsquo;\u00e9paisseur est pens\u00e9 sp\u00e9cifiquement comme joint d&rsquo;occultation verticale des jonctions de nos Panneaux Aluacero.<\/p>\n<p>Gr\u00e2ce \u00e0 sa double entr\u00e9e, il est \u00e9galement utilis\u00e9 comme <strong>raidisseur pour panneaux de toute sorte dans des installations ou des constructions avec d&rsquo;autres mat\u00e9riaux comme le pl\u00e2tre ou le bois.<\/strong><\/p>\n","protected":false},"excerpt":{"rendered":"\n<table id=\"tablepress-59\" class=\"tablepress tablepress-id-59\">\n<thead>\n<tr class=\"row-1\">\n\t<th class=\"column-1\">\u00c9paisseurs (mm) <\/th><th class=\"column-2\">Poids (Kg\/m)<\/th><th class=\"column-3\">Finition<\/th>\n<\/tr>\n<\/thead>\n<tbody class=\"row-striping row-hover\">\n<tr class=\"row-2\">\n\t<td class=\"column-1\">1<\/td><td class=\"column-2\">1,610<\/td><td class=\"column-3\">Acier galvanis\u00e9<\/td>\n<\/tr>\n<\/tbody>\n<\/table>\n<!-- #tablepress-59 from cache -->\n","protected":false},"featured_media":3849,"template":"","meta":{"_et_pb_use_builder":"off","_et_pb_old_content":"T\u00f4le de couverture r\u00e9duite pour la fabrication de portes, fermetures et rev\u00eatements ext\u00e9rieurs et int\u00e9rieurs.","_et_gb_content_width":""},"product_brand":[],"product_cat":[81],"product_tag":[],"class_list":{"0":"post-3847","1":"product","2":"type-product","3":"status-publish","4":"has-post-thumbnail","6":"product_cat-profiles-en-acier","8":"first","9":"instock","10":"shipping-taxable","11":"product-type-simple"},"_links":{"self":[{"href":"https:\/\/cierreshogar.com\/fr\/wp-json\/wp\/v2\/product\/3847","targetHints":{"allow":["GET"]}}],"collection":[{"href":"https:\/\/cierreshogar.com\/fr\/wp-json\/wp\/v2\/product"}],"about":[{"href":"https:\/\/cierreshogar.com\/fr\/wp-json\/wp\/v2\/types\/product"}],"wp:featuredmedia":[{"embeddable":true,"href":"https:\/\/cierreshogar.com\/fr\/wp-json\/wp\/v2\/media\/3849"}],"wp:attachment":[{"href":"https:\/\/cierreshogar.com\/fr\/wp-json\/wp\/v2\/media?parent=3847"}],"wp:term":[{"taxonomy":"product_brand","embeddable":true,"href":"https:\/\/cierreshogar.com\/fr\/wp-json\/wp\/v2\/product_brand?post=3847"},{"taxonomy":"product_cat","embeddable":true,"href":"https:\/\/cierreshogar.com\/fr\/wp-json\/wp\/v2\/product_cat?post=3847"},{"taxonomy":"product_tag","embeddable":true,"href":"https:\/\/cierreshogar.com\/fr\/wp-json\/wp\/v2\/product_tag?post=3847"}],"curies":[{"name":"wp","href":"https:\/\/api.w.org\/{rel}","templated":true}]}}