{"id":3850,"date":"2020-11-16T02:14:48","date_gmt":"2020-11-16T00:14:48","guid":{"rendered":"https:\/\/cierreshogar.com\/cerramientos\/profile-tube-ouvert\/"},"modified":"2021-07-05T08:41:16","modified_gmt":"2021-07-05T06:41:16","slug":"profile-tube-ouvert","status":"publish","type":"product","link":"https:\/\/cierreshogar.com\/fr\/cerramientos\/profile-tube-ouvert\/","title":{"rendered":"PROFIL\u00c9 TUBE OUVERT"},"content":{"rendered":"<p><strong>Profil\u00e9 tubulaire et quadrangulaire ouvert<\/strong>, avec diff\u00e9rentes applications structurales comme tasseau, rail, cadre, fabrication d&rsquo;\u00e9tag\u00e8res, carrosseries, mobilier, constructions et structures m\u00e9talliques en g\u00e9n\u00e9ral.<\/p>\n<p>Nous fabriquons plusieurs mesures de <strong>tube ouvert en acier galvanis\u00e9 ou lamin\u00e9 \u00e0 froid<\/strong> de 1,5 \u00e0 3 mm d&rsquo;\u00e9paisseur.<\/p>\n","protected":false},"excerpt":{"rendered":"\n<table id=\"tablepress-58\" class=\"tablepress tablepress-id-58\">\n<thead>\n<tr class=\"row-1\">\n\t<th class=\"column-1\">A (mm) <\/th><th class=\"column-2\">B (mm) <\/th><th class=\"column-3\">C (mm) <\/th><th class=\"column-4\">e (mm) <\/th><th class=\"column-5\">Finition<\/th>\n<\/tr>\n<\/thead>\n<tbody class=\"row-striping row-hover\">\n<tr class=\"row-2\">\n\t<td class=\"column-1\">30<\/td><td class=\"column-2\">30<\/td><td class=\"column-3\">9,5<\/td><td class=\"column-4\">1,5\/2<\/td><td class=\"column-5\">Acier galva et brut (decap\u00e9)<\/td>\n<\/tr>\n<tr class=\"row-3\">\n\t<td class=\"column-1\">30<\/td><td class=\"column-2\">50<\/td><td class=\"column-3\">15<\/td><td class=\"column-4\">3<\/td><td class=\"column-5\">Acier galva et brut (decap\u00e9)<\/td>\n<\/tr>\n<tr class=\"row-4\">\n\t<td class=\"column-1\">50<\/td><td class=\"column-2\">120<\/td><td class=\"column-3\">15<\/td><td class=\"column-4\">3<\/td><td class=\"column-5\">Acier galva et brut (decap\u00e9)<\/td>\n<\/tr>\n<tr class=\"row-5\">\n\t<td class=\"column-1\">50-80<\/td><td class=\"column-2\">140-300*<\/td><td class=\"column-3\">8-20*<\/td><td class=\"column-4\">1,5-3*<\/td><td class=\"column-5\">Acier galva et brut (decap\u00e9)<\/td>\n<\/tr>\n<\/tbody>\n<\/table>\n<!-- #tablepress-58 from cache -->\n","protected":false},"featured_media":3854,"template":"","meta":{"_et_pb_use_builder":"off","_et_pb_old_content":"","_et_gb_content_width":""},"product_brand":[],"product_cat":[81],"product_tag":[],"class_list":{"0":"post-3850","1":"product","2":"type-product","3":"status-publish","4":"has-post-thumbnail","6":"product_cat-profiles-en-acier","8":"first","9":"instock","10":"shipping-taxable","11":"product-type-simple"},"_links":{"self":[{"href":"https:\/\/cierreshogar.com\/fr\/wp-json\/wp\/v2\/product\/3850","targetHints":{"allow":["GET"]}}],"collection":[{"href":"https:\/\/cierreshogar.com\/fr\/wp-json\/wp\/v2\/product"}],"about":[{"href":"https:\/\/cierreshogar.com\/fr\/wp-json\/wp\/v2\/types\/product"}],"wp:featuredmedia":[{"embeddable":true,"href":"https:\/\/cierreshogar.com\/fr\/wp-json\/wp\/v2\/media\/3854"}],"wp:attachment":[{"href":"https:\/\/cierreshogar.com\/fr\/wp-json\/wp\/v2\/media?parent=3850"}],"wp:term":[{"taxonomy":"product_brand","embeddable":true,"href":"https:\/\/cierreshogar.com\/fr\/wp-json\/wp\/v2\/product_brand?post=3850"},{"taxonomy":"product_cat","embeddable":true,"href":"https:\/\/cierreshogar.com\/fr\/wp-json\/wp\/v2\/product_cat?post=3850"},{"taxonomy":"product_tag","embeddable":true,"href":"https:\/\/cierreshogar.com\/fr\/wp-json\/wp\/v2\/product_tag?post=3850"}],"curies":[{"name":"wp","href":"https:\/\/api.w.org\/{rel}","templated":true}]}}