{"id":3855,"date":"2020-11-16T01:24:12","date_gmt":"2020-11-15T23:24:12","guid":{"rendered":"https:\/\/cierreshogar.com\/cerramientos\/profile-omega\/"},"modified":"2021-07-05T08:42:45","modified_gmt":"2021-07-05T06:42:45","slug":"profile-omega","status":"publish","type":"product","link":"https:\/\/cierreshogar.com\/fr\/cerramientos\/profile-omega\/","title":{"rendered":"PROFIL\u00c9 OMEGA"},"content":{"rendered":"<p><strong>Le profil\u00e9 omega est utilis\u00e9 comme tasseau ou \u00e9l\u00e9ment autoportant de s\u00e9paration entre fa\u00e7ade et rev\u00eatement<\/strong>. Il est \u00e9galement utilis\u00e9 comme s\u00e9parateur pour les toitures et les plafonds.<\/p>\n<p>D&rsquo;autres applications comprennent la fabrication de serres, d&rsquo;\u00e9tag\u00e8res m\u00e9talliques ou de mobilier m\u00e9tallique.<\/p>\n<p><strong>Nous fabriquons des profil\u00e9s omega de 1,5 et 2 mm d&rsquo;\u00e9paisseur en acier galvanis\u00e9<\/strong>, mais nous pouvons nous adapter \u00e0 d&rsquo;autres exigences en \u00e9paisseur et finition.<\/p>\n","protected":false},"excerpt":{"rendered":"\n<table id=\"tablepress-57\" class=\"tablepress tablepress-id-57\">\n<thead>\n<tr class=\"row-1\">\n\t<th class=\"column-1\">A (mm) <\/th><th class=\"column-2\">B (mm) <\/th><th class=\"column-3\">C (mm) <\/th><th class=\"column-4\">e (mm) <\/th><th class=\"column-5\">Finition<\/th>\n<\/tr>\n<\/thead>\n<tbody class=\"row-striping row-hover\">\n<tr class=\"row-2\">\n\t<td class=\"column-1\">30<\/td><td class=\"column-2\">40<\/td><td class=\"column-3\">20<\/td><td class=\"column-4\">1,5<\/td><td class=\"column-5\">Acier galvanis\u00e9<\/td>\n<\/tr>\n<tr class=\"row-3\">\n\t<td class=\"column-1\">30<\/td><td class=\"column-2\">40<\/td><td class=\"column-3\">20<\/td><td class=\"column-4\">2<\/td><td class=\"column-5\">Acier galvanis\u00e9<\/td>\n<\/tr>\n<tr class=\"row-4\">\n\t<td class=\"column-1\">30<\/td><td class=\"column-2\">60<\/td><td class=\"column-3\">20<\/td><td class=\"column-4\">2<\/td><td class=\"column-5\">Acier galvanis\u00e9<\/td>\n<\/tr>\n<tr class=\"row-5\">\n\t<td class=\"column-1\">25-80<\/td><td class=\"column-2\">25\/30\/40<\/td><td class=\"column-3\">15<\/td><td class=\"column-4\">1,5-2,5<\/td><td class=\"column-5\">Acier galvanis\u00e9, brut (decap\u00e9) et Inox<\/td>\n<\/tr>\n<tr class=\"row-6\">\n\t<td class=\"column-1\">25-70<\/td><td class=\"column-2\">25\/30\/40\/50<\/td><td class=\"column-3\">15<\/td><td class=\"column-4\">1,5-2,5<\/td><td class=\"column-5\">Acier galvanis\u00e9, brut (decap\u00e9) et Inox<\/td>\n<\/tr>\n<tr class=\"row-7\">\n\t<td class=\"column-1\">25-60<\/td><td class=\"column-2\">25\/30\/40\/50<\/td><td class=\"column-3\">\u226420<\/td><td class=\"column-4\">1,5-2,5<\/td><td class=\"column-5\">Acier galvanis\u00e9, brut (decap\u00e9) et Inox<\/td>\n<\/tr>\n<tr class=\"row-8\">\n\t<td class=\"column-1\">25-50<\/td><td class=\"column-2\">20\/30\/40\/50\/60<\/td><td class=\"column-3\">\u226425<\/td><td class=\"column-4\">1,5-2,5<\/td><td class=\"column-5\">Acier galvanis\u00e9, brut (decap\u00e9) et Inox<\/td>\n<\/tr>\n<\/tbody>\n<\/table>\n<!-- #tablepress-57 from cache -->\n","protected":false},"featured_media":3857,"template":"","meta":{"_et_pb_use_builder":"off","_et_pb_old_content":"<strong>Le profil\u00e9 omega<\/strong> est utilis\u00e9 comme tasseau ou \u00e9l\u00e9ment autoportant de s\u00e9paration entre fa\u00e7ade et rev\u00eatement. Il est \u00e9galement utilis\u00e9 comme s\u00e9parateur pour toitures et plafonds.\r\n\r\nD'autres applications comprennent la fabrication de serres, \u00e9tag\u00e8res m\u00e9talliques ou mobilier m\u00e9tallique.\r\n\r\nNous fabriquons des profil\u00e9s omega de 1,5 et 2 mm d'\u00e9paisseur en <strong>acier galvanis\u00e9<\/strong>, mais nous pouvons <strong>nous adapter \u00e0 d'autres exigences<\/strong> en \u00e9paisseur et finition.","_et_gb_content_width":""},"product_brand":[],"product_cat":[81],"product_tag":[],"class_list":{"0":"post-3855","1":"product","2":"type-product","3":"status-publish","4":"has-post-thumbnail","6":"product_cat-profiles-en-acier","8":"first","9":"instock","10":"shipping-taxable","11":"product-type-simple"},"_links":{"self":[{"href":"https:\/\/cierreshogar.com\/fr\/wp-json\/wp\/v2\/product\/3855","targetHints":{"allow":["GET"]}}],"collection":[{"href":"https:\/\/cierreshogar.com\/fr\/wp-json\/wp\/v2\/product"}],"about":[{"href":"https:\/\/cierreshogar.com\/fr\/wp-json\/wp\/v2\/types\/product"}],"wp:featuredmedia":[{"embeddable":true,"href":"https:\/\/cierreshogar.com\/fr\/wp-json\/wp\/v2\/media\/3857"}],"wp:attachment":[{"href":"https:\/\/cierreshogar.com\/fr\/wp-json\/wp\/v2\/media?parent=3855"}],"wp:term":[{"taxonomy":"product_brand","embeddable":true,"href":"https:\/\/cierreshogar.com\/fr\/wp-json\/wp\/v2\/product_brand?post=3855"},{"taxonomy":"product_cat","embeddable":true,"href":"https:\/\/cierreshogar.com\/fr\/wp-json\/wp\/v2\/product_cat?post=3855"},{"taxonomy":"product_tag","embeddable":true,"href":"https:\/\/cierreshogar.com\/fr\/wp-json\/wp\/v2\/product_tag?post=3855"}],"curies":[{"name":"wp","href":"https:\/\/api.w.org\/{rel}","templated":true}]}}