{"id":3858,"date":"2020-11-19T14:35:39","date_gmt":"2020-11-19T12:35:39","guid":{"rendered":"https:\/\/cierreshogar.com\/cerramientos\/tole-industrielle\/"},"modified":"2021-07-01T11:54:04","modified_gmt":"2021-07-01T09:54:04","slug":"tole-industrielle","status":"publish","type":"product","link":"https:\/\/cierreshogar.com\/fr\/cerramientos\/tole-industrielle\/","title":{"rendered":"T\u00d4LE INDUSTRIELLE"},"content":{"rendered":"<p><strong>T\u00f4le multi-usages<\/strong> de couverture r\u00e9duite pour la <strong>fabrication de portes et portails<\/strong>.<\/p>\n","protected":false},"excerpt":{"rendered":"\n<table id=\"tablepress-56\" class=\"tablepress tablepress-id-56\">\n<thead>\n<tr class=\"row-1\">\n\t<th class=\"column-1\">\u00c9paisseur (mm)<\/th><th class=\"column-2\">Poids (Kg\/m)<\/th><th class=\"column-3\">Finition<\/th>\n<\/tr>\n<\/thead>\n<tbody class=\"row-striping row-hover\">\n<tr class=\"row-2\">\n\t<td class=\"column-1\">0,7<\/td><td class=\"column-2\">1,35<\/td><td class=\"column-3\">Acier galvanis\u00e9<\/td>\n<\/tr>\n<\/tbody>\n<\/table>\n<!-- #tablepress-56 from cache -->\n","protected":false},"featured_media":3861,"template":"","meta":{"_et_pb_use_builder":"off","_et_pb_old_content":"T\u00f4le de couverture r\u00e9duite pour la fabrication de portes, fermetures et rev\u00eatements ext\u00e9rieurs et int\u00e9rieurs.","_et_gb_content_width":""},"product_brand":[],"product_cat":[68,80],"product_tag":[],"class_list":{"0":"post-3858","1":"product","2":"type-product","3":"status-publish","4":"has-post-thumbnail","6":"product_cat-portes-et-rails","7":"product_cat-toles-nervurees","9":"first","10":"instock","11":"shipping-taxable","12":"product-type-simple"},"_links":{"self":[{"href":"https:\/\/cierreshogar.com\/fr\/wp-json\/wp\/v2\/product\/3858","targetHints":{"allow":["GET"]}}],"collection":[{"href":"https:\/\/cierreshogar.com\/fr\/wp-json\/wp\/v2\/product"}],"about":[{"href":"https:\/\/cierreshogar.com\/fr\/wp-json\/wp\/v2\/types\/product"}],"wp:featuredmedia":[{"embeddable":true,"href":"https:\/\/cierreshogar.com\/fr\/wp-json\/wp\/v2\/media\/3861"}],"wp:attachment":[{"href":"https:\/\/cierreshogar.com\/fr\/wp-json\/wp\/v2\/media?parent=3858"}],"wp:term":[{"taxonomy":"product_brand","embeddable":true,"href":"https:\/\/cierreshogar.com\/fr\/wp-json\/wp\/v2\/product_brand?post=3858"},{"taxonomy":"product_cat","embeddable":true,"href":"https:\/\/cierreshogar.com\/fr\/wp-json\/wp\/v2\/product_cat?post=3858"},{"taxonomy":"product_tag","embeddable":true,"href":"https:\/\/cierreshogar.com\/fr\/wp-json\/wp\/v2\/product_tag?post=3858"}],"curies":[{"name":"wp","href":"https:\/\/api.w.org\/{rel}","templated":true}]}}