{"id":3862,"date":"2020-11-19T13:17:16","date_gmt":"2020-11-19T11:17:16","guid":{"rendered":"https:\/\/cierreshogar.com\/cerramientos\/tole-p-b-360\/"},"modified":"2021-07-01T11:54:40","modified_gmt":"2021-07-01T09:54:40","slug":"tole-p-b-360","status":"publish","type":"product","link":"https:\/\/cierreshogar.com\/fr\/cerramientos\/tole-p-b-360\/","title":{"rendered":"T\u00d4LE P.B. 360"},"content":{"rendered":"<p><strong>Module de couverture r\u00e9duite de la t\u00f4le nervur\u00e9e 890<\/strong>. Elle a les m\u00eames applications dans la fabrication de portes, fermetures et rev\u00eatements.<\/p>\n","protected":false},"excerpt":{"rendered":"\n<table id=\"tablepress-55\" class=\"tablepress tablepress-id-55\">\n<thead>\n<tr class=\"row-1\">\n\t<th class=\"column-1\">\u00c8paisseur (mm)<\/th><th class=\"column-2\">Poids (Kg\/m)<\/th><th class=\"column-3\">Finition<\/th>\n<\/tr>\n<\/thead>\n<tbody class=\"row-striping row-hover\">\n<tr class=\"row-2\">\n\t<td class=\"column-1\">0,7<\/td><td class=\"column-2\">2,276<\/td><td class=\"column-3\">Acier galvanis\u00e9<\/td>\n<\/tr>\n<tr class=\"row-3\">\n\t<td class=\"column-1\">0,9<\/td><td class=\"column-2\">2,895<\/td><td class=\"column-3\">Acier galvanis\u00e9 et brut (lamin\u00e9 \u00e0 froid)<\/td>\n<\/tr>\n<\/tbody>\n<\/table>\n<!-- #tablepress-55 from cache -->\n","protected":false},"featured_media":3866,"template":"","meta":{"_et_pb_use_builder":"off","_et_pb_old_content":"T\u00f4le de couverture r\u00e9duite pour la fabrication de portes, fermetures et rev\u00eatements ext\u00e9rieurs et int\u00e9rieurs.","_et_gb_content_width":""},"product_brand":[],"product_cat":[68,80],"product_tag":[],"class_list":{"0":"post-3862","1":"product","2":"type-product","3":"status-publish","4":"has-post-thumbnail","6":"product_cat-portes-et-rails","7":"product_cat-toles-nervurees","9":"first","10":"instock","11":"shipping-taxable","12":"product-type-simple"},"_links":{"self":[{"href":"https:\/\/cierreshogar.com\/fr\/wp-json\/wp\/v2\/product\/3862","targetHints":{"allow":["GET"]}}],"collection":[{"href":"https:\/\/cierreshogar.com\/fr\/wp-json\/wp\/v2\/product"}],"about":[{"href":"https:\/\/cierreshogar.com\/fr\/wp-json\/wp\/v2\/types\/product"}],"wp:featuredmedia":[{"embeddable":true,"href":"https:\/\/cierreshogar.com\/fr\/wp-json\/wp\/v2\/media\/3866"}],"wp:attachment":[{"href":"https:\/\/cierreshogar.com\/fr\/wp-json\/wp\/v2\/media?parent=3862"}],"wp:term":[{"taxonomy":"product_brand","embeddable":true,"href":"https:\/\/cierreshogar.com\/fr\/wp-json\/wp\/v2\/product_brand?post=3862"},{"taxonomy":"product_cat","embeddable":true,"href":"https:\/\/cierreshogar.com\/fr\/wp-json\/wp\/v2\/product_cat?post=3862"},{"taxonomy":"product_tag","embeddable":true,"href":"https:\/\/cierreshogar.com\/fr\/wp-json\/wp\/v2\/product_tag?post=3862"}],"curies":[{"name":"wp","href":"https:\/\/api.w.org\/{rel}","templated":true}]}}