{"id":3867,"date":"2020-11-19T12:04:05","date_gmt":"2020-11-19T10:04:05","guid":{"rendered":"https:\/\/cierreshogar.com\/cerramientos\/tole-pegaso\/"},"modified":"2021-07-01T11:55:20","modified_gmt":"2021-07-01T09:55:20","slug":"tole-pegaso","status":"publish","type":"product","link":"https:\/\/cierreshogar.com\/fr\/cerramientos\/tole-pegaso\/","title":{"rendered":"T\u00d4LE PEGASO"},"content":{"rendered":"<p>La<b> T\u00f4le Pegaso est une t\u00f4le nervur\u00e9e multi-usages<\/b>\u00a0d&rsquo;une excellente r\u00e9sistance m\u00e9canique gr\u00e2ce \u00e0 ses plis et \u00e0 son \u00e9paisseur.<\/p>\n<p><strong>Fabriqu\u00e9e en acier galvanis\u00e9<\/strong> (0,8 et 1 mm) et en acier lamin\u00e9 \u00e0 froid (1 mm), il s&rsquo;agit d&rsquo;une t\u00f4le soudable appropri\u00e9e pour des usages multiples, comme la fabrication de portes, cabanes de chantier pour jardin, fermetures et autres \u00e9l\u00e9ments.<\/p>\n<p>La T\u00f4le Pegaso est fabriqu\u00e9e dans des largeurs de 1000 et 500 mm pour apporter la plus grande couverture.<\/p>\n","protected":false},"excerpt":{"rendered":"\n<table id=\"tablepress-54\" class=\"tablepress tablepress-id-54\">\n<thead>\n<tr class=\"row-1\">\n\t<th class=\"column-1\">Largeur (mm)<\/th><th class=\"column-2\">\u00c8paisseur (mm)<\/th><th class=\"column-3\">Poids (Kg\/m)<\/th><th class=\"column-4\">Finitions<\/th>\n<\/tr>\n<\/thead>\n<tbody class=\"row-striping row-hover\">\n<tr class=\"row-2\">\n\t<td class=\"column-1\">1000<\/td><td class=\"column-2\">1<\/td><td class=\"column-3\">9,300<\/td><td class=\"column-4\">Acier galvanis\u00e9 et brut (lamin\u00e9 \u00e0 froid)<\/td>\n<\/tr>\n<tr class=\"row-3\">\n\t<td class=\"column-1\">1000<\/td><td class=\"column-2\">0,8<\/td><td class=\"column-3\">7,500<\/td><td class=\"column-4\">Acier galvanis\u00e9<\/td>\n<\/tr>\n<tr class=\"row-4\">\n\t<td class=\"column-1\">500<\/td><td class=\"column-2\">1<\/td><td class=\"column-3\">4,83<\/td><td class=\"column-4\">Acier galvanis\u00e9 et brut (lamin\u00e9 \u00e0 froid)<\/td>\n<\/tr>\n<\/tbody>\n<\/table>\n<!-- #tablepress-54 from cache -->\n","protected":false},"featured_media":3872,"template":"","meta":{"_et_pb_use_builder":"off","_et_pb_old_content":"T\u00f4le multi-usages \u00e0 couverture large (deux formats, 1000 mm et 50 mm), soudable et tr\u00e8s r\u00e9sistante.","_et_gb_content_width":""},"product_brand":[],"product_cat":[68,80],"product_tag":[],"class_list":{"0":"post-3867","1":"product","2":"type-product","3":"status-publish","4":"has-post-thumbnail","6":"product_cat-portes-et-rails","7":"product_cat-toles-nervurees","9":"first","10":"instock","11":"shipping-taxable","12":"product-type-simple"},"_links":{"self":[{"href":"https:\/\/cierreshogar.com\/fr\/wp-json\/wp\/v2\/product\/3867","targetHints":{"allow":["GET"]}}],"collection":[{"href":"https:\/\/cierreshogar.com\/fr\/wp-json\/wp\/v2\/product"}],"about":[{"href":"https:\/\/cierreshogar.com\/fr\/wp-json\/wp\/v2\/types\/product"}],"wp:featuredmedia":[{"embeddable":true,"href":"https:\/\/cierreshogar.com\/fr\/wp-json\/wp\/v2\/media\/3872"}],"wp:attachment":[{"href":"https:\/\/cierreshogar.com\/fr\/wp-json\/wp\/v2\/media?parent=3867"}],"wp:term":[{"taxonomy":"product_brand","embeddable":true,"href":"https:\/\/cierreshogar.com\/fr\/wp-json\/wp\/v2\/product_brand?post=3867"},{"taxonomy":"product_cat","embeddable":true,"href":"https:\/\/cierreshogar.com\/fr\/wp-json\/wp\/v2\/product_cat?post=3867"},{"taxonomy":"product_tag","embeddable":true,"href":"https:\/\/cierreshogar.com\/fr\/wp-json\/wp\/v2\/product_tag?post=3867"}],"curies":[{"name":"wp","href":"https:\/\/api.w.org\/{rel}","templated":true}]}}