{"id":3878,"date":"2020-11-19T11:12:44","date_gmt":"2020-11-19T09:12:44","guid":{"rendered":"https:\/\/cierreshogar.com\/cerramientos\/tole-p-b-200\/"},"modified":"2021-07-01T11:56:40","modified_gmt":"2021-07-01T09:56:40","slug":"tole-p-b-200","status":"publish","type":"product","link":"https:\/\/cierreshogar.com\/fr\/cerramientos\/tole-p-b-200\/","title":{"rendered":"T\u00d4LE P.B. 200"},"content":{"rendered":"<p>Parmi les t\u00f4les nervur\u00e9es \u00e0 usages multiples que nous fabriquons chez Cierres del Hogar, la t\u00f4le P.B. 200 se distingue par sa couverture r\u00e9duite. Elle est tr\u00e8s maniable, et capable de s&rsquo;adapter \u00e0 diff\u00e9rentes baies, car elle se chevauche facilement.<\/p>\n<p>Elle est fabriqu\u00e9e en acier galvanis\u00e9 et lamin\u00e9 \u00e0 froid, pleine ou microperfor\u00e9e, et en aluminium. Par ailleurs, elle peut \u00eatre servie avec diff\u00e9rents laquages, parmi lesquels ressort le nouveau laquage bois, texturis\u00e9 et \u00e0 haute r\u00e9sistance.<\/p>\n<p>Elle est parfaite pour la fabrication de portes, fermetures et rev\u00eatements ext\u00e9rieurs et int\u00e9rieurs.<\/p>\n","protected":false},"excerpt":{"rendered":"\n<table id=\"tablepress-53\" class=\"tablepress tablepress-id-53\">\n<thead>\n<tr class=\"row-1\">\n\t<th class=\"column-1\">\u00c8paisseur (mm)<\/th><th class=\"column-2\">Poids (Kg\/m)<\/th><th class=\"column-3\">Finitions<\/th>\n<\/tr>\n<\/thead>\n<tbody class=\"row-striping row-hover\">\n<tr class=\"row-2\">\n\t<td class=\"column-1\">0,6<\/td><td class=\"column-2\">Acier plein: 1,260<br \/>\nAcier micropf: 1,100<\/td><td class=\"column-3\">Acier galvanis\u00e9, acier pre-laqu\u00e9.<br \/>\nPre-laqu\u00e9s: Blanc-1006, sable- 2000, vert-3000, rouge-7004, tabac-2005. Autres couleurs \u00e0 consulter.<\/td>\n<\/tr>\n<tr class=\"row-3\">\n\t<td class=\"column-1\">0,7<\/td><td class=\"column-2\">Plein: 1,470<\/td><td class=\"column-3\">Acier inoxidable<\/td>\n<\/tr>\n<tr class=\"row-4\">\n\t<td class=\"column-1\">0,8<\/td><td class=\"column-2\">Acier plein: 1,680<br \/>\nAcier micropf: 1,203<\/td><td class=\"column-3\">Acier brut (lamin\u00e9 \u00e0 froid), prelaqu\u00e9 blanc-1006<\/td>\n<\/tr>\n<tr class=\"row-5\">\n\t<td class=\"column-1\">1,0<\/td><td class=\"column-2\">Acier plein: 0,718<br \/>\nAcier micropf: 0,503<\/td><td class=\"column-3\">Aluminium brut<\/td>\n<\/tr>\n<\/tbody>\n<\/table>\n<!-- #tablepress-53 from cache -->\n","protected":false},"featured_media":3887,"template":"","meta":{"_et_pb_use_builder":"off","_et_pb_old_content":"Parmi les t\u00f4les nervur\u00e9es \u00e0 usages multiples que nous fabriquons chea Cierres del Hogar, la t\u00f4le P.B.200 se distingue par sa couverture r\u00e9duite. Elle est tr\u00e8s maniables, et capable de s'adapter \u00e0 diff\u00e9rentes ouvertures, car elle se chevauche facilement.\r\n\r\nElle est fabriqu\u00e9e en acier galvanis\u00e9 et lamin\u00e9 \u00e0 froid, pleine ou microperfor\u00e9e, et en aluminium. Par ailleurs, elle peut \u00eatre servie avec diff\u00e9rents laquages, parmi lesquels ressort le nouveau laquage bois, texturis\u00e9 et d'une grande r\u00e9sistance.\r\n\r\nElle est parfaite pour la fabrication de portes, fermetures et rev\u00eatements ext\u00e9rieurs et int\u00e9rieurs.","_et_gb_content_width":""},"product_brand":[],"product_cat":[68,80],"product_tag":[],"class_list":{"0":"post-3878","1":"product","2":"type-product","3":"status-publish","4":"has-post-thumbnail","6":"product_cat-portes-et-rails","7":"product_cat-toles-nervurees","9":"first","10":"instock","11":"shipping-taxable","12":"product-type-simple"},"_links":{"self":[{"href":"https:\/\/cierreshogar.com\/fr\/wp-json\/wp\/v2\/product\/3878","targetHints":{"allow":["GET"]}}],"collection":[{"href":"https:\/\/cierreshogar.com\/fr\/wp-json\/wp\/v2\/product"}],"about":[{"href":"https:\/\/cierreshogar.com\/fr\/wp-json\/wp\/v2\/types\/product"}],"wp:featuredmedia":[{"embeddable":true,"href":"https:\/\/cierreshogar.com\/fr\/wp-json\/wp\/v2\/media\/3887"}],"wp:attachment":[{"href":"https:\/\/cierreshogar.com\/fr\/wp-json\/wp\/v2\/media?parent=3878"}],"wp:term":[{"taxonomy":"product_brand","embeddable":true,"href":"https:\/\/cierreshogar.com\/fr\/wp-json\/wp\/v2\/product_brand?post=3878"},{"taxonomy":"product_cat","embeddable":true,"href":"https:\/\/cierreshogar.com\/fr\/wp-json\/wp\/v2\/product_cat?post=3878"},{"taxonomy":"product_tag","embeddable":true,"href":"https:\/\/cierreshogar.com\/fr\/wp-json\/wp\/v2\/product_tag?post=3878"}],"curies":[{"name":"wp","href":"https:\/\/api.w.org\/{rel}","templated":true}]}}