{"id":3899,"date":"2021-03-02T16:27:16","date_gmt":"2021-03-02T14:27:16","guid":{"rendered":"https:\/\/cierreshogar.com\/cerramientos\/grille-a-elements\/"},"modified":"2021-06-06T17:49:54","modified_gmt":"2021-06-06T15:49:54","slug":"grille-a-elements","status":"publish","type":"product","link":"https:\/\/cierreshogar.com\/fr\/cerramientos\/grille-a-elements\/","title":{"rendered":"Grille \u00e0 \u00e9l\u00e9ments"},"content":{"rendered":"<p>Grilles anti-graffiti \u00e0 grande visibilit\u00e9 et haute s\u00e9curit\u00e9. Bien que l&rsquo;on tire profit de leur partie centrale, elles ne sortent pas de leurs rails. Les pans sont fabriqu\u00e9s \u00e0 base de tubes et de pi\u00e8ces d\u00e9tach\u00e9es pour former des dessins de briques ou de demi-lunes, qui leur donnent une grande r\u00e9sistance et permettent de voir les articles expos\u00e9s \u00e0 l&rsquo;int\u00e9rieur des locaux commerciaux losqu&rsquo;ils sont ferm\u00e9s.<\/p>\n","protected":false},"excerpt":{"rendered":"<p><strong>FERMETURE DE SECURIT\u00c9 ALUACERO<\/strong><\/p>\n\n<table id=\"tablepress-48\" class=\"tablepress tablepress-id-48\">\n<thead>\n<tr class=\"row-1\">\n\t<td class=\"column-1\"><\/td><th class=\"column-2\">Indicaci\u00f3n unidades por m2<br \/>\nTubo de 100 mm<\/th><th class=\"column-3\">Acabado<\/th>\n<\/tr>\n<\/thead>\n<tbody class=\"row-striping row-hover\">\n<tr class=\"row-2\">\n\t<td class=\"column-1\">Tubos<\/td><td class=\"column-2\">160 ud.<\/td><td class=\"column-3\">ALUMINIO sin anodizar <br \/>\nACERO zincado plata.<\/td>\n<\/tr>\n<tr class=\"row-3\">\n\t<td class=\"column-1\">Pletinas<\/td><td class=\"column-2\">68 ud.<\/td><td class=\"column-3\">ALUMINIO sin anodizar <br \/>\nACERO zincado plata.<\/td>\n<\/tr>\n<tr class=\"row-4\">\n\t<td class=\"column-1\">Tubo interior<\/td><td class=\"column-2\">18 m<\/td><td class=\"column-3\">Acero zincado plata<\/td>\n<\/tr>\n<tr class=\"row-5\">\n\t<td class=\"column-1\">Pletina lateral<\/td><td class=\"column-2\">36 m<\/td><td class=\"column-3\">Acero galvanizado<\/td>\n<\/tr>\n<\/tbody>\n<\/table>\n<!-- #tablepress-48 from cache -->\n<p><strong>FERMETURE DE S\u00c9CURIT\u00c9 DEMI-LUNE<\/strong><\/p>\n\n<table id=\"tablepress-49\" class=\"tablepress tablepress-id-49\">\n<thead>\n<tr class=\"row-1\">\n\t<td class=\"column-1\"><\/td><th class=\"column-2\">Indicaci\u00f3n unidades<br \/>\npor m2<\/th><th class=\"column-3\">Acabado<\/th>\n<\/tr>\n<\/thead>\n<tbody class=\"row-striping row-hover\">\n<tr class=\"row-2\">\n\t<td class=\"column-1\">Pieza media luna<\/td><td class=\"column-2\">55 ud.<\/td><td class=\"column-3\">Acero inoxidable<\/td>\n<\/tr>\n<tr class=\"row-3\">\n\t<td class=\"column-1\">Tubo interior<\/td><td class=\"column-2\">11 ud.<\/td><td class=\"column-3\">Acero zincado<\/td>\n<\/tr>\n<tr class=\"row-4\">\n\t<td class=\"column-1\">Remate lateral<\/td><td class=\"column-2\">22 ud.<\/td><td class=\"column-3\">Acero galvanizado<\/td>\n<\/tr>\n<\/tbody>\n<\/table>\n<!-- #tablepress-49 from cache -->\n","protected":false},"featured_media":3906,"template":"","meta":{"_et_pb_use_builder":"off","_et_pb_old_content":"T\u00f4le de couverture r\u00e9duite pour la fabrication de portes, fermetures et rev\u00eatements ext\u00e9rieurs et int\u00e9rieurs.","_et_gb_content_width":""},"product_brand":[],"product_cat":[61],"product_tag":[],"class_list":{"0":"post-3899","1":"product","2":"type-product","3":"status-publish","4":"has-post-thumbnail","6":"product_cat-rideaux-metalliques","8":"first","9":"instock","10":"featured","11":"shipping-taxable","12":"product-type-simple"},"_links":{"self":[{"href":"https:\/\/cierreshogar.com\/fr\/wp-json\/wp\/v2\/product\/3899","targetHints":{"allow":["GET"]}}],"collection":[{"href":"https:\/\/cierreshogar.com\/fr\/wp-json\/wp\/v2\/product"}],"about":[{"href":"https:\/\/cierreshogar.com\/fr\/wp-json\/wp\/v2\/types\/product"}],"wp:featuredmedia":[{"embeddable":true,"href":"https:\/\/cierreshogar.com\/fr\/wp-json\/wp\/v2\/media\/3906"}],"wp:attachment":[{"href":"https:\/\/cierreshogar.com\/fr\/wp-json\/wp\/v2\/media?parent=3899"}],"wp:term":[{"taxonomy":"product_brand","embeddable":true,"href":"https:\/\/cierreshogar.com\/fr\/wp-json\/wp\/v2\/product_brand?post=3899"},{"taxonomy":"product_cat","embeddable":true,"href":"https:\/\/cierreshogar.com\/fr\/wp-json\/wp\/v2\/product_cat?post=3899"},{"taxonomy":"product_tag","embeddable":true,"href":"https:\/\/cierreshogar.com\/fr\/wp-json\/wp\/v2\/product_tag?post=3899"}],"curies":[{"name":"wp","href":"https:\/\/api.w.org\/{rel}","templated":true}]}}