{"id":3492,"date":"2021-06-04T10:48:58","date_gmt":"2021-06-04T08:48:58","guid":{"rendered":"https:\/\/cierreshogar.com\/politica-de-cookies\/"},"modified":"2021-06-04T10:49:00","modified_gmt":"2021-06-04T08:49:00","slug":"politica-de-cookies","status":"publish","type":"page","link":"https:\/\/cierreshogar.com\/pt-pt\/politica-de-cookies\/","title":{"rendered":"Pol\u00edtica de cookies"},"content":{"rendered":"<p>[et_pb_section fb_built=&#8221;1&#8243; _builder_version=&#8221;3.22&#8243;][et_pb_row _builder_version=&#8221;3.25&#8243; background_size=&#8221;initial&#8221; background_position=&#8221;top_left&#8221; background_repeat=&#8221;repeat&#8221;][et_pb_column type=&#8221;4_4&#8243; _builder_version=&#8221;3.25&#8243; custom_padding=&#8221;|||&#8221; custom_padding__hover=&#8221;|||&#8221;][et_pb_text _builder_version=&#8221;4.9.4&#8243; background_size=&#8221;initial&#8221; background_position=&#8221;top_left&#8221; background_repeat=&#8221;repeat&#8221; hover_enabled=&#8221;0&#8243; sticky_enabled=&#8221;0&#8243;]<\/p>\n<div class=\"bl_izq t100 mart05\">\n<div class=\" ff_pt_sans fs_08 colgen\">\n<h1>Pol\u00edtica de cookies<\/h1>\n<p>Este s\u00edtio web utiliza os cookies de terceiros e an\u00e1lises estritamente necess\u00e1rios para otimizar a navega\u00e7\u00e3o e melhorar a experi\u00eancia do utilizador.<\/p>\n<p>Com a mera navega\u00e7\u00e3o (com o navegador ativado para aceitar cookies), o utilizador aceita a instala\u00e7\u00e3o de cookies, salvo no caso em que se oponha, conforme se detalha nesta Pol\u00edtica de Cookies.<\/p>\n<p>Caso queira recolher mais informa\u00e7\u00f5es sobre os cookies que utilizamos no s\u00edtio web, poder\u00e1 remeter um e-mail para o endere\u00e7o seguinte: <a href=\"mailto:administracion@cierreshogar.com\">administracion@cierreshogar.com<\/a><\/p>\n<p><strong>O que \u00e9 um cookie<\/strong><strong>?<\/strong><\/p>\n<p>Um &#8220;Cookie&#8221; \u00e9 um pequeno ficheiro de texto que um s\u00edtio web armazena no navegador do utilizador. Os cookies facilitam o uso da web e a navega\u00e7\u00e3o na mesma. S\u00e3o essenciais para o funcionamento da Internet, proporcionando in\u00fameras vantagens na presta\u00e7\u00e3o de servi\u00e7os interativos.<\/p>\n<p>Os cookies s\u00e3o utilizados, por exemplo, para gerir a sess\u00e3o do utilizador (reduzindo o n\u00famero de vezes em que tem que incluir a sua palavra-passe), melhorar os servi\u00e7os oferecidos, ou para adequar os conte\u00fados de uma p\u00e1gina web \u00e0s suas prefer\u00eancias.<\/p>\n<p>Existem diferentes tipos de cookies:<\/p>\n<ul>\n<li><strong>Cookies de sess\u00e3o<\/strong>: s\u00e3o eliminados quando o utilizador abandona a p\u00e1gina web que os criou.<\/li>\n<li><strong> Cookies persistentes<\/strong>: que permanecem no seu computador at\u00e9 uma determinada data.<\/li>\n<\/ul>\n<p><strong>Listagem de cookies utilizados na nossa web<\/strong><\/p>\n<ul>\n<li><strong> Cookies de terceiros<\/strong>: Como, por exemplo, os utilizados para a aceita\u00e7\u00e3o da nossa pol\u00edtica de cookies. Quando se pressiona o bot\u00e3o &#8220;Aceitar&#8221;, estes far\u00e3o com que a caixa de aviso n\u00e3o apare\u00e7a no ecr\u00e3, sempre que entra no nosso s\u00edtio web.<\/li>\n<li><strong>Cookies anal\u00edticos<\/strong>: Estes tipos de cookies s\u00e3o utilizados para compilar dados estat\u00edsticos da atividade no s\u00edtio web mediante o Google Analytics, tendo em vista garantir o melhor servi\u00e7o poss\u00edvel ao utilizador.<\/li>\n<\/ul>\n<p>Se deseja obter mais informa\u00e7\u00f5es sobre os tipos de cookies que o Google utiliza e como os utiliza, pode visitar a liga\u00e7\u00e3o seguinte:<\/p>\n<p><a href=\"http:\/\/www.google.es\/intl\/es\/policies\/technologies\/cookies\/\" target=\"_blank\" rel=\"noopener\">http:\/\/www.google.es\/intl\/es\/policies\/technologies\/cookies\/<\/a><\/p>\n<p>&nbsp;<\/p>\n<p><strong>Garantias e op\u00e7\u00f5es sobre os cookies<\/strong><\/p>\n<p>O utilizador tem sempre a possibilidade de aceitar ou rejeitar a instala\u00e7\u00e3o de cookies, e pelo menos durante a instala\u00e7\u00e3o ou atualiza\u00e7\u00e3o do navegador, ou ent\u00e3o rejeitar a instala\u00e7\u00e3o de um determinado tipo de cookies, como os cookies de terceiros. Al\u00e9m disso, depois de cada sess\u00e3o pode eliminar todos ou alguns dos cookies armazenados.<\/p>\n<p>O utilizador pode igualmente ativar:<\/p>\n<ul>\n<li><strong>A navega\u00e7\u00e3o privada<\/strong>: Mediante a qual o seu navegador deixa de guardar o historial de navega\u00e7\u00e3o, palavras-passe de s\u00edtios da Internet, cookies e outras informa\u00e7\u00f5es das p\u00e1ginas que visita.<\/li>\n<li><strong> A fun\u00e7\u00e3o de n\u00e3o rastreio<\/strong>: Pela qual o navegador pede aos s\u00edtios da Internet que visita que n\u00e3o rastreiem os seus h\u00e1bitos de navega\u00e7\u00e3o para, por exemplo, lhe apresentarem publicidade do seu interesse nos s\u00edtios que visita.<\/li>\n<\/ul>\n<p>Recomendamos que consulte a ajuda do seu navegador para se informar sobre as diferentes op\u00e7\u00f5es de gest\u00e3o dos cookies.<\/p>\n<p>Inclu\u00edmos em seguida as liga\u00e7\u00f5es para a gest\u00e3o de cookies nos navegadores mais relevantes:<\/p>\n<ul>\n<li><strong>Internet Explorer:<\/strong>\u00a0<a href=\"http:\/\/windows.microsoft.com\/es-ES\/windows-vista\/Block-or-allow-cookies\" target=\"_blank\" rel=\"noopener\">http:\/\/windows.microsoft.com\/es-ES\/windows-vista\/Block-or-allow-cookies<\/a><\/li>\n<li><strong>Firefox:<\/strong>\u00a0<a href=\"http:\/\/support.mozilla.org\/es\/kb\/habilitar-y-deshabilitar-cookies-que-los-sitios-we\" target=\"_blank\" rel=\"noopener\">http:\/\/support.mozilla.org\/es\/kb\/habilitar-y-deshabilitar-cookies-que-los-sitios-we<\/a><\/li>\n<li><strong>Safari:<\/strong>\u00a0<a href=\"http:\/\/support.apple.com\/kb\/HT1677?viewlocale=es_ES&amp;locale=es_ES\" target=\"_blank\" rel=\"noopener\">http:\/\/support.apple.com\/kb\/HT1677?viewlocale=es_ES&amp;locale=es_ES<\/a><\/li>\n<li><strong>Google Chrome:<\/strong>\u00a0<a href=\"http:\/\/support.google.com\/chrome\/answer\/95647?hl=es\" target=\"_blank\" rel=\"noopener\">http:\/\/support.google.com\/chrome\/answer\/95647?hl=es<\/a><\/li>\n<\/ul>\n<h4>Tenha em conta que o bloqueio de cookies pode afetar todas ou algumas das funcionalidades da nossa web.<\/h4>\n<h4><script id=\"CookieDeclaration\" src=\"https:\/\/consent.cookiebot.com\/e040861e-8fd6-41f2-8843-a317fb168b6c\/cd.js\" type=\"text\/javascript\" async><\/script><\/h4>\n<\/div>\n<\/div>\n<p>[\/et_pb_text][\/et_pb_column][\/et_pb_row][\/et_pb_section]<\/p>\n","protected":false},"excerpt":{"rendered":"<p>Pol\u00edtica de cookies Este s\u00edtio web utiliza os cookies de terceiros e an\u00e1lises estritamente necess\u00e1rios para otimizar a navega\u00e7\u00e3o e melhorar a experi\u00eancia do utilizador. Com a mera navega\u00e7\u00e3o (com o navegador ativado para aceitar cookies), o utilizador aceita a instala\u00e7\u00e3o de cookies, salvo no caso em que se oponha, conforme se detalha nesta Pol\u00edtica de Cookies. Caso queira recolher mais informa\u00e7\u00f5es sobre os cookies que utilizamos no s\u00edtio web, poder\u00e1 remeter um e-mail para o endere\u00e7o seguinte: administracion@cierreshogar.com O que \u00e9 um cookie? Um &#8220;Cookie&#8221; \u00e9 um pequeno ficheiro de texto que um s\u00edtio web armazena no navegador do utilizador. Os cookies facilitam o uso da web e a navega\u00e7\u00e3o na mesma. S\u00e3o essenciais para o funcionamento da Internet, proporcionando in\u00fameras vantagens na presta\u00e7\u00e3o de servi\u00e7os interativos. Os cookies s\u00e3o utilizados, por exemplo, para gerir a sess\u00e3o do utilizador (reduzindo o n\u00famero de vezes em que tem que incluir a sua palavra-passe), melhorar os servi\u00e7os oferecidos, ou para adequar os conte\u00fados de uma p\u00e1gina web \u00e0s suas prefer\u00eancias. Existem diferentes tipos de cookies: Cookies de sess\u00e3o: s\u00e3o eliminados quando o utilizador abandona a p\u00e1gina web que os criou. Cookies persistentes: que permanecem no seu computador at\u00e9 uma determinada data. [&hellip;]<\/p>\n","protected":false},"author":1,"featured_media":0,"parent":0,"menu_order":0,"comment_status":"closed","ping_status":"closed","template":"","meta":{"_et_pb_use_builder":"on","_et_pb_old_content":"","_et_gb_content_width":"","footnotes":""},"class_list":["post-3492","page","type-page","status-publish","hentry"],"_links":{"self":[{"href":"https:\/\/cierreshogar.com\/pt-pt\/wp-json\/wp\/v2\/pages\/3492","targetHints":{"allow":["GET"]}}],"collection":[{"href":"https:\/\/cierreshogar.com\/pt-pt\/wp-json\/wp\/v2\/pages"}],"about":[{"href":"https:\/\/cierreshogar.com\/pt-pt\/wp-json\/wp\/v2\/types\/page"}],"author":[{"embeddable":true,"href":"https:\/\/cierreshogar.com\/pt-pt\/wp-json\/wp\/v2\/users\/1"}],"replies":[{"embeddable":true,"href":"https:\/\/cierreshogar.com\/pt-pt\/wp-json\/wp\/v2\/comments?post=3492"}],"version-history":[{"count":2,"href":"https:\/\/cierreshogar.com\/pt-pt\/wp-json\/wp\/v2\/pages\/3492\/revisions"}],"predecessor-version":[{"id":3494,"href":"https:\/\/cierreshogar.com\/pt-pt\/wp-json\/wp\/v2\/pages\/3492\/revisions\/3494"}],"wp:attachment":[{"href":"https:\/\/cierreshogar.com\/pt-pt\/wp-json\/wp\/v2\/media?parent=3492"}],"curies":[{"name":"wp","href":"https:\/\/api.w.org\/{rel}","templated":true}]}}