{"id":3478,"date":"2021-03-02T16:27:16","date_gmt":"2021-03-02T14:27:16","guid":{"rendered":"https:\/\/cierreshogar.com\/cerramientos\/persiana-componentes\/"},"modified":"2021-06-04T10:46:37","modified_gmt":"2021-06-04T08:46:37","slug":"persiana-componentes","status":"publish","type":"product","link":"https:\/\/cierreshogar.com\/pt-pt\/cerramientos\/persiana-componentes\/","title":{"rendered":"Persiana de componentes"},"content":{"rendered":"<p>Persianas antigrafitos de alta visibilidade e muita seguran\u00e7a. Mesmo que se puxe pela sua parte central, n\u00e3o saem das suas guias.<\/p>\n<p>Os pain\u00e9is s\u00e3o fabricados \u00e0 base de tubos e pe\u00e7as soltas para formarem conce\u00e7\u00f5es de tijolo ou de meias luas, que lhes conferem uma forte resist\u00eancia e permitem que se vejam os artigos expostos no interior dos espa\u00e7os comerciais enquanto est\u00e3o fechados.<\/p>\n","protected":false},"excerpt":{"rendered":"<p><strong>FECHO DE SEGURAN\u00c7A ALUACERO<\/strong><\/p>\n\n<table id=\"tablepress-48\" class=\"tablepress tablepress-id-48\">\n<thead>\n<tr class=\"row-1\">\n\t<td class=\"column-1\"><\/td><th class=\"column-2\">Indicaci\u00f3n unidades por m2<br \/>\nTubo de 100 mm<\/th><th class=\"column-3\">Acabado<\/th>\n<\/tr>\n<\/thead>\n<tbody class=\"row-striping row-hover\">\n<tr class=\"row-2\">\n\t<td class=\"column-1\">Tubos<\/td><td class=\"column-2\">160 ud.<\/td><td class=\"column-3\">ALUMINIO sin anodizar <br \/>\nACERO zincado plata.<\/td>\n<\/tr>\n<tr class=\"row-3\">\n\t<td class=\"column-1\">Pletinas<\/td><td class=\"column-2\">68 ud.<\/td><td class=\"column-3\">ALUMINIO sin anodizar <br \/>\nACERO zincado plata.<\/td>\n<\/tr>\n<tr class=\"row-4\">\n\t<td class=\"column-1\">Tubo interior<\/td><td class=\"column-2\">18 m<\/td><td class=\"column-3\">Acero zincado plata<\/td>\n<\/tr>\n<tr class=\"row-5\">\n\t<td class=\"column-1\">Pletina lateral<\/td><td class=\"column-2\">36 m<\/td><td class=\"column-3\">Acero galvanizado<\/td>\n<\/tr>\n<\/tbody>\n<\/table>\n<!-- #tablepress-48 from cache -->\n<p><strong>FECHO DE SEGURAN\u00c7A MEIA LUA<\/strong><\/p>\n\n<table id=\"tablepress-49\" class=\"tablepress tablepress-id-49\">\n<thead>\n<tr class=\"row-1\">\n\t<td class=\"column-1\"><\/td><th class=\"column-2\">Indicaci\u00f3n unidades<br \/>\npor m2<\/th><th class=\"column-3\">Acabado<\/th>\n<\/tr>\n<\/thead>\n<tbody class=\"row-striping row-hover\">\n<tr class=\"row-2\">\n\t<td class=\"column-1\">Pieza media luna<\/td><td class=\"column-2\">55 ud.<\/td><td class=\"column-3\">Acero inoxidable<\/td>\n<\/tr>\n<tr class=\"row-3\">\n\t<td class=\"column-1\">Tubo interior<\/td><td class=\"column-2\">11 ud.<\/td><td class=\"column-3\">Acero zincado<\/td>\n<\/tr>\n<tr class=\"row-4\">\n\t<td class=\"column-1\">Remate lateral<\/td><td class=\"column-2\">22 ud.<\/td><td class=\"column-3\">Acero galvanizado<\/td>\n<\/tr>\n<\/tbody>\n<\/table>\n<!-- #tablepress-49 from cache -->\n","protected":false},"featured_media":3485,"template":"","meta":{"_et_pb_use_builder":"off","_et_pb_old_content":"Chapa de cobertura reduzida para o fabrico de portas, cerramentos e revestimentos exteriores e interiores.","_et_gb_content_width":""},"product_brand":[],"product_cat":[64],"product_tag":[],"class_list":{"0":"post-3478","1":"product","2":"type-product","3":"status-publish","4":"has-post-thumbnail","6":"product_cat-persianas-metalicas-pt-pt","8":"first","9":"instock","10":"featured","11":"shipping-taxable","12":"product-type-simple"},"_links":{"self":[{"href":"https:\/\/cierreshogar.com\/pt-pt\/wp-json\/wp\/v2\/product\/3478","targetHints":{"allow":["GET"]}}],"collection":[{"href":"https:\/\/cierreshogar.com\/pt-pt\/wp-json\/wp\/v2\/product"}],"about":[{"href":"https:\/\/cierreshogar.com\/pt-pt\/wp-json\/wp\/v2\/types\/product"}],"wp:featuredmedia":[{"embeddable":true,"href":"https:\/\/cierreshogar.com\/pt-pt\/wp-json\/wp\/v2\/media\/3485"}],"wp:attachment":[{"href":"https:\/\/cierreshogar.com\/pt-pt\/wp-json\/wp\/v2\/media?parent=3478"}],"wp:term":[{"taxonomy":"product_brand","embeddable":true,"href":"https:\/\/cierreshogar.com\/pt-pt\/wp-json\/wp\/v2\/product_brand?post=3478"},{"taxonomy":"product_cat","embeddable":true,"href":"https:\/\/cierreshogar.com\/pt-pt\/wp-json\/wp\/v2\/product_cat?post=3478"},{"taxonomy":"product_tag","embeddable":true,"href":"https:\/\/cierreshogar.com\/pt-pt\/wp-json\/wp\/v2\/product_tag?post=3478"}],"curies":[{"name":"wp","href":"https:\/\/api.w.org\/{rel}","templated":true}]}}