{"id":3525,"date":"2020-12-01T15:10:21","date_gmt":"2020-12-01T15:10:21","guid":{"rendered":"https:\/\/cierreshogar.com\/cerramientos\/guias-cauda-de-milhafre\/"},"modified":"2021-07-01T11:25:12","modified_gmt":"2021-07-01T09:25:12","slug":"guias-cauda-de-milhafre","status":"publish","type":"product","link":"https:\/\/cierreshogar.com\/pt-pt\/cerramientos\/guias-cauda-de-milhafre\/","title":{"rendered":"Guias cauda de Milhafre"},"content":{"rendered":"<p><strong>Guias concebidas para evitarem o ru\u00eddo<\/strong> causado pelas persianas met\u00e1licas.<\/p>\n<p>O vedante de borracha evita o choque entre as l\u00e2minas e as guias, <strong>reduzindo o ru\u00eddo e protegendo contra a entrada de p\u00f3.<\/strong><\/p>\n","protected":false},"excerpt":{"rendered":"\n<table id=\"tablepress-45\" class=\"tablepress tablepress-id-45\">\n<thead>\n<tr class=\"row-1\">\n\t<th class=\"column-1\">Medidas (mm)<\/th><th class=\"column-2\">Espesor (mm)<\/th><th class=\"column-3\">Peso (Kg\/m)<\/th><th class=\"column-4\">Acabado<\/th>\n<\/tr>\n<\/thead>\n<tbody class=\"row-striping row-hover\">\n<tr class=\"row-2\">\n\t<td class=\"column-1\">34x52*<\/td><td class=\"column-2\">1,5<\/td><td class=\"column-3\">1,884<\/td><td class=\"column-4\">Acero Galvanizado<\/td>\n<\/tr>\n<tr class=\"row-3\">\n\t<td class=\"column-1\">39x50*<\/td><td class=\"column-2\">1,5<\/td><td class=\"column-3\">1,884<\/td><td class=\"column-4\">Acero Galvanizado<\/td>\n<\/tr>\n<\/tbody>\n<\/table>\n<!-- #tablepress-45 from cache -->\n","protected":false},"featured_media":7780,"template":"","meta":{"_et_pb_use_builder":"off","_et_pb_old_content":"Chapa de cobertura reduzida para o fabrico de portas, cerramentos e revestimentos exteriores e interiores.","_et_gb_content_width":""},"product_brand":[],"product_cat":[64],"product_tag":[],"class_list":{"0":"post-3525","1":"product","2":"type-product","3":"status-publish","4":"has-post-thumbnail","6":"product_cat-persianas-metalicas-pt-pt","8":"first","9":"instock","10":"featured","11":"shipping-taxable","12":"product-type-simple"},"_links":{"self":[{"href":"https:\/\/cierreshogar.com\/pt-pt\/wp-json\/wp\/v2\/product\/3525","targetHints":{"allow":["GET"]}}],"collection":[{"href":"https:\/\/cierreshogar.com\/pt-pt\/wp-json\/wp\/v2\/product"}],"about":[{"href":"https:\/\/cierreshogar.com\/pt-pt\/wp-json\/wp\/v2\/types\/product"}],"wp:featuredmedia":[{"embeddable":true,"href":"https:\/\/cierreshogar.com\/pt-pt\/wp-json\/wp\/v2\/media\/7780"}],"wp:attachment":[{"href":"https:\/\/cierreshogar.com\/pt-pt\/wp-json\/wp\/v2\/media?parent=3525"}],"wp:term":[{"taxonomy":"product_brand","embeddable":true,"href":"https:\/\/cierreshogar.com\/pt-pt\/wp-json\/wp\/v2\/product_brand?post=3525"},{"taxonomy":"product_cat","embeddable":true,"href":"https:\/\/cierreshogar.com\/pt-pt\/wp-json\/wp\/v2\/product_cat?post=3525"},{"taxonomy":"product_tag","embeddable":true,"href":"https:\/\/cierreshogar.com\/pt-pt\/wp-json\/wp\/v2\/product_tag?post=3525"}],"curies":[{"name":"wp","href":"https:\/\/api.w.org\/{rel}","templated":true}]}}