{"id":3543,"date":"2020-12-01T07:03:14","date_gmt":"2020-12-01T05:03:14","guid":{"rendered":"https:\/\/cierreshogar.com\/cerramientos\/persianas-de-varetas-8-mm\/"},"modified":"2021-07-01T11:34:31","modified_gmt":"2021-07-01T09:34:31","slug":"persianas-de-varetas-8-mm","status":"publish","type":"product","link":"https:\/\/cierreshogar.com\/pt-pt\/cerramientos\/persianas-de-varetas-8-mm\/","title":{"rendered":"Persianas de Varetas (8 mm)"},"content":{"rendered":"<p><strong>As persianas enrol\u00e1veis de vareta maci\u00e7a de a\u00e7o<\/strong> t\u00eam uma grande transpar\u00eancia, permitindo que se <strong>mostrem os escaparates sem se renunciar \u00e0 seguran\u00e7a.<\/strong><\/p>\n<p>Fabricamos dois modelos de vareta maci\u00e7a para <strong>criar <\/strong><strong>conce\u00e7\u00f5es<\/strong><strong> em forma de concha, aros ou losangos<\/strong>. Qualquer um dos modelos pode ser refor\u00e7ado com varetas retas, para se aumentar a resist\u00eancia do painel e se reduzir o tamanho dos v\u00e3os.<\/p>\n","protected":false},"excerpt":{"rendered":"\n<table id=\"tablepress-42\" class=\"tablepress tablepress-id-42\">\n<thead>\n<tr class=\"row-1\">\n\t<th class=\"column-1\">Modelo<\/th><th class=\"column-2\">Calibre (mm)<\/th><th class=\"column-3\">Varillas por metro de altura<\/th><th class=\"column-4\">Grapas por m2<\/th><th class=\"column-5\">Acabado<\/th>\n<\/tr>\n<\/thead>\n<tbody class=\"row-striping row-hover\">\n<tr class=\"row-2\">\n\t<td class=\"column-1\">Concha-aros y Rombo<\/td><td class=\"column-2\">8<\/td><td class=\"column-3\">17<\/td><td class=\"column-4\">130 grapas dobles<\/td><td class=\"column-5\">Acero Zincado, Pulido<br \/>\nAcero inox (concha-aros)<\/td>\n<\/tr>\n<tr class=\"row-3\">\n\t<td class=\"column-1\">Concha-aros y Rombo Reforzadas<\/td><td class=\"column-2\">8<\/td><td class=\"column-3\">15 + 14 rectas<\/td><td class=\"column-4\">115 grapas triples<\/td><td class=\"column-5\">Acero Zincado y Pulido<\/td>\n<\/tr>\n<\/tbody>\n<\/table>\n<!-- #tablepress-42 from cache -->\n","protected":false},"featured_media":3553,"template":"","meta":{"_et_pb_use_builder":"off","_et_pb_old_content":"Chapa de cobertura reduzida para o fabrico de portas, cerramentos e revestimentos exteriores e interiores.","_et_gb_content_width":""},"product_brand":[],"product_cat":[64],"product_tag":[],"class_list":{"0":"post-3543","1":"product","2":"type-product","3":"status-publish","4":"has-post-thumbnail","6":"product_cat-persianas-metalicas-pt-pt","8":"first","9":"instock","10":"featured","11":"shipping-taxable","12":"product-type-simple"},"_links":{"self":[{"href":"https:\/\/cierreshogar.com\/pt-pt\/wp-json\/wp\/v2\/product\/3543","targetHints":{"allow":["GET"]}}],"collection":[{"href":"https:\/\/cierreshogar.com\/pt-pt\/wp-json\/wp\/v2\/product"}],"about":[{"href":"https:\/\/cierreshogar.com\/pt-pt\/wp-json\/wp\/v2\/types\/product"}],"wp:featuredmedia":[{"embeddable":true,"href":"https:\/\/cierreshogar.com\/pt-pt\/wp-json\/wp\/v2\/media\/3553"}],"wp:attachment":[{"href":"https:\/\/cierreshogar.com\/pt-pt\/wp-json\/wp\/v2\/media?parent=3543"}],"wp:term":[{"taxonomy":"product_brand","embeddable":true,"href":"https:\/\/cierreshogar.com\/pt-pt\/wp-json\/wp\/v2\/product_brand?post=3543"},{"taxonomy":"product_cat","embeddable":true,"href":"https:\/\/cierreshogar.com\/pt-pt\/wp-json\/wp\/v2\/product_cat?post=3543"},{"taxonomy":"product_tag","embeddable":true,"href":"https:\/\/cierreshogar.com\/pt-pt\/wp-json\/wp\/v2\/product_tag?post=3543"}],"curies":[{"name":"wp","href":"https:\/\/api.w.org\/{rel}","templated":true}]}}