{"id":3557,"date":"2020-12-01T06:59:50","date_gmt":"2020-12-01T04:59:50","guid":{"rendered":"https:\/\/cierreshogar.com\/cerramientos\/central-lisa-duplo-nervo\/"},"modified":"2021-07-01T11:36:54","modified_gmt":"2021-07-01T09:36:54","slug":"central-lisa-duplo-nervo","status":"publish","type":"product","link":"https:\/\/cierreshogar.com\/pt-pt\/cerramientos\/central-lisa-duplo-nervo\/","title":{"rendered":"Central Lisa\/Duplo Nervo"},"content":{"rendered":"<p>L\u00e2minas de 1,5 mm de espessura e 130 mm altura, principalmente pensadas para <strong>a instala\u00e7\u00e3o da fechadura<\/strong>.<\/p>\n","protected":false},"excerpt":{"rendered":"\n<table id=\"tablepress-39\" class=\"tablepress tablepress-id-39\">\n<thead>\n<tr class=\"row-1\">\n\t<th class=\"column-1\">Espesor (mm)<\/th><th class=\"column-2\">Altura (mm)<\/th><th class=\"column-3\">Modelo<\/th><th class=\"column-4\">Lamas\/metro <br \/>\nde altura<\/th><th class=\"column-5\">Peso (Kg\/m)<\/th><th class=\"column-6\">Acabado<\/th>\n<\/tr>\n<\/thead>\n<tbody class=\"row-striping row-hover\">\n<tr class=\"row-2\">\n\t<td class=\"column-1\">1,5<\/td><td class=\"column-2\">130<\/td><td class=\"column-3\">Lisa<\/td><td class=\"column-4\">8<\/td><td class=\"column-5\">2,12<\/td><td class=\"column-6\">Acero Galvanizado<\/td>\n<\/tr>\n<tr class=\"row-3\">\n\t<td class=\"column-1\">1,5<\/td><td class=\"column-2\">130<\/td><td class=\"column-3\">Doble nervio<\/td><td class=\"column-4\">8<\/td><td class=\"column-5\">2,12<\/td><td class=\"column-6\">Acero Galvanizado<\/td>\n<\/tr>\n<\/tbody>\n<\/table>\n<!-- #tablepress-39 from cache -->\n","protected":false},"featured_media":7693,"template":"","meta":{"_et_pb_use_builder":"off","_et_pb_old_content":"Chapa de cobertura reduzida para o fabrico de portas, cerramentos e revestimentos exteriores e interiores.","_et_gb_content_width":""},"product_brand":[],"product_cat":[64],"product_tag":[],"class_list":{"0":"post-3557","1":"product","2":"type-product","3":"status-publish","4":"has-post-thumbnail","6":"product_cat-persianas-metalicas-pt-pt","8":"first","9":"instock","10":"featured","11":"shipping-taxable","12":"product-type-simple"},"_links":{"self":[{"href":"https:\/\/cierreshogar.com\/pt-pt\/wp-json\/wp\/v2\/product\/3557","targetHints":{"allow":["GET"]}}],"collection":[{"href":"https:\/\/cierreshogar.com\/pt-pt\/wp-json\/wp\/v2\/product"}],"about":[{"href":"https:\/\/cierreshogar.com\/pt-pt\/wp-json\/wp\/v2\/types\/product"}],"wp:featuredmedia":[{"embeddable":true,"href":"https:\/\/cierreshogar.com\/pt-pt\/wp-json\/wp\/v2\/media\/7693"}],"wp:attachment":[{"href":"https:\/\/cierreshogar.com\/pt-pt\/wp-json\/wp\/v2\/media?parent=3557"}],"wp:term":[{"taxonomy":"product_brand","embeddable":true,"href":"https:\/\/cierreshogar.com\/pt-pt\/wp-json\/wp\/v2\/product_brand?post=3557"},{"taxonomy":"product_cat","embeddable":true,"href":"https:\/\/cierreshogar.com\/pt-pt\/wp-json\/wp\/v2\/product_cat?post=3557"},{"taxonomy":"product_tag","embeddable":true,"href":"https:\/\/cierreshogar.com\/pt-pt\/wp-json\/wp\/v2\/product_tag?post=3557"}],"curies":[{"name":"wp","href":"https:\/\/api.w.org\/{rel}","templated":true}]}}