{"id":3563,"date":"2020-12-01T04:56:18","date_gmt":"2020-12-01T02:56:18","guid":{"rendered":"https:\/\/cierreshogar.com\/cerramientos\/lamina-curva\/"},"modified":"2021-07-01T11:39:22","modified_gmt":"2021-07-01T09:39:22","slug":"lamina-curva","status":"publish","type":"product","link":"https:\/\/cierreshogar.com\/pt-pt\/cerramientos\/lamina-curva\/","title":{"rendered":"L\u00e2mina Curva"},"content":{"rendered":"<p>Com uma est\u00e9tica mais cl\u00e1ssica, a l\u00e2mina curva \u00e9 ideal para a <strong>execu\u00e7\u00e3o de<\/strong><strong> persianas de dimens\u00f5es pequenas ou m\u00e9dias. <\/strong><\/p>\n<p>Esta l\u00e2mina de persiana met\u00e1lica tem uma altura de l\u00e2mina de 88 mm, com uma espessura de 0,6 mm.<\/p>\n","protected":false},"excerpt":{"rendered":"\n<table id=\"tablepress-37\" class=\"tablepress tablepress-id-37\">\n<thead>\n<tr class=\"row-1\">\n\t<th class=\"column-1\">Espesor (mm)<\/th><th class=\"column-2\">Altura (mm)<\/th><th class=\"column-3\">Modelo<\/th><th class=\"column-4\">Lamas\/metro <br \/>\nde altura<\/th><th class=\"column-5\">Peso (Kg\/m)<\/th><th class=\"column-6\">Acabado<\/th>\n<\/tr>\n<\/thead>\n<tbody class=\"row-striping row-hover\">\n<tr class=\"row-2\">\n\t<td class=\"column-1\">0,6<\/td><td class=\"column-2\">88<\/td><td class=\"column-3\">Ciega<\/td><td class=\"column-4\">12<\/td><td class=\"column-5\">0,580<\/td><td class=\"column-6\">Acero Galvanizado, Laminado en Fr\u00edo, Prelacado blanco e Inox. AISI-304 BA<\/td>\n<\/tr>\n<tr class=\"row-3\">\n\t<td class=\"column-1\">0,6<\/td><td class=\"column-2\">88<\/td><td class=\"column-3\">Troquelada<\/td><td class=\"column-4\">12<\/td><td class=\"column-5\">0,435<\/td><td class=\"column-6\">Acero Galvanizado e Inox. AISI-304 BA<\/td>\n<\/tr>\n<\/tbody>\n<\/table>\n<!-- #tablepress-37 from cache -->\n","protected":false},"featured_media":7688,"template":"","meta":{"_et_pb_use_builder":"off","_et_pb_old_content":"Chapa de cobertura reduzida para o fabrico de portas, cerramentos e revestimentos exteriores e interiores.","_et_gb_content_width":""},"product_brand":[],"product_cat":[64],"product_tag":[],"class_list":{"0":"post-3563","1":"product","2":"type-product","3":"status-publish","4":"has-post-thumbnail","6":"product_cat-persianas-metalicas-pt-pt","8":"first","9":"instock","10":"featured","11":"shipping-taxable","12":"product-type-simple"},"_links":{"self":[{"href":"https:\/\/cierreshogar.com\/pt-pt\/wp-json\/wp\/v2\/product\/3563","targetHints":{"allow":["GET"]}}],"collection":[{"href":"https:\/\/cierreshogar.com\/pt-pt\/wp-json\/wp\/v2\/product"}],"about":[{"href":"https:\/\/cierreshogar.com\/pt-pt\/wp-json\/wp\/v2\/types\/product"}],"wp:featuredmedia":[{"embeddable":true,"href":"https:\/\/cierreshogar.com\/pt-pt\/wp-json\/wp\/v2\/media\/7688"}],"wp:attachment":[{"href":"https:\/\/cierreshogar.com\/pt-pt\/wp-json\/wp\/v2\/media?parent=3563"}],"wp:term":[{"taxonomy":"product_brand","embeddable":true,"href":"https:\/\/cierreshogar.com\/pt-pt\/wp-json\/wp\/v2\/product_brand?post=3563"},{"taxonomy":"product_cat","embeddable":true,"href":"https:\/\/cierreshogar.com\/pt-pt\/wp-json\/wp\/v2\/product_cat?post=3563"},{"taxonomy":"product_tag","embeddable":true,"href":"https:\/\/cierreshogar.com\/pt-pt\/wp-json\/wp\/v2\/product_tag?post=3563"}],"curies":[{"name":"wp","href":"https:\/\/api.w.org\/{rel}","templated":true}]}}