{"id":3953,"date":"2020-12-01T02:52:37","date_gmt":"2020-12-01T00:52:37","guid":{"rendered":"https:\/\/cierreshogar.com\/cerramientos\/lama-ar-10\/"},"modified":"2021-07-01T11:41:12","modified_gmt":"2021-07-01T09:41:12","slug":"lama-ar-10","status":"publish","type":"product","link":"https:\/\/cierreshogar.com\/pt-pt\/cerramientos\/lama-ar-10\/","title":{"rendered":"Lama AR-10"},"content":{"rendered":"<p>L\u00e2mina de vasta cobertura, ideal para <strong>o fabrico de persianas de dimens\u00f5es grandes ou m\u00e9dias<\/strong>.<\/p>\n<p>Com uma altura de l\u00e2mina de 105 mm e espessuras de 0,6 e 0,7 mm, <strong>est\u00e1 dispon\u00edvel em modelo cego e microperfurado.<\/strong><\/p>\n","protected":false},"excerpt":{"rendered":"\n<table id=\"tablepress-35\" class=\"tablepress tablepress-id-35\">\n<thead>\n<tr class=\"row-1\">\n\t<th class=\"column-1\">Espesor (mm)<\/th><th class=\"column-2\">Altura (mm)<\/th><th class=\"column-3\">Modelo<\/th><th class=\"column-4\">Lamas\/metro <br \/>\nde altura<\/th><th class=\"column-5\">Peso (Kg\/m)<\/th><th class=\"column-6\">Acabado<\/th>\n<\/tr>\n<\/thead>\n<tbody class=\"row-striping row-hover\">\n<tr class=\"row-2\">\n\t<td class=\"column-1\">0,6<\/td><td class=\"column-2\">105<\/td><td class=\"column-3\">Ciega<br \/>\nMedialuna<br \/>\nAluacero<\/td><td class=\"column-4\">10<\/td><td class=\"column-5\">0,768<\/td><td class=\"column-6\">Acero Galvanizado, Prelacado blanco, PVC madera e Inox. AISI-304 BA<\/td>\n<\/tr>\n<tr class=\"row-3\">\n\t<td class=\"column-1\">0,7<\/td><td class=\"column-2\">105<\/td><td class=\"column-3\">Ciega<br \/>\nMicroperforada<\/td><td class=\"column-4\">10<\/td><td class=\"column-5\">Ciega: 0,918<br \/>\nMicroperforada: 0,768<\/td><td class=\"column-6\">Acero Galvanizado<\/td>\n<\/tr>\n<tr class=\"row-4\">\n\t<td class=\"column-1\">0,7<\/td><td class=\"column-2\">105<\/td><td class=\"column-3\">Microperforada<\/td><td class=\"column-4\">10<\/td><td class=\"column-5\">Microperforada: 0,768<\/td><td class=\"column-6\">Acero Inox. AISI-304 BA<\/td>\n<\/tr>\n<tr class=\"row-5\">\n\t<td class=\"column-1\">1<\/td><td class=\"column-2\">105<\/td><td class=\"column-3\">Ciega<br \/>\nMicroperforada<\/td><td class=\"column-4\">10<\/td><td class=\"column-5\">Ciega: 1,287<br \/>\nMicroperforada: 1,180<\/td><td class=\"column-6\">Acero Galvanizado<\/td>\n<\/tr>\n<\/tbody>\n<\/table>\n<!-- #tablepress-35 from cache -->\n","protected":false},"featured_media":7673,"template":"","meta":{"_et_pb_use_builder":"off","_et_pb_old_content":"L\u00e2mina de vasta cobertura, ideal para <strong>o fabrico de persianas de dimens\u00f5es grandes ou m\u00e9dias<\/strong>.\r\n\r\nCom uma altura de l\u00e2mina de 105 mm e espessuras de 0,6 e 0,7 mm, <strong>est\u00e1 dispon\u00edvel em modelo cego e microperfurado.<\/strong>","_et_gb_content_width":""},"product_brand":[],"product_cat":[64],"product_tag":[],"class_list":{"0":"post-3953","1":"product","2":"type-product","3":"status-publish","4":"has-post-thumbnail","6":"product_cat-persianas-metalicas-pt-pt","8":"first","9":"instock","10":"featured","11":"shipping-taxable","12":"product-type-simple"},"_links":{"self":[{"href":"https:\/\/cierreshogar.com\/pt-pt\/wp-json\/wp\/v2\/product\/3953","targetHints":{"allow":["GET"]}}],"collection":[{"href":"https:\/\/cierreshogar.com\/pt-pt\/wp-json\/wp\/v2\/product"}],"about":[{"href":"https:\/\/cierreshogar.com\/pt-pt\/wp-json\/wp\/v2\/types\/product"}],"wp:featuredmedia":[{"embeddable":true,"href":"https:\/\/cierreshogar.com\/pt-pt\/wp-json\/wp\/v2\/media\/7673"}],"wp:attachment":[{"href":"https:\/\/cierreshogar.com\/pt-pt\/wp-json\/wp\/v2\/media?parent=3953"}],"wp:term":[{"taxonomy":"product_brand","embeddable":true,"href":"https:\/\/cierreshogar.com\/pt-pt\/wp-json\/wp\/v2\/product_brand?post=3953"},{"taxonomy":"product_cat","embeddable":true,"href":"https:\/\/cierreshogar.com\/pt-pt\/wp-json\/wp\/v2\/product_cat?post=3953"},{"taxonomy":"product_tag","embeddable":true,"href":"https:\/\/cierreshogar.com\/pt-pt\/wp-json\/wp\/v2\/product_tag?post=3953"}],"curies":[{"name":"wp","href":"https:\/\/api.w.org\/{rel}","templated":true}]}}