{"id":3957,"date":"2020-12-01T01:49:14","date_gmt":"2020-11-30T23:49:14","guid":{"rendered":"https:\/\/cierreshogar.com\/cerramientos\/lamina-securpla\/"},"modified":"2021-07-01T11:42:20","modified_gmt":"2021-07-01T09:42:20","slug":"lamina-securpla","status":"publish","type":"product","link":"https:\/\/cierreshogar.com\/pt-pt\/cerramientos\/lamina-securpla\/","title":{"rendered":"L\u00e2mina SECURPLA\u00ae"},"content":{"rendered":"<p>A<strong> l\u00e2mina Securpl\u00e1<\/strong> \u00e9 a <strong>persiana met\u00e1lica de seguran\u00e7a<\/strong> que marca a diferen\u00e7a, com quatro modelos para se adaptar a qualquer projeto: <strong>cego, microperfurado, Meia Lua e Aluacero.<\/strong><\/p>\n<p>O <strong>refor\u00e7o interior<\/strong> que a distingue das restantes persianas met\u00e1licas determina a sua resist\u00eancia particular e converte-a na persiana met\u00e1lica que <strong>mais garantias oferece em termos de seguran\u00e7a e fiabilidade.<\/strong><\/p>\n<p>Nos ensaios efetuados para avalia\u00e7\u00e3o da sua resist\u00eancia ao vento, <strong>as l\u00e2minas <\/strong><strong>Securpl\u00e1<\/strong><strong> obtiveram a pontua\u00e7\u00e3o m\u00e1xima: CLASSE 6.<\/strong><\/p>\n<p>A l\u00e2mina securpla \u00e9 <strong>compat\u00edvel com as l\u00e2minas central e central lisa<\/strong>, utilizada principalmente para a instala\u00e7\u00e3o da fechadura.<\/p>\n","protected":false},"excerpt":{"rendered":"\n<table id=\"tablepress-34\" class=\"tablepress tablepress-id-34\">\n<thead>\n<tr class=\"row-1\">\n\t<th class=\"column-1\">Espesor (mm)<\/th><th class=\"column-2\">Altura (mm)<\/th><th class=\"column-3\">Modelo<\/th><th class=\"column-4\">Lamas\/metro <br \/>\nde altura<\/th><th class=\"column-5\">Peso (Kg\/m)<\/th><th class=\"column-6\">Acabado<\/th>\n<\/tr>\n<\/thead>\n<tbody class=\"row-striping row-hover\">\n<tr class=\"row-2\">\n\t<td class=\"column-1\">0,6<\/td><td class=\"column-2\">120<\/td><td class=\"column-3\">Ciega<br \/>\nMedialuna<br \/>\nAluacero<\/td><td class=\"column-4\">9<\/td><td class=\"column-5\">Ciega:0,895<br \/>\nMedialuna: 0,709<br \/>\nAluacero: 0,725<\/td><td class=\"column-6\">Acero Galvanizado, Prelacado<br \/>\nblanco e Inox. AISI-304 BA<\/td>\n<\/tr>\n<tr class=\"row-3\">\n\t<td class=\"column-1\">0,7<\/td><td class=\"column-2\">120<\/td><td class=\"column-3\">Microperforada<\/td><td class=\"column-4\">9<\/td><td class=\"column-5\">0,878<\/td><td class=\"column-6\">Acero Inox. AISI-304 BA y AISI-316 BA<\/td>\n<\/tr>\n<tr class=\"row-4\">\n\t<td class=\"column-1\">0,8<\/td><td class=\"column-2\">120<\/td><td class=\"column-3\">Ciega<br \/>\nMicroperforada<\/td><td class=\"column-4\">9<\/td><td class=\"column-5\">Ciega: 1,192<br \/>\nMicroperforada: 0,997<\/td><td class=\"column-6\">Acero Galvanizado<\/td>\n<\/tr>\n<\/tbody>\n<\/table>\n<!-- #tablepress-34 from cache -->\n","protected":false},"featured_media":7663,"template":"","meta":{"_et_pb_use_builder":"off","_et_pb_old_content":"Chapa de cobertura reduzida para o fabrico de portas, cerramentos e revestimentos exteriores e interiores.","_et_gb_content_width":""},"product_brand":[],"product_cat":[64],"product_tag":[],"class_list":{"0":"post-3957","1":"product","2":"type-product","3":"status-publish","4":"has-post-thumbnail","6":"product_cat-persianas-metalicas-pt-pt","8":"first","9":"instock","10":"featured","11":"shipping-taxable","12":"product-type-simple"},"_links":{"self":[{"href":"https:\/\/cierreshogar.com\/pt-pt\/wp-json\/wp\/v2\/product\/3957","targetHints":{"allow":["GET"]}}],"collection":[{"href":"https:\/\/cierreshogar.com\/pt-pt\/wp-json\/wp\/v2\/product"}],"about":[{"href":"https:\/\/cierreshogar.com\/pt-pt\/wp-json\/wp\/v2\/types\/product"}],"wp:featuredmedia":[{"embeddable":true,"href":"https:\/\/cierreshogar.com\/pt-pt\/wp-json\/wp\/v2\/media\/7663"}],"wp:attachment":[{"href":"https:\/\/cierreshogar.com\/pt-pt\/wp-json\/wp\/v2\/media?parent=3957"}],"wp:term":[{"taxonomy":"product_brand","embeddable":true,"href":"https:\/\/cierreshogar.com\/pt-pt\/wp-json\/wp\/v2\/product_brand?post=3957"},{"taxonomy":"product_cat","embeddable":true,"href":"https:\/\/cierreshogar.com\/pt-pt\/wp-json\/wp\/v2\/product_cat?post=3957"},{"taxonomy":"product_tag","embeddable":true,"href":"https:\/\/cierreshogar.com\/pt-pt\/wp-json\/wp\/v2\/product_tag?post=3957"}],"curies":[{"name":"wp","href":"https:\/\/api.w.org\/{rel}","templated":true}]}}