{"id":3965,"date":"2020-11-20T01:32:33","date_gmt":"2020-11-19T23:32:33","guid":{"rendered":"https:\/\/cierreshogar.com\/cerramientos\/estampagens-de-estilo-castelhano-paineis\/"},"modified":"2021-07-01T11:52:49","modified_gmt":"2021-07-01T09:52:49","slug":"estampagens-de-estilo-castelhano-paineis","status":"publish","type":"product","link":"https:\/\/cierreshogar.com\/pt-pt\/cerramientos\/estampagens-de-estilo-castelhano-paineis\/","title":{"rendered":"Estampagens de Estilo Castelhano e Pain\u00e9is"},"content":{"rendered":"<p>As <strong>estampagens de estilo castelhano e os pain\u00e9is<\/strong> s\u00e3o utilizados para o <strong>fabrico de portas e port\u00f5es<\/strong>.<\/p>\n<p><strong>Fabricadas em a\u00e7o (galvanizado ou laminado a frio) e em alum\u00ednio.<\/strong> Tamb\u00e9m est\u00e3o dispon\u00edveis em blocos de diferentes tamanhos para minimizarem juntas.<\/p>\n","protected":false},"excerpt":{"rendered":"\n<table id=\"tablepress-29\" class=\"tablepress tablepress-id-29\">\n<thead>\n<tr class=\"row-1\">\n\t<th class=\"column-1\">Material<\/th><th class=\"column-2\">Espesor (mm)<\/th><th class=\"column-3\">Acabado<\/th>\n<\/tr>\n<\/thead>\n<tbody class=\"row-striping row-hover\">\n<tr class=\"row-2\">\n\t<td class=\"column-1\">Acero<\/td><td class=\"column-2\">0,8<\/td><td class=\"column-3\">Galvanizado<br \/>\nLaminado en fr\u00edo<\/td>\n<\/tr>\n<tr class=\"row-3\">\n\t<td class=\"column-1\">Aluminio<\/td><td class=\"column-2\">1,5<\/td><td class=\"column-3\">Crudo<\/td>\n<\/tr>\n<\/tbody>\n<\/table>\n<!-- #tablepress-29 from cache -->\n","protected":false},"featured_media":3966,"template":"","meta":{"_et_pb_use_builder":"off","_et_pb_old_content":"Chapa de cobertura reduzida para o fabrico de portas, cerramentos e revestimentos exteriores e interiores.","_et_gb_content_width":""},"product_brand":[],"product_cat":[84],"product_tag":[],"class_list":{"0":"post-3965","1":"product","2":"type-product","3":"status-publish","4":"has-post-thumbnail","6":"product_cat-portas-e-guias","8":"first","9":"instock","10":"shipping-taxable","11":"product-type-simple"},"_links":{"self":[{"href":"https:\/\/cierreshogar.com\/pt-pt\/wp-json\/wp\/v2\/product\/3965","targetHints":{"allow":["GET"]}}],"collection":[{"href":"https:\/\/cierreshogar.com\/pt-pt\/wp-json\/wp\/v2\/product"}],"about":[{"href":"https:\/\/cierreshogar.com\/pt-pt\/wp-json\/wp\/v2\/types\/product"}],"wp:featuredmedia":[{"embeddable":true,"href":"https:\/\/cierreshogar.com\/pt-pt\/wp-json\/wp\/v2\/media\/3966"}],"wp:attachment":[{"href":"https:\/\/cierreshogar.com\/pt-pt\/wp-json\/wp\/v2\/media?parent=3965"}],"wp:term":[{"taxonomy":"product_brand","embeddable":true,"href":"https:\/\/cierreshogar.com\/pt-pt\/wp-json\/wp\/v2\/product_brand?post=3965"},{"taxonomy":"product_cat","embeddable":true,"href":"https:\/\/cierreshogar.com\/pt-pt\/wp-json\/wp\/v2\/product_cat?post=3965"},{"taxonomy":"product_tag","embeddable":true,"href":"https:\/\/cierreshogar.com\/pt-pt\/wp-json\/wp\/v2\/product_tag?post=3965"}],"curies":[{"name":"wp","href":"https:\/\/api.w.org\/{rel}","templated":true}]}}