{"id":3983,"date":"2020-11-27T03:34:16","date_gmt":"2020-11-27T01:34:16","guid":{"rendered":"https:\/\/cierreshogar.com\/cerramientos\/gelosias-z-com-curvatura\/"},"modified":"2021-07-01T11:48:06","modified_gmt":"2021-07-01T09:48:06","slug":"gelosias-z-com-curvatura","status":"publish","type":"product","link":"https:\/\/cierreshogar.com\/pt-pt\/cerramientos\/gelosias-z-com-curvatura\/","title":{"rendered":"Gelosias Z com Curvatura"},"content":{"rendered":"<p>As <strong>l\u00e2minas<\/strong> <strong>met\u00e1licas<\/strong> <strong>Z<\/strong> s\u00e3o utilizadas para o fabrico de gelosias, grelhas de ventila\u00e7\u00e3o, cercas, revestimentos, p\u00e9rgulas, estendais de roupa, sagu\u00f5es e muitos outros cerramentos ventilados. A for\u00e7a das l\u00e2minas de a\u00e7o permite a instala\u00e7\u00e3o de cerramentos e gelosias resistentes e seguros, mantendo simultaneamente um alto coeficiente de ventila\u00e7\u00e3o.<\/p>\n<p>A <strong>l\u00e2mina<\/strong> <strong>Z<\/strong> <strong>com<\/strong> <strong>curvatura<\/strong> disp\u00f5e das extremidades curvadas para suavizar as bordas das l\u00e2minas.<\/p>\n<p><strong>S\u00e3o fabricadas <\/strong><strong>em<\/strong> <strong>a\u00e7o<\/strong> <strong>galvanizado<\/strong> <strong>e<\/strong> <strong>laminado a frio<\/strong> <strong>de<\/strong> <strong>1<\/strong> <strong>e<\/strong> <strong>1<\/strong><strong>,<\/strong><strong>5<\/strong><strong> mm <\/strong><strong>de<\/strong> <strong>espessura<\/strong><strong>.<\/strong><\/p>\n","protected":false},"excerpt":{"rendered":"\n<table id=\"tablepress-23\" class=\"tablepress tablepress-id-23\">\n<thead>\n<tr class=\"row-1\">\n\t<th class=\"column-1\">AxBxC - e (mm)<\/th><th class=\"column-2\">Peso (Kg\/m)<\/th><th class=\"column-3\">Acabado<\/th>\n<\/tr>\n<\/thead>\n<tbody class=\"row-striping row-hover\">\n<tr class=\"row-2\">\n\t<td class=\"column-1\">15x45x15x10 - 1<\/td><td class=\"column-2\">0,864<\/td><td class=\"column-3\">Acero Galvanizado y Decapado<\/td>\n<\/tr>\n<tr class=\"row-3\">\n\t<td class=\"column-1\">15x45x15x10 - 1,5<\/td><td class=\"column-2\">1,295<\/td><td class=\"column-3\">Acero Galvanizado y Decapado<\/td>\n<\/tr>\n<\/tbody>\n<\/table>\n<!-- #tablepress-23 from cache -->\n","protected":false},"featured_media":3984,"template":"","meta":{"_et_pb_use_builder":"off","_et_pb_old_content":"","_et_gb_content_width":""},"product_brand":[],"product_cat":[85],"product_tag":[],"class_list":{"0":"post-3983","1":"product","2":"type-product","3":"status-publish","4":"has-post-thumbnail","6":"product_cat-laminas-metalicas","8":"first","9":"instock","10":"shipping-taxable","11":"product-type-simple"},"_links":{"self":[{"href":"https:\/\/cierreshogar.com\/pt-pt\/wp-json\/wp\/v2\/product\/3983","targetHints":{"allow":["GET"]}}],"collection":[{"href":"https:\/\/cierreshogar.com\/pt-pt\/wp-json\/wp\/v2\/product"}],"about":[{"href":"https:\/\/cierreshogar.com\/pt-pt\/wp-json\/wp\/v2\/types\/product"}],"wp:featuredmedia":[{"embeddable":true,"href":"https:\/\/cierreshogar.com\/pt-pt\/wp-json\/wp\/v2\/media\/3984"}],"wp:attachment":[{"href":"https:\/\/cierreshogar.com\/pt-pt\/wp-json\/wp\/v2\/media?parent=3983"}],"wp:term":[{"taxonomy":"product_brand","embeddable":true,"href":"https:\/\/cierreshogar.com\/pt-pt\/wp-json\/wp\/v2\/product_brand?post=3983"},{"taxonomy":"product_cat","embeddable":true,"href":"https:\/\/cierreshogar.com\/pt-pt\/wp-json\/wp\/v2\/product_cat?post=3983"},{"taxonomy":"product_tag","embeddable":true,"href":"https:\/\/cierreshogar.com\/pt-pt\/wp-json\/wp\/v2\/product_tag?post=3983"}],"curies":[{"name":"wp","href":"https:\/\/api.w.org\/{rel}","templated":true}]}}