{"id":3986,"date":"2020-11-27T02:33:17","date_gmt":"2020-11-27T00:33:17","guid":{"rendered":"https:\/\/cierreshogar.com\/cerramientos\/gelosias-z-5\/"},"modified":"2021-07-01T11:49:56","modified_gmt":"2021-07-01T09:49:56","slug":"gelosias-z-5","status":"publish","type":"product","link":"https:\/\/cierreshogar.com\/pt-pt\/cerramientos\/gelosias-z-5\/","title":{"rendered":"Gelosias Z-5"},"content":{"rendered":"<p>As <strong>l\u00e2minas<\/strong> <strong>met\u00e1licas<\/strong> <strong>Z<\/strong> s\u00e3o utilizadas para o fabrico de gelosias, grelhas de ventila\u00e7\u00e3o, cercas, revestimentos, p\u00e9rgulas, estendais de roupa, sagu\u00f5es e muitos outros cerramentos ventilados. A for\u00e7a das l\u00e2minas de a\u00e7o permite a instala\u00e7\u00e3o de cerramentos e gelosias resistentes e seguros, mantendo simultaneamente um alto coeficiente de ventila\u00e7\u00e3o.<\/p>\n<p>As l\u00e2minas Z-5 t\u00eam <strong>tr\u00eas<\/strong> <strong>planos<\/strong> <strong>lisos<\/strong> <strong>em<\/strong> <strong>forma<\/strong> <strong>de<\/strong> <strong>Z<\/strong>, al\u00e9m de um rebordo em cada extremidade, que aumenta a sua resist\u00eancia.<\/p>\n<p><strong>As<\/strong> <strong>l\u00e2minas<\/strong> <strong>met\u00e1licas<\/strong> <strong>Z<\/strong><strong>&#8211;<\/strong><strong>5<\/strong> <strong>s\u00e3o fabricadas<\/strong> <strong>em<\/strong> <strong>quatro<\/strong> <strong>tamanhos<\/strong><strong>,<\/strong> <strong>em<\/strong> <strong>a\u00e7o<\/strong> <strong>galvanizado<\/strong> <strong>e<\/strong> <strong>decapado<\/strong> <strong>de<\/strong> <strong>1<\/strong><strong>,<\/strong><strong>5<\/strong> <strong>e<\/strong> <strong>2<\/strong><strong>mm <\/strong><strong>de<\/strong> <strong>espessura<\/strong><strong>.<\/strong><\/p>\n","protected":false},"excerpt":{"rendered":"\n<table id=\"tablepress-22\" class=\"tablepress tablepress-id-22\">\n<thead>\n<tr class=\"row-1\">\n\t<th class=\"column-1\">AxBxC - e (mm)<\/th><th class=\"column-2\">H (mm)<\/th><th class=\"column-3\">Peso (Kg\/m)<\/th><th class=\"column-4\">Acabado<\/th>\n<\/tr>\n<\/thead>\n<tbody class=\"row-striping row-hover\">\n<tr class=\"row-2\">\n\t<td class=\"column-1\">3x11x45x11x3 - 1,5<\/td><td class=\"column-2\">64<\/td><td class=\"column-3\">0,895<\/td><td class=\"column-4\">Acero Galvanizado y Decapado<\/td>\n<\/tr>\n<tr class=\"row-3\">\n\t<td class=\"column-1\">11x24x63x24x11 - 2<\/td><td class=\"column-2\">106<\/td><td class=\"column-3\">2,000<\/td><td class=\"column-4\">Acero Galvanizado y Decapado<\/td>\n<\/tr>\n<tr class=\"row-4\">\n\t<td class=\"column-1\">11x24x77x24x11 - 2<\/td><td class=\"column-2\">120<\/td><td class=\"column-3\">2,245<\/td><td class=\"column-4\">Acero Galvanizado y Decapado<\/td>\n<\/tr>\n<tr class=\"row-5\">\n\t<td class=\"column-1\">11x24x98x24x11 - 2<\/td><td class=\"column-2\">140<\/td><td class=\"column-3\">2,575<\/td><td class=\"column-4\">Acero Galvanizado y Decapado<\/td>\n<\/tr>\n<\/tbody>\n<\/table>\n<!-- #tablepress-22 from cache -->\n","protected":false},"featured_media":3987,"template":"","meta":{"_et_pb_use_builder":"off","_et_pb_old_content":"Chapa de cobertura reduzida para o fabrico de portas, cerramentos e revestimentos exteriores e interiores.","_et_gb_content_width":""},"product_brand":[],"product_cat":[85],"product_tag":[],"class_list":{"0":"post-3986","1":"product","2":"type-product","3":"status-publish","4":"has-post-thumbnail","6":"product_cat-laminas-metalicas","8":"first","9":"instock","10":"shipping-taxable","11":"product-type-simple"},"_links":{"self":[{"href":"https:\/\/cierreshogar.com\/pt-pt\/wp-json\/wp\/v2\/product\/3986","targetHints":{"allow":["GET"]}}],"collection":[{"href":"https:\/\/cierreshogar.com\/pt-pt\/wp-json\/wp\/v2\/product"}],"about":[{"href":"https:\/\/cierreshogar.com\/pt-pt\/wp-json\/wp\/v2\/types\/product"}],"wp:featuredmedia":[{"embeddable":true,"href":"https:\/\/cierreshogar.com\/pt-pt\/wp-json\/wp\/v2\/media\/3987"}],"wp:attachment":[{"href":"https:\/\/cierreshogar.com\/pt-pt\/wp-json\/wp\/v2\/media?parent=3986"}],"wp:term":[{"taxonomy":"product_brand","embeddable":true,"href":"https:\/\/cierreshogar.com\/pt-pt\/wp-json\/wp\/v2\/product_brand?post=3986"},{"taxonomy":"product_cat","embeddable":true,"href":"https:\/\/cierreshogar.com\/pt-pt\/wp-json\/wp\/v2\/product_cat?post=3986"},{"taxonomy":"product_tag","embeddable":true,"href":"https:\/\/cierreshogar.com\/pt-pt\/wp-json\/wp\/v2\/product_tag?post=3986"}],"curies":[{"name":"wp","href":"https:\/\/api.w.org\/{rel}","templated":true}]}}