{"id":3989,"date":"2020-11-27T01:30:34","date_gmt":"2020-11-26T23:30:34","guid":{"rendered":"https:\/\/cierreshogar.com\/cerramientos\/gelosias-z-3\/"},"modified":"2021-07-01T11:51:15","modified_gmt":"2021-07-01T09:51:15","slug":"gelosias-z-3","status":"publish","type":"product","link":"https:\/\/cierreshogar.com\/pt-pt\/cerramientos\/gelosias-z-3\/","title":{"rendered":"Gelosias Z-3"},"content":{"rendered":"<p>As <strong>l\u00e2minas<\/strong> <strong>met\u00e1licas<\/strong> <strong>Z<\/strong> s\u00e3o utilizadas para o fabrico de gelosias, grelhas de ventila\u00e7\u00e3o, cercas, revestimentos, p\u00e9rgulas, estendais de roupa, sagu\u00f5es e muitos outros cerramentos ventilados. A for\u00e7a das l\u00e2minas de a\u00e7o permite a instala\u00e7\u00e3o de cerramentos e gelosias resistentes e seguros, mantendo simultaneamente um alto coeficiente de ventila\u00e7\u00e3o.<\/p>\n<p>As l\u00e2minas Z-3 t\u00eam tr\u00eas planos lisos em forma de Z e <strong>s\u00e3o<\/strong> <strong>fabricadas<\/strong> <strong>em<\/strong> <strong>tr\u00eas<\/strong> <strong>tamanhos<\/strong><strong>,<\/strong> <strong>em<\/strong> <strong>a\u00e7o<\/strong> <strong>galvanizado<\/strong> <strong>e<\/strong> <strong>decapado<\/strong> <strong>de<\/strong> <strong>1<\/strong><strong>,<\/strong><strong>5<\/strong> <strong>e<\/strong> <strong>2<\/strong><strong>mm <\/strong><strong>de<\/strong> <strong>espessura<\/strong><strong>.<\/strong><\/p>\n","protected":false},"excerpt":{"rendered":"\n<table id=\"tablepress-21\" class=\"tablepress tablepress-id-21\">\n<thead>\n<tr class=\"row-1\">\n\t<th class=\"column-1\">AxBxC - e (mm)<\/th><th class=\"column-2\">H (mm)<\/th><th class=\"column-3\">Peso (Kg\/m)<\/th><th class=\"column-4\">Acabado<\/th>\n<\/tr>\n<\/thead>\n<tbody class=\"row-striping row-hover\">\n<tr class=\"row-2\">\n\t<td class=\"column-1\">15x45x15 - 1,5<\/td><td class=\"column-2\">71<\/td><td class=\"column-3\">0,895<\/td><td class=\"column-4\">Acero Galvanizado, Decapado e Inoxidable<\/td>\n<\/tr>\n<tr class=\"row-3\">\n\t<td class=\"column-1\">15x45x15 - 2<\/td><td class=\"column-2\">71<\/td><td class=\"column-3\">1,193<\/td><td class=\"column-4\">Acero Decapado<\/td>\n<\/tr>\n<tr class=\"row-4\">\n\t<td class=\"column-1\">15x30x15 - 1,5<\/td><td class=\"column-2\">57<\/td><td class=\"column-3\">0,710<\/td><td class=\"column-4\">Acero Galvanizado y Decapado<\/td>\n<\/tr>\n<tr class=\"row-5\">\n\t<td class=\"column-1\">17x31x17 - 1,5<\/td><td class=\"column-2\">57<\/td><td class=\"column-3\">0,760<\/td><td class=\"column-4\">Acero Decapado<\/td>\n<\/tr>\n<tr class=\"row-6\">\n\t<td class=\"column-1\">20x53x20 - 1,5<\/td><td class=\"column-2\">83<\/td><td class=\"column-3\">1,100<\/td><td class=\"column-4\">Acero Galvanizado y Decapado<\/td>\n<\/tr>\n<\/tbody>\n<\/table>\n<!-- #tablepress-21 from cache -->\n","protected":false},"featured_media":3990,"template":"","meta":{"_et_pb_use_builder":"off","_et_pb_old_content":"Chapa de cobertura reduzida para o fabrico de portas, cerramentos e revestimentos exteriores e interiores.","_et_gb_content_width":""},"product_brand":[],"product_cat":[85],"product_tag":[],"class_list":{"0":"post-3989","1":"product","2":"type-product","3":"status-publish","4":"has-post-thumbnail","6":"product_cat-laminas-metalicas","8":"first","9":"instock","10":"shipping-taxable","11":"product-type-simple"},"_links":{"self":[{"href":"https:\/\/cierreshogar.com\/pt-pt\/wp-json\/wp\/v2\/product\/3989","targetHints":{"allow":["GET"]}}],"collection":[{"href":"https:\/\/cierreshogar.com\/pt-pt\/wp-json\/wp\/v2\/product"}],"about":[{"href":"https:\/\/cierreshogar.com\/pt-pt\/wp-json\/wp\/v2\/types\/product"}],"wp:featuredmedia":[{"embeddable":true,"href":"https:\/\/cierreshogar.com\/pt-pt\/wp-json\/wp\/v2\/media\/3990"}],"wp:attachment":[{"href":"https:\/\/cierreshogar.com\/pt-pt\/wp-json\/wp\/v2\/media?parent=3989"}],"wp:term":[{"taxonomy":"product_brand","embeddable":true,"href":"https:\/\/cierreshogar.com\/pt-pt\/wp-json\/wp\/v2\/product_brand?post=3989"},{"taxonomy":"product_cat","embeddable":true,"href":"https:\/\/cierreshogar.com\/pt-pt\/wp-json\/wp\/v2\/product_cat?post=3989"},{"taxonomy":"product_tag","embeddable":true,"href":"https:\/\/cierreshogar.com\/pt-pt\/wp-json\/wp\/v2\/product_tag?post=3989"}],"curies":[{"name":"wp","href":"https:\/\/api.w.org\/{rel}","templated":true}]}}